{"id":5100,"date":"2022-06-24T16:12:00","date_gmt":"2022-06-24T03:27:00","guid":{"rendered":"https:\/\/tolio2.sitebycat.com\/?post_type=product&#038;p=5100"},"modified":"2026-03-24T13:26:58","modified_gmt":"2026-03-24T01:26:58","slug":"set5-xot-lau-rieu-cua-barona-goi-200g","status":"publish","type":"product","link":"https:\/\/tolio.co.nz\/en\/product\/set-of-5-baronas-refried-sauce-200g\/","title":{"rendered":"[Buy 4 get 1 free] Set of Barona crab hot pot sauce 5 x 200g"},"content":{"rendered":"<p><strong>Barona Crab Hot Pot Sauce 200g\u00a0<\/strong>\u00a0It is used to prepare Crab Hot Pot dish without adding other seasonings. Very delicious and convenient to make homemade breakfast or house party.<\/p>\n<ul>\n<li>Crab hotpot is a cool, extremely delicious, non-boring hot pot dish, suitable for all weather climates, especially during the summer time because field crabs have soldering properties that help cool down very well. Crab hotpot combines many different ingredients to create a very unique and distinctive flavor. The perfect combination is the sweet and juicy hot pot, full of crispy cartilage ribs, tender beef, golden fried tofu and filled with attractive green vegetables and crab... all blended in a rich broth. Sweet, delicious, and extremely suitable for the whole family during the weekend.<\/li>\n<li>In order to cook delicious crab hotpot, soft crab cakes, and clear hot pot broth, it requires a rather complicated and laborious preparation process. Instead of before you had to pound the crabs, filter the bricks and drain the juice, now there is Barona Complete Hot Pot Broth - Fresh and natural Crab Hot Pot with 80% of real crab and bone broth mixed with special spices. It creates the flavor of the restaurant-standard Crab Hot Pot without the need to add any other seasonings.<\/li>\n<\/ul>\n<p><strong>How to Use:<\/strong><\/p>\n<ul>\n<li>\u00a0Season with crab hotpot broth<\/li>\n<\/ul>\n<p><strong>Preserve:<\/strong><\/p>\n<ul>\n<li>Store in a cool, dry place, away from sunlight<\/li>\n<\/ul>\n<p>&nbsp;<\/p>\n<p>&nbsp;<\/p>\n<p>&nbsp;<\/p>\n<p>&nbsp;<\/p>","protected":false},"excerpt":{"rendered":"<ul>\n<li>Brand: Barona<\/li>\n<li>Brand Country: Viet nam<\/li>\n<li>Packing: 200g pack, 10 packs\/box, 4 boxes\/carton<\/li>\n<li>Note: Product packaging may change from batch to batch<\/li>\n<\/ul>","protected":false},"featured_media":21058,"comment_status":"open","ping_status":"closed","template":"","meta":[],"product_brand":[],"product_cat":[33,481,31],"product_tag":[252,250,251],"class_list":{"0":"post-5100","1":"product","2":"type-product","3":"status-publish","4":"has-post-thumbnail","6":"product_cat-gia-vi","7":"product_cat-gia-vi-hoan-chinh","8":"product_cat-hang-moi-ve","9":"product_tag-xot-barona","10":"product_tag-xot-lau","11":"product_tag-xot-lau-rieu-cua","12":"pa_thuong-hieu-barona","14":"first","15":"instock","16":"sale","17":"shipping-taxable","18":"purchasable","19":"product-type-simple"},"yoast_head":"<!-- This site is optimized with the Yoast SEO plugin v24.4 - https:\/\/yoast.com\/wordpress\/plugins\/seo\/ -->\n<title>[Mua 4 t\u1eb7ng 1] Set 5 g\u00f3i x\u1ed1t l\u1ea9u ri\u00eau cua Barona 200g - TOLIO<\/title>\n<meta name=\"description\" content=\"Th\u01b0\u01a1ng hi\u1ec7u: Barona  Xu\u1ea5t x\u1ee9 th\u01b0\u01a1ng hi\u1ec7u: Vi\u1ec7t Nam  Quy c\u00e1ch \u0111\u00f3ng g\u00f3i: g\u00f3i 200g, 10 g\u00f3i\/h\u1ed9p, 4 h\u1ed9p\/th\u00f9ng  L\u01b0u \u00fd: Bao b\u00ec s\u1ea3n ph\u1ea9m c\u00f3 th\u1ec3 thay \u0111\u1ed5i theo t\u1eebng \u0111\u1ee3t nh\u1eadp h\u00e0ng\" \/>\n<meta name=\"robots\" content=\"index, follow, max-snippet:-1, max-image-preview:large, max-video-preview:-1\" \/>\n<link rel=\"canonical\" href=\"https:\/\/tolio.co.nz\/en\/product\/set-of-5-baronas-refried-sauce-200g\/\" \/>\n<meta property=\"og:locale\" content=\"en_US\" \/>\n<meta property=\"og:type\" content=\"article\" \/>\n<meta property=\"og:title\" content=\"[Mua 4 t\u1eb7ng 1] Set 5 g\u00f3i x\u1ed1t l\u1ea9u ri\u00eau cua Barona 200g - TOLIO\" \/>\n<meta property=\"og:description\" content=\"Th\u01b0\u01a1ng hi\u1ec7u: Barona  Xu\u1ea5t x\u1ee9 th\u01b0\u01a1ng hi\u1ec7u: Vi\u1ec7t Nam  Quy c\u00e1ch \u0111\u00f3ng g\u00f3i: g\u00f3i 200g, 10 g\u00f3i\/h\u1ed9p, 4 h\u1ed9p\/th\u00f9ng  L\u01b0u \u00fd: Bao b\u00ec s\u1ea3n ph\u1ea9m c\u00f3 th\u1ec3 thay \u0111\u1ed5i theo t\u1eebng \u0111\u1ee3t nh\u1eadp h\u00e0ng\" \/>\n<meta property=\"og:url\" content=\"https:\/\/tolio.co.nz\/en\/product\/set-of-5-baronas-refried-sauce-200g\/\" \/>\n<meta property=\"og:site_name\" content=\"TOLIO\" \/>\n<meta property=\"article:modified_time\" content=\"2026-03-24T01:26:58+00:00\" \/>\n<meta property=\"og:image\" content=\"https:\/\/tolio.co.nz\/wp-content\/uploads\/2022\/06\/113.png\" \/>\n\t<meta property=\"og:image:width\" content=\"1000\" \/>\n\t<meta property=\"og:image:height\" content=\"907\" \/>\n\t<meta property=\"og:image:type\" content=\"image\/png\" \/>\n<meta name=\"twitter:card\" content=\"summary_large_image\" \/>\n<meta name=\"twitter:label1\" content=\"Est. reading time\" \/>\n\t<meta name=\"twitter:data1\" content=\"2 minutes\" \/>\n<script type=\"application\/ld+json\" class=\"yoast-schema-graph\">{\"@context\":\"https:\/\/schema.org\",\"@graph\":[{\"@type\":\"WebPage\",\"@id\":\"https:\/\/tolio.co.nz\/san-pham\/set5-xot-lau-rieu-cua-barona-goi-200g\/\",\"url\":\"https:\/\/tolio.co.nz\/san-pham\/set5-xot-lau-rieu-cua-barona-goi-200g\/\",\"name\":\"[Mua 4 t\u1eb7ng 1] Set 5 g\u00f3i x\u1ed1t l\u1ea9u ri\u00eau cua Barona 200g - TOLIO\",\"isPartOf\":{\"@id\":\"https:\/\/tolio.co.nz\/#website\"},\"primaryImageOfPage\":{\"@id\":\"https:\/\/tolio.co.nz\/san-pham\/set5-xot-lau-rieu-cua-barona-goi-200g\/#primaryimage\"},\"image\":{\"@id\":\"https:\/\/tolio.co.nz\/san-pham\/set5-xot-lau-rieu-cua-barona-goi-200g\/#primaryimage\"},\"thumbnailUrl\":\"https:\/\/tolio.co.nz\/wp-content\/uploads\/2022\/06\/113.png\",\"datePublished\":\"2022-06-24T03:27:00+00:00\",\"dateModified\":\"2026-03-24T01:26:58+00:00\",\"description\":\"Th\u01b0\u01a1ng hi\u1ec7u: Barona Xu\u1ea5t x\u1ee9 th\u01b0\u01a1ng hi\u1ec7u: Vi\u1ec7t Nam Quy c\u00e1ch \u0111\u00f3ng g\u00f3i: g\u00f3i 200g, 10 g\u00f3i\/h\u1ed9p, 4 h\u1ed9p\/th\u00f9ng L\u01b0u \u00fd: Bao b\u00ec s\u1ea3n ph\u1ea9m c\u00f3 th\u1ec3 thay \u0111\u1ed5i theo t\u1eebng \u0111\u1ee3t nh\u1eadp h\u00e0ng\",\"breadcrumb\":{\"@id\":\"https:\/\/tolio.co.nz\/san-pham\/set5-xot-lau-rieu-cua-barona-goi-200g\/#breadcrumb\"},\"inLanguage\":\"en-US\",\"potentialAction\":[{\"@type\":\"ReadAction\",\"target\":[\"https:\/\/tolio.co.nz\/san-pham\/set5-xot-lau-rieu-cua-barona-goi-200g\/\"]}]},{\"@type\":\"ImageObject\",\"inLanguage\":\"en-US\",\"@id\":\"https:\/\/tolio.co.nz\/san-pham\/set5-xot-lau-rieu-cua-barona-goi-200g\/#primaryimage\",\"url\":\"https:\/\/tolio.co.nz\/wp-content\/uploads\/2022\/06\/113.png\",\"contentUrl\":\"https:\/\/tolio.co.nz\/wp-content\/uploads\/2022\/06\/113.png\",\"width\":1000,\"height\":907},{\"@type\":\"BreadcrumbList\",\"@id\":\"https:\/\/tolio.co.nz\/san-pham\/set5-xot-lau-rieu-cua-barona-goi-200g\/#breadcrumb\",\"itemListElement\":[{\"@type\":\"ListItem\",\"position\":1,\"name\":\"Home\",\"item\":\"https:\/\/tolio.co.nz\/\"},{\"@type\":\"ListItem\",\"position\":2,\"name\":\"C\u1eeda h\u00e0ng\",\"item\":\"https:\/\/tolio.co.nz\/cua-hang\/\"},{\"@type\":\"ListItem\",\"position\":3,\"name\":\"[Mua 4 t\u1eb7ng 1] Set 5 g\u00f3i x\u1ed1t l\u1ea9u ri\u00eau cua Barona 200g\"}]},{\"@type\":\"WebSite\",\"@id\":\"https:\/\/tolio.co.nz\/#website\",\"url\":\"https:\/\/tolio.co.nz\/\",\"name\":\"TOLIO\",\"description\":\"Vietnamese Grocery Online\",\"potentialAction\":[{\"@type\":\"SearchAction\",\"target\":{\"@type\":\"EntryPoint\",\"urlTemplate\":\"https:\/\/tolio.co.nz\/?s={search_term_string}\"},\"query-input\":{\"@type\":\"PropertyValueSpecification\",\"valueRequired\":true,\"valueName\":\"search_term_string\"}}],\"inLanguage\":\"en-US\"}]}<\/script>\n<!-- \/ Yoast SEO plugin. -->","yoast_head_json":{"title":"[Mua 4 t\u1eb7ng 1] Set 5 g\u00f3i x\u1ed1t l\u1ea9u ri\u00eau cua Barona 200g - TOLIO","description":"Th\u01b0\u01a1ng hi\u1ec7u: Barona  Xu\u1ea5t x\u1ee9 th\u01b0\u01a1ng hi\u1ec7u: Vi\u1ec7t Nam  Quy c\u00e1ch \u0111\u00f3ng g\u00f3i: g\u00f3i 200g, 10 g\u00f3i\/h\u1ed9p, 4 h\u1ed9p\/th\u00f9ng  L\u01b0u \u00fd: Bao b\u00ec s\u1ea3n ph\u1ea9m c\u00f3 th\u1ec3 thay \u0111\u1ed5i theo t\u1eebng \u0111\u1ee3t nh\u1eadp h\u00e0ng","robots":{"index":"index","follow":"follow","max-snippet":"max-snippet:-1","max-image-preview":"max-image-preview:large","max-video-preview":"max-video-preview:-1"},"canonical":"https:\/\/tolio.co.nz\/en\/product\/set-of-5-baronas-refried-sauce-200g\/","og_locale":"en_US","og_type":"article","og_title":"[Mua 4 t\u1eb7ng 1] Set 5 g\u00f3i x\u1ed1t l\u1ea9u ri\u00eau cua Barona 200g - TOLIO","og_description":"Th\u01b0\u01a1ng hi\u1ec7u: Barona  Xu\u1ea5t x\u1ee9 th\u01b0\u01a1ng hi\u1ec7u: Vi\u1ec7t Nam  Quy c\u00e1ch \u0111\u00f3ng g\u00f3i: g\u00f3i 200g, 10 g\u00f3i\/h\u1ed9p, 4 h\u1ed9p\/th\u00f9ng  L\u01b0u \u00fd: Bao b\u00ec s\u1ea3n ph\u1ea9m c\u00f3 th\u1ec3 thay \u0111\u1ed5i theo t\u1eebng \u0111\u1ee3t nh\u1eadp h\u00e0ng","og_url":"https:\/\/tolio.co.nz\/en\/product\/set-of-5-baronas-refried-sauce-200g\/","og_site_name":"TOLIO","article_modified_time":"2026-03-24T01:26:58+00:00","og_image":[{"width":1000,"height":907,"url":"https:\/\/tolio.co.nz\/wp-content\/uploads\/2022\/06\/113.png","type":"image\/png"}],"twitter_card":"summary_large_image","twitter_misc":{"Est. reading time":"2 minutes"},"schema":{"@context":"https:\/\/schema.org","@graph":[{"@type":"WebPage","@id":"https:\/\/tolio.co.nz\/san-pham\/set5-xot-lau-rieu-cua-barona-goi-200g\/","url":"https:\/\/tolio.co.nz\/san-pham\/set5-xot-lau-rieu-cua-barona-goi-200g\/","name":"[Mua 4 t\u1eb7ng 1] Set 5 g\u00f3i x\u1ed1t l\u1ea9u ri\u00eau cua Barona 200g - TOLIO","isPartOf":{"@id":"https:\/\/tolio.co.nz\/#website"},"primaryImageOfPage":{"@id":"https:\/\/tolio.co.nz\/san-pham\/set5-xot-lau-rieu-cua-barona-goi-200g\/#primaryimage"},"image":{"@id":"https:\/\/tolio.co.nz\/san-pham\/set5-xot-lau-rieu-cua-barona-goi-200g\/#primaryimage"},"thumbnailUrl":"https:\/\/tolio.co.nz\/wp-content\/uploads\/2022\/06\/113.png","datePublished":"2022-06-24T03:27:00+00:00","dateModified":"2026-03-24T01:26:58+00:00","description":"Th\u01b0\u01a1ng hi\u1ec7u: Barona Xu\u1ea5t x\u1ee9 th\u01b0\u01a1ng hi\u1ec7u: Vi\u1ec7t Nam Quy c\u00e1ch \u0111\u00f3ng g\u00f3i: g\u00f3i 200g, 10 g\u00f3i\/h\u1ed9p, 4 h\u1ed9p\/th\u00f9ng L\u01b0u \u00fd: Bao b\u00ec s\u1ea3n ph\u1ea9m c\u00f3 th\u1ec3 thay \u0111\u1ed5i theo t\u1eebng \u0111\u1ee3t nh\u1eadp h\u00e0ng","breadcrumb":{"@id":"https:\/\/tolio.co.nz\/san-pham\/set5-xot-lau-rieu-cua-barona-goi-200g\/#breadcrumb"},"inLanguage":"en-US","potentialAction":[{"@type":"ReadAction","target":["https:\/\/tolio.co.nz\/san-pham\/set5-xot-lau-rieu-cua-barona-goi-200g\/"]}]},{"@type":"ImageObject","inLanguage":"en-US","@id":"https:\/\/tolio.co.nz\/san-pham\/set5-xot-lau-rieu-cua-barona-goi-200g\/#primaryimage","url":"https:\/\/tolio.co.nz\/wp-content\/uploads\/2022\/06\/113.png","contentUrl":"https:\/\/tolio.co.nz\/wp-content\/uploads\/2022\/06\/113.png","width":1000,"height":907},{"@type":"BreadcrumbList","@id":"https:\/\/tolio.co.nz\/san-pham\/set5-xot-lau-rieu-cua-barona-goi-200g\/#breadcrumb","itemListElement":[{"@type":"ListItem","position":1,"name":"Home","item":"https:\/\/tolio.co.nz\/"},{"@type":"ListItem","position":2,"name":"C\u1eeda h\u00e0ng","item":"https:\/\/tolio.co.nz\/cua-hang\/"},{"@type":"ListItem","position":3,"name":"[Mua 4 t\u1eb7ng 1] Set 5 g\u00f3i x\u1ed1t l\u1ea9u ri\u00eau cua Barona 200g"}]},{"@type":"WebSite","@id":"https:\/\/tolio.co.nz\/#website","url":"https:\/\/tolio.co.nz\/","name":"TOLIO","description":"Vietnamese Grocery Online","potentialAction":[{"@type":"SearchAction","target":{"@type":"EntryPoint","urlTemplate":"https:\/\/tolio.co.nz\/?s={search_term_string}"},"query-input":{"@type":"PropertyValueSpecification","valueRequired":true,"valueName":"search_term_string"}}],"inLanguage":"en-US"}]}},"_links":{"self":[{"href":"https:\/\/tolio.co.nz\/en\/wp-json\/wp\/v2\/product\/5100","targetHints":{"allow":["GET"]}}],"collection":[{"href":"https:\/\/tolio.co.nz\/en\/wp-json\/wp\/v2\/product"}],"about":[{"href":"https:\/\/tolio.co.nz\/en\/wp-json\/wp\/v2\/types\/product"}],"replies":[{"embeddable":true,"href":"https:\/\/tolio.co.nz\/en\/wp-json\/wp\/v2\/comments?post=5100"}],"wp:featuredmedia":[{"embeddable":true,"href":"https:\/\/tolio.co.nz\/en\/wp-json\/wp\/v2\/media\/21058"}],"wp:attachment":[{"href":"https:\/\/tolio.co.nz\/en\/wp-json\/wp\/v2\/media?parent=5100"}],"wp:term":[{"taxonomy":"product_brand","embeddable":true,"href":"https:\/\/tolio.co.nz\/en\/wp-json\/wp\/v2\/product_brand?post=5100"},{"taxonomy":"product_cat","embeddable":true,"href":"https:\/\/tolio.co.nz\/en\/wp-json\/wp\/v2\/product_cat?post=5100"},{"taxonomy":"product_tag","embeddable":true,"href":"https:\/\/tolio.co.nz\/en\/wp-json\/wp\/v2\/product_tag?post=5100"}],"curies":[{"name":"wp","href":"https:\/\/api.w.org\/{rel}","templated":true}]}}