{"id":544,"date":"2021-12-16T14:57:00","date_gmt":"2021-12-16T02:12:00","guid":{"rendered":"https:\/\/tolio2.sitebycat.com\/?post_type=product&#038;p=544"},"modified":"2026-04-05T20:35:32","modified_gmt":"2026-04-05T08:35:32","slug":"sua-dau-nanh-fami-nguyen-chat-hop-200ml","status":"publish","type":"product","link":"https:\/\/tolio.co.nz\/en\/product\/fami-nguyen-chat-hop-hair-oil-200ml\/","title":{"rendered":"Box of 36 boxes of pure Fami soy milk, box of 200ml"},"content":{"rendered":"<p><span style=\"font-size: 12pt\"><strong>Box of 36 boxes of pure Fami soy milk, box of 200ml<\/strong> Made from 100% Selected Soybeans, Non-GMO (Non-GMO).<\/span><\/p>\n<ul class=\"has-small-font-size\">\n<li><span style=\"font-size: 12pt\">Soy milk contains a lot of protein, fiber, vitamins and minerals that are good for health. The product complements and helps to strengthen the resistance, musculoskeletal system and beautify the skin.<\/span><\/li>\n<li><span style=\"font-size: 12pt\">Fami soy milk is smooth, delicious, providing essential nutrients for your family&#039;s health and enjoyment every day.<\/span><\/li>\n<li><span style=\"font-size: 12pt\">Produced according to modern technology lines Giving you the best source of essential nutrients<\/span><\/li>\n<li><span style=\"font-size: 12pt\">Added 25% of protein to help milk have a rich, delicious soy flavor<\/span><\/li>\n<\/ul>\n<p><strong>User manual<\/strong>:<\/p>\n<ul>\n<li>Drink directly, more delicious when drinking cold.<\/li>\n<li>Shake well before using.<\/li>\n<\/ul>\n<p><strong>Preserve<\/strong>:<\/p>\n<ul>\n<li>To a dry, cool place.<\/li>\n<li>Avoid direct sunlight.<\/li>\n<\/ul>\n<p><strong>Expiry:<\/strong> 06 months from date of manufacture<\/p>\n<p>&nbsp;<\/p>\n<p>&nbsp;<\/p>\n<p>&nbsp;<\/p>\n<p>&nbsp;<\/p>\n<p>&nbsp;<\/p>","protected":false},"excerpt":{"rendered":"<ul>\n<li><span style=\"font-size: 12pt\">Brand: Fami<\/span><\/li>\n<li><span style=\"font-size: 12pt\">Brand Country: Viet nam<\/span><\/li>\n<li><span style=\"font-size: 12pt\">Packing: 200ml box; 6 boxes\/lot, 36 boxes\/carton<\/span><\/li>\n<li><span style=\"font-size: 12pt\">Note: Product packaging may change from batch to batch.<\/span><\/li>\n<\/ul>\n<p>&nbsp;<\/p>","protected":false},"featured_media":23031,"comment_status":"open","ping_status":"closed","template":"","meta":[],"product_brand":[],"product_cat":[34,37,30,31],"product_tag":[54,55,61],"class_list":{"0":"post-544","1":"product","2":"type-product","3":"status-publish","4":"has-post-thumbnail","6":"product_cat-thuc-uong","7":"product_cat-thuc-uong-dinh-duong","8":"product_cat-ban-chay-nhat","9":"product_cat-hang-moi-ve","10":"product_tag-sua-dinh-duong","11":"product_tag-sua-dau-nanh","12":"product_tag-sua-fami","13":"pa_thuong-hieu-fami","15":"first","16":"instock","17":"sale","18":"shipping-taxable","19":"purchasable","20":"product-type-simple"},"yoast_head":"<!-- This site is optimized with the Yoast SEO plugin v24.4 - https:\/\/yoast.com\/wordpress\/plugins\/seo\/ -->\n<title>Th\u00f9ng 36 h\u1ed9p s\u1eefa \u0111\u1eadu n\u00e0nh Fami nguy\u00ean ch\u1ea5t h\u1ed9p 200ml - TOLIO<\/title>\n<meta name=\"description\" content=\"Th\u01b0\u01a1ng hi\u1ec7u: Fami  Xu\u1ea5t x\u1ee9 th\u01b0\u01a1ng hi\u1ec7u: Vi\u1ec7t Nam  Quy c\u00e1ch \u0111\u00f3ng g\u00f3i: h\u1ed9p 200ml; 6 h\u1ed9p\/l\u1ed1c, 36 h\u1ed9p\/th\u00f9ng  L\u01b0u \u00fd: Bao b\u00ec s\u1ea3n ph\u1ea9m c\u00f3 th\u1ec3 thay \u0111\u1ed5i theo t\u1eebng \u0111\u1ee3t nh\u1eadp h\u00e0ng.  &nbsp;\" \/>\n<meta name=\"robots\" content=\"index, follow, max-snippet:-1, max-image-preview:large, max-video-preview:-1\" \/>\n<link rel=\"canonical\" href=\"https:\/\/tolio.co.nz\/en\/product\/fami-nguyen-chat-hop-hair-oil-200ml\/\" \/>\n<meta property=\"og:locale\" content=\"en_US\" \/>\n<meta property=\"og:type\" content=\"article\" \/>\n<meta property=\"og:title\" content=\"Th\u00f9ng 36 h\u1ed9p s\u1eefa \u0111\u1eadu n\u00e0nh Fami nguy\u00ean ch\u1ea5t h\u1ed9p 200ml - TOLIO\" \/>\n<meta property=\"og:description\" content=\"Th\u01b0\u01a1ng hi\u1ec7u: Fami  Xu\u1ea5t x\u1ee9 th\u01b0\u01a1ng hi\u1ec7u: Vi\u1ec7t Nam  Quy c\u00e1ch \u0111\u00f3ng g\u00f3i: h\u1ed9p 200ml; 6 h\u1ed9p\/l\u1ed1c, 36 h\u1ed9p\/th\u00f9ng  L\u01b0u \u00fd: Bao b\u00ec s\u1ea3n ph\u1ea9m c\u00f3 th\u1ec3 thay \u0111\u1ed5i theo t\u1eebng \u0111\u1ee3t nh\u1eadp h\u00e0ng.  &nbsp;\" \/>\n<meta property=\"og:url\" content=\"https:\/\/tolio.co.nz\/en\/product\/fami-nguyen-chat-hop-hair-oil-200ml\/\" \/>\n<meta property=\"og:site_name\" content=\"TOLIO\" \/>\n<meta property=\"article:modified_time\" content=\"2026-04-05T08:35:32+00:00\" \/>\n<meta property=\"og:image\" content=\"https:\/\/tolio.co.nz\/wp-content\/uploads\/2021\/12\/28-2.png\" \/>\n\t<meta property=\"og:image:width\" content=\"1000\" \/>\n\t<meta property=\"og:image:height\" content=\"907\" \/>\n\t<meta property=\"og:image:type\" content=\"image\/png\" \/>\n<meta name=\"twitter:card\" content=\"summary_large_image\" \/>\n<meta name=\"twitter:label1\" content=\"Est. reading time\" \/>\n\t<meta name=\"twitter:data1\" content=\"1 minute\" \/>\n<script type=\"application\/ld+json\" class=\"yoast-schema-graph\">{\"@context\":\"https:\/\/schema.org\",\"@graph\":[{\"@type\":\"WebPage\",\"@id\":\"https:\/\/tolio.co.nz\/san-pham\/sua-dau-nanh-fami-nguyen-chat-hop-200ml\/\",\"url\":\"https:\/\/tolio.co.nz\/san-pham\/sua-dau-nanh-fami-nguyen-chat-hop-200ml\/\",\"name\":\"Th\u00f9ng 36 h\u1ed9p s\u1eefa \u0111\u1eadu n\u00e0nh Fami nguy\u00ean ch\u1ea5t h\u1ed9p 200ml - TOLIO\",\"isPartOf\":{\"@id\":\"https:\/\/tolio.co.nz\/#website\"},\"primaryImageOfPage\":{\"@id\":\"https:\/\/tolio.co.nz\/san-pham\/sua-dau-nanh-fami-nguyen-chat-hop-200ml\/#primaryimage\"},\"image\":{\"@id\":\"https:\/\/tolio.co.nz\/san-pham\/sua-dau-nanh-fami-nguyen-chat-hop-200ml\/#primaryimage\"},\"thumbnailUrl\":\"https:\/\/tolio.co.nz\/wp-content\/uploads\/2021\/12\/28-2.png\",\"datePublished\":\"2021-12-16T02:12:00+00:00\",\"dateModified\":\"2026-04-05T08:35:32+00:00\",\"description\":\"Th\u01b0\u01a1ng hi\u1ec7u: Fami Xu\u1ea5t x\u1ee9 th\u01b0\u01a1ng hi\u1ec7u: Vi\u1ec7t Nam Quy c\u00e1ch \u0111\u00f3ng g\u00f3i: h\u1ed9p 200ml; 6 h\u1ed9p\/l\u1ed1c, 36 h\u1ed9p\/th\u00f9ng L\u01b0u \u00fd: Bao b\u00ec s\u1ea3n ph\u1ea9m c\u00f3 th\u1ec3 thay \u0111\u1ed5i theo t\u1eebng \u0111\u1ee3t nh\u1eadp h\u00e0ng. &nbsp;\",\"breadcrumb\":{\"@id\":\"https:\/\/tolio.co.nz\/san-pham\/sua-dau-nanh-fami-nguyen-chat-hop-200ml\/#breadcrumb\"},\"inLanguage\":\"en-US\",\"potentialAction\":[{\"@type\":\"ReadAction\",\"target\":[\"https:\/\/tolio.co.nz\/san-pham\/sua-dau-nanh-fami-nguyen-chat-hop-200ml\/\"]}]},{\"@type\":\"ImageObject\",\"inLanguage\":\"en-US\",\"@id\":\"https:\/\/tolio.co.nz\/san-pham\/sua-dau-nanh-fami-nguyen-chat-hop-200ml\/#primaryimage\",\"url\":\"https:\/\/tolio.co.nz\/wp-content\/uploads\/2021\/12\/28-2.png\",\"contentUrl\":\"https:\/\/tolio.co.nz\/wp-content\/uploads\/2021\/12\/28-2.png\",\"width\":1000,\"height\":907},{\"@type\":\"BreadcrumbList\",\"@id\":\"https:\/\/tolio.co.nz\/san-pham\/sua-dau-nanh-fami-nguyen-chat-hop-200ml\/#breadcrumb\",\"itemListElement\":[{\"@type\":\"ListItem\",\"position\":1,\"name\":\"Home\",\"item\":\"https:\/\/tolio.co.nz\/\"},{\"@type\":\"ListItem\",\"position\":2,\"name\":\"C\u1eeda h\u00e0ng\",\"item\":\"https:\/\/tolio.co.nz\/cua-hang\/\"},{\"@type\":\"ListItem\",\"position\":3,\"name\":\"Th\u00f9ng 36 h\u1ed9p s\u1eefa \u0111\u1eadu n\u00e0nh Fami nguy\u00ean ch\u1ea5t h\u1ed9p 200ml\"}]},{\"@type\":\"WebSite\",\"@id\":\"https:\/\/tolio.co.nz\/#website\",\"url\":\"https:\/\/tolio.co.nz\/\",\"name\":\"TOLIO\",\"description\":\"Vietnamese Grocery Online\",\"potentialAction\":[{\"@type\":\"SearchAction\",\"target\":{\"@type\":\"EntryPoint\",\"urlTemplate\":\"https:\/\/tolio.co.nz\/?s={search_term_string}\"},\"query-input\":{\"@type\":\"PropertyValueSpecification\",\"valueRequired\":true,\"valueName\":\"search_term_string\"}}],\"inLanguage\":\"en-US\"}]}<\/script>\n<!-- \/ Yoast SEO plugin. -->","yoast_head_json":{"title":"Th\u00f9ng 36 h\u1ed9p s\u1eefa \u0111\u1eadu n\u00e0nh Fami nguy\u00ean ch\u1ea5t h\u1ed9p 200ml - TOLIO","description":"Th\u01b0\u01a1ng hi\u1ec7u: Fami  Xu\u1ea5t x\u1ee9 th\u01b0\u01a1ng hi\u1ec7u: Vi\u1ec7t Nam  Quy c\u00e1ch \u0111\u00f3ng g\u00f3i: h\u1ed9p 200ml; 6 h\u1ed9p\/l\u1ed1c, 36 h\u1ed9p\/th\u00f9ng  L\u01b0u \u00fd: Bao b\u00ec s\u1ea3n ph\u1ea9m c\u00f3 th\u1ec3 thay \u0111\u1ed5i theo t\u1eebng \u0111\u1ee3t nh\u1eadp h\u00e0ng.  &nbsp;","robots":{"index":"index","follow":"follow","max-snippet":"max-snippet:-1","max-image-preview":"max-image-preview:large","max-video-preview":"max-video-preview:-1"},"canonical":"https:\/\/tolio.co.nz\/en\/product\/fami-nguyen-chat-hop-hair-oil-200ml\/","og_locale":"en_US","og_type":"article","og_title":"Th\u00f9ng 36 h\u1ed9p s\u1eefa \u0111\u1eadu n\u00e0nh Fami nguy\u00ean ch\u1ea5t h\u1ed9p 200ml - TOLIO","og_description":"Th\u01b0\u01a1ng hi\u1ec7u: Fami  Xu\u1ea5t x\u1ee9 th\u01b0\u01a1ng hi\u1ec7u: Vi\u1ec7t Nam  Quy c\u00e1ch \u0111\u00f3ng g\u00f3i: h\u1ed9p 200ml; 6 h\u1ed9p\/l\u1ed1c, 36 h\u1ed9p\/th\u00f9ng  L\u01b0u \u00fd: Bao b\u00ec s\u1ea3n ph\u1ea9m c\u00f3 th\u1ec3 thay \u0111\u1ed5i theo t\u1eebng \u0111\u1ee3t nh\u1eadp h\u00e0ng.  &nbsp;","og_url":"https:\/\/tolio.co.nz\/en\/product\/fami-nguyen-chat-hop-hair-oil-200ml\/","og_site_name":"TOLIO","article_modified_time":"2026-04-05T08:35:32+00:00","og_image":[{"width":1000,"height":907,"url":"https:\/\/tolio.co.nz\/wp-content\/uploads\/2021\/12\/28-2.png","type":"image\/png"}],"twitter_card":"summary_large_image","twitter_misc":{"Est. reading time":"1 minute"},"schema":{"@context":"https:\/\/schema.org","@graph":[{"@type":"WebPage","@id":"https:\/\/tolio.co.nz\/san-pham\/sua-dau-nanh-fami-nguyen-chat-hop-200ml\/","url":"https:\/\/tolio.co.nz\/san-pham\/sua-dau-nanh-fami-nguyen-chat-hop-200ml\/","name":"Th\u00f9ng 36 h\u1ed9p s\u1eefa \u0111\u1eadu n\u00e0nh Fami nguy\u00ean ch\u1ea5t h\u1ed9p 200ml - TOLIO","isPartOf":{"@id":"https:\/\/tolio.co.nz\/#website"},"primaryImageOfPage":{"@id":"https:\/\/tolio.co.nz\/san-pham\/sua-dau-nanh-fami-nguyen-chat-hop-200ml\/#primaryimage"},"image":{"@id":"https:\/\/tolio.co.nz\/san-pham\/sua-dau-nanh-fami-nguyen-chat-hop-200ml\/#primaryimage"},"thumbnailUrl":"https:\/\/tolio.co.nz\/wp-content\/uploads\/2021\/12\/28-2.png","datePublished":"2021-12-16T02:12:00+00:00","dateModified":"2026-04-05T08:35:32+00:00","description":"Th\u01b0\u01a1ng hi\u1ec7u: Fami Xu\u1ea5t x\u1ee9 th\u01b0\u01a1ng hi\u1ec7u: Vi\u1ec7t Nam Quy c\u00e1ch \u0111\u00f3ng g\u00f3i: h\u1ed9p 200ml; 6 h\u1ed9p\/l\u1ed1c, 36 h\u1ed9p\/th\u00f9ng L\u01b0u \u00fd: Bao b\u00ec s\u1ea3n ph\u1ea9m c\u00f3 th\u1ec3 thay \u0111\u1ed5i theo t\u1eebng \u0111\u1ee3t nh\u1eadp h\u00e0ng. &nbsp;","breadcrumb":{"@id":"https:\/\/tolio.co.nz\/san-pham\/sua-dau-nanh-fami-nguyen-chat-hop-200ml\/#breadcrumb"},"inLanguage":"en-US","potentialAction":[{"@type":"ReadAction","target":["https:\/\/tolio.co.nz\/san-pham\/sua-dau-nanh-fami-nguyen-chat-hop-200ml\/"]}]},{"@type":"ImageObject","inLanguage":"en-US","@id":"https:\/\/tolio.co.nz\/san-pham\/sua-dau-nanh-fami-nguyen-chat-hop-200ml\/#primaryimage","url":"https:\/\/tolio.co.nz\/wp-content\/uploads\/2021\/12\/28-2.png","contentUrl":"https:\/\/tolio.co.nz\/wp-content\/uploads\/2021\/12\/28-2.png","width":1000,"height":907},{"@type":"BreadcrumbList","@id":"https:\/\/tolio.co.nz\/san-pham\/sua-dau-nanh-fami-nguyen-chat-hop-200ml\/#breadcrumb","itemListElement":[{"@type":"ListItem","position":1,"name":"Home","item":"https:\/\/tolio.co.nz\/"},{"@type":"ListItem","position":2,"name":"C\u1eeda h\u00e0ng","item":"https:\/\/tolio.co.nz\/cua-hang\/"},{"@type":"ListItem","position":3,"name":"Th\u00f9ng 36 h\u1ed9p s\u1eefa \u0111\u1eadu n\u00e0nh Fami nguy\u00ean ch\u1ea5t h\u1ed9p 200ml"}]},{"@type":"WebSite","@id":"https:\/\/tolio.co.nz\/#website","url":"https:\/\/tolio.co.nz\/","name":"TOLIO","description":"Vietnamese Grocery Online","potentialAction":[{"@type":"SearchAction","target":{"@type":"EntryPoint","urlTemplate":"https:\/\/tolio.co.nz\/?s={search_term_string}"},"query-input":{"@type":"PropertyValueSpecification","valueRequired":true,"valueName":"search_term_string"}}],"inLanguage":"en-US"}]}},"_links":{"self":[{"href":"https:\/\/tolio.co.nz\/en\/wp-json\/wp\/v2\/product\/544","targetHints":{"allow":["GET"]}}],"collection":[{"href":"https:\/\/tolio.co.nz\/en\/wp-json\/wp\/v2\/product"}],"about":[{"href":"https:\/\/tolio.co.nz\/en\/wp-json\/wp\/v2\/types\/product"}],"replies":[{"embeddable":true,"href":"https:\/\/tolio.co.nz\/en\/wp-json\/wp\/v2\/comments?post=544"}],"wp:featuredmedia":[{"embeddable":true,"href":"https:\/\/tolio.co.nz\/en\/wp-json\/wp\/v2\/media\/23031"}],"wp:attachment":[{"href":"https:\/\/tolio.co.nz\/en\/wp-json\/wp\/v2\/media?parent=544"}],"wp:term":[{"taxonomy":"product_brand","embeddable":true,"href":"https:\/\/tolio.co.nz\/en\/wp-json\/wp\/v2\/product_brand?post=544"},{"taxonomy":"product_cat","embeddable":true,"href":"https:\/\/tolio.co.nz\/en\/wp-json\/wp\/v2\/product_cat?post=544"},{"taxonomy":"product_tag","embeddable":true,"href":"https:\/\/tolio.co.nz\/en\/wp-json\/wp\/v2\/product_tag?post=544"}],"curies":[{"name":"wp","href":"https:\/\/api.w.org\/{rel}","templated":true}]}}