{"id":5548,"date":"2022-07-26T14:58:00","date_gmt":"2022-07-26T02:13:00","guid":{"rendered":"https:\/\/tolio2.sitebycat.com\/?post_type=product&#038;p=5548"},"modified":"2026-04-07T18:59:13","modified_gmt":"2026-04-07T06:59:13","slug":"set-5-bot-suong-sao-den-thuan-phat-goi-50g","status":"publish","type":"product","link":"https:\/\/tolio.co.nz\/en\/product\/set-of-5-star-milk-bottlings-50g-package\/","title":{"rendered":"Set of Packs Thuan Phat Black Grass Jelly Powder 5 x 50g"},"content":{"rendered":"<p><strong>Thuan Phat black flute powder <\/strong>Made from natural 100% leaves, it has a delicious taste, has the effect of cooling the body and brings you many health benefits.<\/p>\n<p><strong>How to Use:<\/strong><\/p>\n<ul>\n<li>\u00a0Pack 50 grams of powder mixed with 1 liter of cold water and 100 grams of sugar, stir until dissolved, soak for about 5-10 minutes. (If you want to use hard or soft, increase or decrease the amount of water)<\/li>\n<li>\u00a0Put on the stove and stir until smooth <strong>\u201cthickness\u201d<\/strong><\/li>\n<li><strong>Note:<\/strong>\u00a0Until it is &quot;thick&quot;, then reduce heat to low, continue to cook and stir for another 3-5 minutes<\/li>\n<li>\u00a0Pour into a mold or bowl to cool. When eating, you can add sugar, coconut water or fresh milk<\/li>\n<\/ul>\n<p><strong>Preserve<\/strong>:<\/p>\n<ul>\n<li>Store in a cool, dry place, away from direct sunlight<\/li>\n<\/ul>","protected":false},"excerpt":{"rendered":"<ul>\n<li>Brand: Thuan Phat<\/li>\n<li>Brand Country: Viet nam<\/li>\n<li>Packaging: 50g package<\/li>\n<li>Note: Product packaging may change from batch to batch.<\/li>\n<\/ul>","protected":false},"featured_media":20670,"comment_status":"open","ping_status":"closed","template":"","meta":[],"product_brand":[],"product_cat":[478,35,31],"product_tag":[],"class_list":{"0":"post-5548","1":"product","2":"type-product","3":"status-publish","4":"has-post-thumbnail","6":"product_cat-thuc-pham-khac","7":"product_cat-banh-keo","8":"product_cat-hang-moi-ve","9":"pa_thuong-hieu-thuan-phat","11":"first","12":"instock","13":"sale","14":"shipping-taxable","15":"purchasable","16":"product-type-simple"},"yoast_head":"<!-- This site is optimized with the Yoast SEO plugin v24.4 - https:\/\/yoast.com\/wordpress\/plugins\/seo\/ -->\n<title>Set 5 g\u00f3i b\u1ed9t s\u01b0\u01a1ng s\u00e1o \u0111en Thu\u1eadn Ph\u00e1t 50g - TOLIO<\/title>\n<meta name=\"description\" content=\"Th\u01b0\u01a1ng hi\u1ec7u: Thu\u1eadn Ph\u00e1t  Xu\u1ea5t x\u1ee9 th\u01b0\u01a1ng hi\u1ec7u: Vi\u1ec7t Nam  Quy c\u00e1ch \u0111\u00f3ng g\u00f3i: g\u00f3i 50g  L\u01b0u \u00fd: Bao b\u00ec s\u1ea3n ph\u1ea9m c\u00f3 th\u1ec3 thay \u0111\u1ed5i theo t\u1eebng \u0111\u1ee3t nh\u1eadp h\u00e0ng.\" \/>\n<meta name=\"robots\" content=\"index, follow, max-snippet:-1, max-image-preview:large, max-video-preview:-1\" \/>\n<link rel=\"canonical\" href=\"https:\/\/tolio.co.nz\/en\/product\/set-of-5-star-milk-bottlings-50g-package\/\" \/>\n<meta property=\"og:locale\" content=\"en_US\" \/>\n<meta property=\"og:type\" content=\"article\" \/>\n<meta property=\"og:title\" content=\"Set 5 g\u00f3i b\u1ed9t s\u01b0\u01a1ng s\u00e1o \u0111en Thu\u1eadn Ph\u00e1t 50g - TOLIO\" \/>\n<meta property=\"og:description\" content=\"Th\u01b0\u01a1ng hi\u1ec7u: Thu\u1eadn Ph\u00e1t  Xu\u1ea5t x\u1ee9 th\u01b0\u01a1ng hi\u1ec7u: Vi\u1ec7t Nam  Quy c\u00e1ch \u0111\u00f3ng g\u00f3i: g\u00f3i 50g  L\u01b0u \u00fd: Bao b\u00ec s\u1ea3n ph\u1ea9m c\u00f3 th\u1ec3 thay \u0111\u1ed5i theo t\u1eebng \u0111\u1ee3t nh\u1eadp h\u00e0ng.\" \/>\n<meta property=\"og:url\" content=\"https:\/\/tolio.co.nz\/en\/product\/set-of-5-star-milk-bottlings-50g-package\/\" \/>\n<meta property=\"og:site_name\" content=\"TOLIO\" \/>\n<meta property=\"article:modified_time\" content=\"2026-04-07T06:59:13+00:00\" \/>\n<meta property=\"og:image\" content=\"https:\/\/tolio.co.nz\/wp-content\/uploads\/2024\/07\/245-1.png\" \/>\n\t<meta property=\"og:image:width\" content=\"1000\" \/>\n\t<meta property=\"og:image:height\" content=\"907\" \/>\n\t<meta property=\"og:image:type\" content=\"image\/png\" \/>\n<meta name=\"twitter:card\" content=\"summary_large_image\" \/>\n<meta name=\"twitter:label1\" content=\"Est. reading time\" \/>\n\t<meta name=\"twitter:data1\" content=\"1 minute\" \/>\n<script type=\"application\/ld+json\" class=\"yoast-schema-graph\">{\"@context\":\"https:\/\/schema.org\",\"@graph\":[{\"@type\":\"WebPage\",\"@id\":\"https:\/\/tolio.co.nz\/san-pham\/set-5-bot-suong-sao-den-thuan-phat-goi-50g\/\",\"url\":\"https:\/\/tolio.co.nz\/san-pham\/set-5-bot-suong-sao-den-thuan-phat-goi-50g\/\",\"name\":\"Set 5 g\u00f3i b\u1ed9t s\u01b0\u01a1ng s\u00e1o \u0111en Thu\u1eadn Ph\u00e1t 50g - TOLIO\",\"isPartOf\":{\"@id\":\"https:\/\/tolio.co.nz\/#website\"},\"primaryImageOfPage\":{\"@id\":\"https:\/\/tolio.co.nz\/san-pham\/set-5-bot-suong-sao-den-thuan-phat-goi-50g\/#primaryimage\"},\"image\":{\"@id\":\"https:\/\/tolio.co.nz\/san-pham\/set-5-bot-suong-sao-den-thuan-phat-goi-50g\/#primaryimage\"},\"thumbnailUrl\":\"https:\/\/tolio.co.nz\/wp-content\/uploads\/2024\/07\/245-1.png\",\"datePublished\":\"2022-07-26T02:13:00+00:00\",\"dateModified\":\"2026-04-07T06:59:13+00:00\",\"description\":\"Th\u01b0\u01a1ng hi\u1ec7u: Thu\u1eadn Ph\u00e1t Xu\u1ea5t x\u1ee9 th\u01b0\u01a1ng hi\u1ec7u: Vi\u1ec7t Nam Quy c\u00e1ch \u0111\u00f3ng g\u00f3i: g\u00f3i 50g L\u01b0u \u00fd: Bao b\u00ec s\u1ea3n ph\u1ea9m c\u00f3 th\u1ec3 thay \u0111\u1ed5i theo t\u1eebng \u0111\u1ee3t nh\u1eadp h\u00e0ng.\",\"breadcrumb\":{\"@id\":\"https:\/\/tolio.co.nz\/san-pham\/set-5-bot-suong-sao-den-thuan-phat-goi-50g\/#breadcrumb\"},\"inLanguage\":\"en-US\",\"potentialAction\":[{\"@type\":\"ReadAction\",\"target\":[\"https:\/\/tolio.co.nz\/san-pham\/set-5-bot-suong-sao-den-thuan-phat-goi-50g\/\"]}]},{\"@type\":\"ImageObject\",\"inLanguage\":\"en-US\",\"@id\":\"https:\/\/tolio.co.nz\/san-pham\/set-5-bot-suong-sao-den-thuan-phat-goi-50g\/#primaryimage\",\"url\":\"https:\/\/tolio.co.nz\/wp-content\/uploads\/2024\/07\/245-1.png\",\"contentUrl\":\"https:\/\/tolio.co.nz\/wp-content\/uploads\/2024\/07\/245-1.png\",\"width\":1000,\"height\":907},{\"@type\":\"BreadcrumbList\",\"@id\":\"https:\/\/tolio.co.nz\/san-pham\/set-5-bot-suong-sao-den-thuan-phat-goi-50g\/#breadcrumb\",\"itemListElement\":[{\"@type\":\"ListItem\",\"position\":1,\"name\":\"Home\",\"item\":\"https:\/\/tolio.co.nz\/\"},{\"@type\":\"ListItem\",\"position\":2,\"name\":\"C\u1eeda h\u00e0ng\",\"item\":\"https:\/\/tolio.co.nz\/cua-hang\/\"},{\"@type\":\"ListItem\",\"position\":3,\"name\":\"Set 5 g\u00f3i b\u1ed9t s\u01b0\u01a1ng s\u00e1o \u0111en Thu\u1eadn Ph\u00e1t 50g\"}]},{\"@type\":\"WebSite\",\"@id\":\"https:\/\/tolio.co.nz\/#website\",\"url\":\"https:\/\/tolio.co.nz\/\",\"name\":\"TOLIO\",\"description\":\"Vietnamese Grocery Online\",\"potentialAction\":[{\"@type\":\"SearchAction\",\"target\":{\"@type\":\"EntryPoint\",\"urlTemplate\":\"https:\/\/tolio.co.nz\/?s={search_term_string}\"},\"query-input\":{\"@type\":\"PropertyValueSpecification\",\"valueRequired\":true,\"valueName\":\"search_term_string\"}}],\"inLanguage\":\"en-US\"}]}<\/script>\n<!-- \/ Yoast SEO plugin. -->","yoast_head_json":{"title":"Set 5 g\u00f3i b\u1ed9t s\u01b0\u01a1ng s\u00e1o \u0111en Thu\u1eadn Ph\u00e1t 50g - TOLIO","description":"Th\u01b0\u01a1ng hi\u1ec7u: Thu\u1eadn Ph\u00e1t  Xu\u1ea5t x\u1ee9 th\u01b0\u01a1ng hi\u1ec7u: Vi\u1ec7t Nam  Quy c\u00e1ch \u0111\u00f3ng g\u00f3i: g\u00f3i 50g  L\u01b0u \u00fd: Bao b\u00ec s\u1ea3n ph\u1ea9m c\u00f3 th\u1ec3 thay \u0111\u1ed5i theo t\u1eebng \u0111\u1ee3t nh\u1eadp h\u00e0ng.","robots":{"index":"index","follow":"follow","max-snippet":"max-snippet:-1","max-image-preview":"max-image-preview:large","max-video-preview":"max-video-preview:-1"},"canonical":"https:\/\/tolio.co.nz\/en\/product\/set-of-5-star-milk-bottlings-50g-package\/","og_locale":"en_US","og_type":"article","og_title":"Set 5 g\u00f3i b\u1ed9t s\u01b0\u01a1ng s\u00e1o \u0111en Thu\u1eadn Ph\u00e1t 50g - TOLIO","og_description":"Th\u01b0\u01a1ng hi\u1ec7u: Thu\u1eadn Ph\u00e1t  Xu\u1ea5t x\u1ee9 th\u01b0\u01a1ng hi\u1ec7u: Vi\u1ec7t Nam  Quy c\u00e1ch \u0111\u00f3ng g\u00f3i: g\u00f3i 50g  L\u01b0u \u00fd: Bao b\u00ec s\u1ea3n ph\u1ea9m c\u00f3 th\u1ec3 thay \u0111\u1ed5i theo t\u1eebng \u0111\u1ee3t nh\u1eadp h\u00e0ng.","og_url":"https:\/\/tolio.co.nz\/en\/product\/set-of-5-star-milk-bottlings-50g-package\/","og_site_name":"TOLIO","article_modified_time":"2026-04-07T06:59:13+00:00","og_image":[{"width":1000,"height":907,"url":"https:\/\/tolio.co.nz\/wp-content\/uploads\/2024\/07\/245-1.png","type":"image\/png"}],"twitter_card":"summary_large_image","twitter_misc":{"Est. reading time":"1 minute"},"schema":{"@context":"https:\/\/schema.org","@graph":[{"@type":"WebPage","@id":"https:\/\/tolio.co.nz\/san-pham\/set-5-bot-suong-sao-den-thuan-phat-goi-50g\/","url":"https:\/\/tolio.co.nz\/san-pham\/set-5-bot-suong-sao-den-thuan-phat-goi-50g\/","name":"Set 5 g\u00f3i b\u1ed9t s\u01b0\u01a1ng s\u00e1o \u0111en Thu\u1eadn Ph\u00e1t 50g - TOLIO","isPartOf":{"@id":"https:\/\/tolio.co.nz\/#website"},"primaryImageOfPage":{"@id":"https:\/\/tolio.co.nz\/san-pham\/set-5-bot-suong-sao-den-thuan-phat-goi-50g\/#primaryimage"},"image":{"@id":"https:\/\/tolio.co.nz\/san-pham\/set-5-bot-suong-sao-den-thuan-phat-goi-50g\/#primaryimage"},"thumbnailUrl":"https:\/\/tolio.co.nz\/wp-content\/uploads\/2024\/07\/245-1.png","datePublished":"2022-07-26T02:13:00+00:00","dateModified":"2026-04-07T06:59:13+00:00","description":"Th\u01b0\u01a1ng hi\u1ec7u: Thu\u1eadn Ph\u00e1t Xu\u1ea5t x\u1ee9 th\u01b0\u01a1ng hi\u1ec7u: Vi\u1ec7t Nam Quy c\u00e1ch \u0111\u00f3ng g\u00f3i: g\u00f3i 50g L\u01b0u \u00fd: Bao b\u00ec s\u1ea3n ph\u1ea9m c\u00f3 th\u1ec3 thay \u0111\u1ed5i theo t\u1eebng \u0111\u1ee3t nh\u1eadp h\u00e0ng.","breadcrumb":{"@id":"https:\/\/tolio.co.nz\/san-pham\/set-5-bot-suong-sao-den-thuan-phat-goi-50g\/#breadcrumb"},"inLanguage":"en-US","potentialAction":[{"@type":"ReadAction","target":["https:\/\/tolio.co.nz\/san-pham\/set-5-bot-suong-sao-den-thuan-phat-goi-50g\/"]}]},{"@type":"ImageObject","inLanguage":"en-US","@id":"https:\/\/tolio.co.nz\/san-pham\/set-5-bot-suong-sao-den-thuan-phat-goi-50g\/#primaryimage","url":"https:\/\/tolio.co.nz\/wp-content\/uploads\/2024\/07\/245-1.png","contentUrl":"https:\/\/tolio.co.nz\/wp-content\/uploads\/2024\/07\/245-1.png","width":1000,"height":907},{"@type":"BreadcrumbList","@id":"https:\/\/tolio.co.nz\/san-pham\/set-5-bot-suong-sao-den-thuan-phat-goi-50g\/#breadcrumb","itemListElement":[{"@type":"ListItem","position":1,"name":"Home","item":"https:\/\/tolio.co.nz\/"},{"@type":"ListItem","position":2,"name":"C\u1eeda h\u00e0ng","item":"https:\/\/tolio.co.nz\/cua-hang\/"},{"@type":"ListItem","position":3,"name":"Set 5 g\u00f3i b\u1ed9t s\u01b0\u01a1ng s\u00e1o \u0111en Thu\u1eadn Ph\u00e1t 50g"}]},{"@type":"WebSite","@id":"https:\/\/tolio.co.nz\/#website","url":"https:\/\/tolio.co.nz\/","name":"TOLIO","description":"Vietnamese Grocery Online","potentialAction":[{"@type":"SearchAction","target":{"@type":"EntryPoint","urlTemplate":"https:\/\/tolio.co.nz\/?s={search_term_string}"},"query-input":{"@type":"PropertyValueSpecification","valueRequired":true,"valueName":"search_term_string"}}],"inLanguage":"en-US"}]}},"_links":{"self":[{"href":"https:\/\/tolio.co.nz\/en\/wp-json\/wp\/v2\/product\/5548","targetHints":{"allow":["GET"]}}],"collection":[{"href":"https:\/\/tolio.co.nz\/en\/wp-json\/wp\/v2\/product"}],"about":[{"href":"https:\/\/tolio.co.nz\/en\/wp-json\/wp\/v2\/types\/product"}],"replies":[{"embeddable":true,"href":"https:\/\/tolio.co.nz\/en\/wp-json\/wp\/v2\/comments?post=5548"}],"wp:featuredmedia":[{"embeddable":true,"href":"https:\/\/tolio.co.nz\/en\/wp-json\/wp\/v2\/media\/20670"}],"wp:attachment":[{"href":"https:\/\/tolio.co.nz\/en\/wp-json\/wp\/v2\/media?parent=5548"}],"wp:term":[{"taxonomy":"product_brand","embeddable":true,"href":"https:\/\/tolio.co.nz\/en\/wp-json\/wp\/v2\/product_brand?post=5548"},{"taxonomy":"product_cat","embeddable":true,"href":"https:\/\/tolio.co.nz\/en\/wp-json\/wp\/v2\/product_cat?post=5548"},{"taxonomy":"product_tag","embeddable":true,"href":"https:\/\/tolio.co.nz\/en\/wp-json\/wp\/v2\/product_tag?post=5548"}],"curies":[{"name":"wp","href":"https:\/\/api.w.org\/{rel}","templated":true}]}}