{"id":5702,"date":"2022-08-08T11:13:00","date_gmt":"2022-08-07T22:28:00","guid":{"rendered":"https:\/\/tolio2.sitebycat.com\/?post_type=product&#038;p=5702"},"modified":"2026-03-27T15:50:29","modified_gmt":"2026-03-27T03:50:29","slug":"banh-custas-orion-nhan-kem-trung-hop-282g-12-cai-x-23-5g","status":"publish","type":"product","link":"https:\/\/tolio.co.nz\/en\/product\/custas-orion-cake-with-trung-hop-cream-282g-12-pieces-x-23-5g\/","title":{"rendered":"Orion Custas Cream-Filled Cakes, 329g Box (12 + 2 pieces x 23.5g)"},"content":{"rendered":"<p><strong>Orion Custas cakes with rice crisp cream filling, 329g box<\/strong>\u00a0Ingredients Eggs (22%), flour, sugar, vegetable oil, vegetable fat, malt, humectant, whole milk powder, emulsifier, coconut powder, milk cream powder,...with Ha com flavor Delicious inside, soft and spongy outer layer and smooth, creamy filling, made from natural ingredients, safe for health.<\/p>\n<p><strong>User manual<\/strong>:<\/p>\n<ul>\n<li>Direct use<\/li>\n<\/ul>\n<p><strong>Preserve<\/strong>:<\/p>\n<ul>\n<li>Store in a cool, dry place, away from direct sunlight<\/li>\n<\/ul>","protected":false},"excerpt":{"rendered":"<ul>\n<li>Brand: Orion<\/li>\n<li>Brand Country: Viet nam<\/li>\n<li>Packaging specifications: 329g pack<\/li>\n<li>Note: Product packaging may change from batch to batch.<\/li>\n<\/ul>","protected":false},"featured_media":29053,"comment_status":"open","ping_status":"closed","template":"","meta":[],"product_brand":[],"product_cat":[35,31],"product_tag":[534],"class_list":{"0":"post-5702","1":"product","2":"type-product","3":"status-publish","4":"has-post-thumbnail","6":"product_cat-banh-keo","7":"product_cat-hang-moi-ve","8":"product_tag-banh","9":"pa_thuong-hieu-orion","11":"first","12":"instock","13":"sale","14":"shipping-taxable","15":"purchasable","16":"product-type-simple"},"yoast_head":"<!-- This site is optimized with the Yoast SEO plugin v24.4 - https:\/\/yoast.com\/wordpress\/plugins\/seo\/ -->\n<title>B\u00e1nh Custas Orion nh\u00e2n kem c\u00f4\u0301m h\u1ed9p 329g (12+2 c\u00e1i x 23.5g) - TOLIO<\/title>\n<meta name=\"description\" content=\"Th\u01b0\u01a1ng hi\u1ec7u: Orion  Xu\u1ea5t x\u1ee9 th\u01b0\u01a1ng hi\u1ec7u: Vi\u1ec7t Nam  Quy c\u00e1ch \u0111\u00f3ng g\u00f3i: g\u00f3i 329g  L\u01b0u \u00fd: Bao b\u00ec s\u1ea3n ph\u1ea9m c\u00f3 th\u1ec3 thay \u0111\u1ed5i theo t\u1eebng \u0111\u1ee3t nh\u1eadp h\u00e0ng.\" \/>\n<meta name=\"robots\" content=\"index, follow, max-snippet:-1, max-image-preview:large, max-video-preview:-1\" \/>\n<link rel=\"canonical\" href=\"https:\/\/tolio.co.nz\/en\/product\/custas-orion-cake-with-trung-hop-cream-282g-12-pieces-x-23-5g\/\" \/>\n<meta property=\"og:locale\" content=\"en_US\" \/>\n<meta property=\"og:type\" content=\"article\" \/>\n<meta property=\"og:title\" content=\"B\u00e1nh Custas Orion nh\u00e2n kem c\u00f4\u0301m h\u1ed9p 329g (12+2 c\u00e1i x 23.5g) - TOLIO\" \/>\n<meta property=\"og:description\" content=\"Th\u01b0\u01a1ng hi\u1ec7u: Orion  Xu\u1ea5t x\u1ee9 th\u01b0\u01a1ng hi\u1ec7u: Vi\u1ec7t Nam  Quy c\u00e1ch \u0111\u00f3ng g\u00f3i: g\u00f3i 329g  L\u01b0u \u00fd: Bao b\u00ec s\u1ea3n ph\u1ea9m c\u00f3 th\u1ec3 thay \u0111\u1ed5i theo t\u1eebng \u0111\u1ee3t nh\u1eadp h\u00e0ng.\" \/>\n<meta property=\"og:url\" content=\"https:\/\/tolio.co.nz\/en\/product\/custas-orion-cake-with-trung-hop-cream-282g-12-pieces-x-23-5g\/\" \/>\n<meta property=\"og:site_name\" content=\"TOLIO\" \/>\n<meta property=\"article:modified_time\" content=\"2026-03-27T03:50:29+00:00\" \/>\n<meta property=\"og:image\" content=\"https:\/\/tolio.co.nz\/wp-content\/uploads\/2022\/08\/Hinh-anh-san-pham-co-logo-1-5.png\" \/>\n\t<meta property=\"og:image:width\" content=\"1000\" \/>\n\t<meta property=\"og:image:height\" content=\"907\" \/>\n\t<meta property=\"og:image:type\" content=\"image\/png\" \/>\n<meta name=\"twitter:card\" content=\"summary_large_image\" \/>\n<meta name=\"twitter:label1\" content=\"Est. reading time\" \/>\n\t<meta name=\"twitter:data1\" content=\"1 minute\" \/>\n<script type=\"application\/ld+json\" class=\"yoast-schema-graph\">{\"@context\":\"https:\/\/schema.org\",\"@graph\":[{\"@type\":\"WebPage\",\"@id\":\"https:\/\/tolio.co.nz\/san-pham\/banh-custas-orion-nhan-kem-trung-hop-282g-12-cai-x-23-5g\/\",\"url\":\"https:\/\/tolio.co.nz\/san-pham\/banh-custas-orion-nhan-kem-trung-hop-282g-12-cai-x-23-5g\/\",\"name\":\"B\u00e1nh Custas Orion nh\u00e2n kem c\u00f4\u0301m h\u1ed9p 329g (12+2 c\u00e1i x 23.5g) - TOLIO\",\"isPartOf\":{\"@id\":\"https:\/\/tolio.co.nz\/#website\"},\"primaryImageOfPage\":{\"@id\":\"https:\/\/tolio.co.nz\/san-pham\/banh-custas-orion-nhan-kem-trung-hop-282g-12-cai-x-23-5g\/#primaryimage\"},\"image\":{\"@id\":\"https:\/\/tolio.co.nz\/san-pham\/banh-custas-orion-nhan-kem-trung-hop-282g-12-cai-x-23-5g\/#primaryimage\"},\"thumbnailUrl\":\"https:\/\/tolio.co.nz\/wp-content\/uploads\/2022\/08\/Hinh-anh-san-pham-co-logo-1-5.png\",\"datePublished\":\"2022-08-07T22:28:00+00:00\",\"dateModified\":\"2026-03-27T03:50:29+00:00\",\"description\":\"Th\u01b0\u01a1ng hi\u1ec7u: Orion Xu\u1ea5t x\u1ee9 th\u01b0\u01a1ng hi\u1ec7u: Vi\u1ec7t Nam Quy c\u00e1ch \u0111\u00f3ng g\u00f3i: g\u00f3i 329g L\u01b0u \u00fd: Bao b\u00ec s\u1ea3n ph\u1ea9m c\u00f3 th\u1ec3 thay \u0111\u1ed5i theo t\u1eebng \u0111\u1ee3t nh\u1eadp h\u00e0ng.\",\"breadcrumb\":{\"@id\":\"https:\/\/tolio.co.nz\/san-pham\/banh-custas-orion-nhan-kem-trung-hop-282g-12-cai-x-23-5g\/#breadcrumb\"},\"inLanguage\":\"en-US\",\"potentialAction\":[{\"@type\":\"ReadAction\",\"target\":[\"https:\/\/tolio.co.nz\/san-pham\/banh-custas-orion-nhan-kem-trung-hop-282g-12-cai-x-23-5g\/\"]}]},{\"@type\":\"ImageObject\",\"inLanguage\":\"en-US\",\"@id\":\"https:\/\/tolio.co.nz\/san-pham\/banh-custas-orion-nhan-kem-trung-hop-282g-12-cai-x-23-5g\/#primaryimage\",\"url\":\"https:\/\/tolio.co.nz\/wp-content\/uploads\/2022\/08\/Hinh-anh-san-pham-co-logo-1-5.png\",\"contentUrl\":\"https:\/\/tolio.co.nz\/wp-content\/uploads\/2022\/08\/Hinh-anh-san-pham-co-logo-1-5.png\",\"width\":1000,\"height\":907},{\"@type\":\"BreadcrumbList\",\"@id\":\"https:\/\/tolio.co.nz\/san-pham\/banh-custas-orion-nhan-kem-trung-hop-282g-12-cai-x-23-5g\/#breadcrumb\",\"itemListElement\":[{\"@type\":\"ListItem\",\"position\":1,\"name\":\"Home\",\"item\":\"https:\/\/tolio.co.nz\/\"},{\"@type\":\"ListItem\",\"position\":2,\"name\":\"C\u1eeda h\u00e0ng\",\"item\":\"https:\/\/tolio.co.nz\/cua-hang\/\"},{\"@type\":\"ListItem\",\"position\":3,\"name\":\"B\u00e1nh Custas Orion nh\u00e2n kem c\u00f4\u0301m h\u1ed9p 329g (12+2 c\u00e1i x 23.5g)\"}]},{\"@type\":\"WebSite\",\"@id\":\"https:\/\/tolio.co.nz\/#website\",\"url\":\"https:\/\/tolio.co.nz\/\",\"name\":\"TOLIO\",\"description\":\"Vietnamese Grocery Online\",\"potentialAction\":[{\"@type\":\"SearchAction\",\"target\":{\"@type\":\"EntryPoint\",\"urlTemplate\":\"https:\/\/tolio.co.nz\/?s={search_term_string}\"},\"query-input\":{\"@type\":\"PropertyValueSpecification\",\"valueRequired\":true,\"valueName\":\"search_term_string\"}}],\"inLanguage\":\"en-US\"}]}<\/script>\n<!-- \/ Yoast SEO plugin. -->","yoast_head_json":{"title":"B\u00e1nh Custas Orion nh\u00e2n kem c\u00f4\u0301m h\u1ed9p 329g (12+2 c\u00e1i x 23.5g) - TOLIO","description":"Th\u01b0\u01a1ng hi\u1ec7u: Orion  Xu\u1ea5t x\u1ee9 th\u01b0\u01a1ng hi\u1ec7u: Vi\u1ec7t Nam  Quy c\u00e1ch \u0111\u00f3ng g\u00f3i: g\u00f3i 329g  L\u01b0u \u00fd: Bao b\u00ec s\u1ea3n ph\u1ea9m c\u00f3 th\u1ec3 thay \u0111\u1ed5i theo t\u1eebng \u0111\u1ee3t nh\u1eadp h\u00e0ng.","robots":{"index":"index","follow":"follow","max-snippet":"max-snippet:-1","max-image-preview":"max-image-preview:large","max-video-preview":"max-video-preview:-1"},"canonical":"https:\/\/tolio.co.nz\/en\/product\/custas-orion-cake-with-trung-hop-cream-282g-12-pieces-x-23-5g\/","og_locale":"en_US","og_type":"article","og_title":"B\u00e1nh Custas Orion nh\u00e2n kem c\u00f4\u0301m h\u1ed9p 329g (12+2 c\u00e1i x 23.5g) - TOLIO","og_description":"Th\u01b0\u01a1ng hi\u1ec7u: Orion  Xu\u1ea5t x\u1ee9 th\u01b0\u01a1ng hi\u1ec7u: Vi\u1ec7t Nam  Quy c\u00e1ch \u0111\u00f3ng g\u00f3i: g\u00f3i 329g  L\u01b0u \u00fd: Bao b\u00ec s\u1ea3n ph\u1ea9m c\u00f3 th\u1ec3 thay \u0111\u1ed5i theo t\u1eebng \u0111\u1ee3t nh\u1eadp h\u00e0ng.","og_url":"https:\/\/tolio.co.nz\/en\/product\/custas-orion-cake-with-trung-hop-cream-282g-12-pieces-x-23-5g\/","og_site_name":"TOLIO","article_modified_time":"2026-03-27T03:50:29+00:00","og_image":[{"width":1000,"height":907,"url":"https:\/\/tolio.co.nz\/wp-content\/uploads\/2022\/08\/Hinh-anh-san-pham-co-logo-1-5.png","type":"image\/png"}],"twitter_card":"summary_large_image","twitter_misc":{"Est. reading time":"1 minute"},"schema":{"@context":"https:\/\/schema.org","@graph":[{"@type":"WebPage","@id":"https:\/\/tolio.co.nz\/san-pham\/banh-custas-orion-nhan-kem-trung-hop-282g-12-cai-x-23-5g\/","url":"https:\/\/tolio.co.nz\/san-pham\/banh-custas-orion-nhan-kem-trung-hop-282g-12-cai-x-23-5g\/","name":"B\u00e1nh Custas Orion nh\u00e2n kem c\u00f4\u0301m h\u1ed9p 329g (12+2 c\u00e1i x 23.5g) - TOLIO","isPartOf":{"@id":"https:\/\/tolio.co.nz\/#website"},"primaryImageOfPage":{"@id":"https:\/\/tolio.co.nz\/san-pham\/banh-custas-orion-nhan-kem-trung-hop-282g-12-cai-x-23-5g\/#primaryimage"},"image":{"@id":"https:\/\/tolio.co.nz\/san-pham\/banh-custas-orion-nhan-kem-trung-hop-282g-12-cai-x-23-5g\/#primaryimage"},"thumbnailUrl":"https:\/\/tolio.co.nz\/wp-content\/uploads\/2022\/08\/Hinh-anh-san-pham-co-logo-1-5.png","datePublished":"2022-08-07T22:28:00+00:00","dateModified":"2026-03-27T03:50:29+00:00","description":"Th\u01b0\u01a1ng hi\u1ec7u: Orion Xu\u1ea5t x\u1ee9 th\u01b0\u01a1ng hi\u1ec7u: Vi\u1ec7t Nam Quy c\u00e1ch \u0111\u00f3ng g\u00f3i: g\u00f3i 329g L\u01b0u \u00fd: Bao b\u00ec s\u1ea3n ph\u1ea9m c\u00f3 th\u1ec3 thay \u0111\u1ed5i theo t\u1eebng \u0111\u1ee3t nh\u1eadp h\u00e0ng.","breadcrumb":{"@id":"https:\/\/tolio.co.nz\/san-pham\/banh-custas-orion-nhan-kem-trung-hop-282g-12-cai-x-23-5g\/#breadcrumb"},"inLanguage":"en-US","potentialAction":[{"@type":"ReadAction","target":["https:\/\/tolio.co.nz\/san-pham\/banh-custas-orion-nhan-kem-trung-hop-282g-12-cai-x-23-5g\/"]}]},{"@type":"ImageObject","inLanguage":"en-US","@id":"https:\/\/tolio.co.nz\/san-pham\/banh-custas-orion-nhan-kem-trung-hop-282g-12-cai-x-23-5g\/#primaryimage","url":"https:\/\/tolio.co.nz\/wp-content\/uploads\/2022\/08\/Hinh-anh-san-pham-co-logo-1-5.png","contentUrl":"https:\/\/tolio.co.nz\/wp-content\/uploads\/2022\/08\/Hinh-anh-san-pham-co-logo-1-5.png","width":1000,"height":907},{"@type":"BreadcrumbList","@id":"https:\/\/tolio.co.nz\/san-pham\/banh-custas-orion-nhan-kem-trung-hop-282g-12-cai-x-23-5g\/#breadcrumb","itemListElement":[{"@type":"ListItem","position":1,"name":"Home","item":"https:\/\/tolio.co.nz\/"},{"@type":"ListItem","position":2,"name":"C\u1eeda h\u00e0ng","item":"https:\/\/tolio.co.nz\/cua-hang\/"},{"@type":"ListItem","position":3,"name":"B\u00e1nh Custas Orion nh\u00e2n kem c\u00f4\u0301m h\u1ed9p 329g (12+2 c\u00e1i x 23.5g)"}]},{"@type":"WebSite","@id":"https:\/\/tolio.co.nz\/#website","url":"https:\/\/tolio.co.nz\/","name":"TOLIO","description":"Vietnamese Grocery Online","potentialAction":[{"@type":"SearchAction","target":{"@type":"EntryPoint","urlTemplate":"https:\/\/tolio.co.nz\/?s={search_term_string}"},"query-input":{"@type":"PropertyValueSpecification","valueRequired":true,"valueName":"search_term_string"}}],"inLanguage":"en-US"}]}},"_links":{"self":[{"href":"https:\/\/tolio.co.nz\/en\/wp-json\/wp\/v2\/product\/5702","targetHints":{"allow":["GET"]}}],"collection":[{"href":"https:\/\/tolio.co.nz\/en\/wp-json\/wp\/v2\/product"}],"about":[{"href":"https:\/\/tolio.co.nz\/en\/wp-json\/wp\/v2\/types\/product"}],"replies":[{"embeddable":true,"href":"https:\/\/tolio.co.nz\/en\/wp-json\/wp\/v2\/comments?post=5702"}],"wp:featuredmedia":[{"embeddable":true,"href":"https:\/\/tolio.co.nz\/en\/wp-json\/wp\/v2\/media\/29053"}],"wp:attachment":[{"href":"https:\/\/tolio.co.nz\/en\/wp-json\/wp\/v2\/media?parent=5702"}],"wp:term":[{"taxonomy":"product_brand","embeddable":true,"href":"https:\/\/tolio.co.nz\/en\/wp-json\/wp\/v2\/product_brand?post=5702"},{"taxonomy":"product_cat","embeddable":true,"href":"https:\/\/tolio.co.nz\/en\/wp-json\/wp\/v2\/product_cat?post=5702"},{"taxonomy":"product_tag","embeddable":true,"href":"https:\/\/tolio.co.nz\/en\/wp-json\/wp\/v2\/product_tag?post=5702"}],"curies":[{"name":"wp","href":"https:\/\/api.w.org\/{rel}","templated":true}]}}