{"id":6581,"date":"2022-09-08T20:47:00","date_gmt":"2022-09-08T08:02:00","guid":{"rendered":"https:\/\/tolio2.sitebycat.com\/?post_type=product&#038;p=6581"},"modified":"2026-03-24T13:26:33","modified_gmt":"2026-03-24T01:26:33","slug":"thung-24-goi-mien-mang-vit-vifon-goi-58g","status":"publish","type":"product","link":"https:\/\/tolio.co.nz\/en\/product\/24-free-packages-with-vit-vifon-package-58g\/","title":{"rendered":"Box of Vifon duck bamboo shoot vermicelli 24 x 58g"},"content":{"rendered":"<p><strong>Instant vermicelli<\/strong> Delicious taste, genuine quality Vifon vermicelli, no synthetic coloring used. <strong>Vifon duck bamboo shoot vermicelli 58g package<\/strong> With vermicelli fibers supplemented with nutritious, chewy green bean starch mixed with rich soup to bring your family a quick and delicious meal.<\/p>\n<p><strong>User manual<\/strong>:<\/p>\n<ul>\n<li>Put the vermicelli, seasoning packet, vegetable packet and sauce packet into the bowl. Pour in 400ml boiling water. Cover for 3 minutes. Open the lid, mix well and use immediately.<\/li>\n<\/ul>\n<p><strong>Preserve<\/strong>:<\/p>\n<ul>\n<li>Store in a cool, dry place, away from direct sunlight<\/li>\n<\/ul>\n<p><span class=\"ui-provider a b c d e f g h i j k l m n o p q r s t u v w x y z ab ac ae af ag ah ai aj ak\" dir=\"ltr\"><strong>Expiry:<\/strong> 8 months from date of manufacture.<\/span><\/p>","protected":false},"excerpt":{"rendered":"<ul>\n<li>Brand: Vifon<\/li>\n<li>Brand Country: Viet nam<\/li>\n<li>Packaging: 58g package, Carton of 24 packages<\/li>\n<li>Note: Product packaging may change from batch to batch.<\/li>\n<\/ul>","protected":false},"featured_media":21227,"comment_status":"open","ping_status":"closed","template":"","meta":[],"product_brand":[],"product_cat":[31,511],"product_tag":[200],"class_list":{"0":"post-6581","1":"product","2":"type-product","3":"status-publish","4":"has-post-thumbnail","6":"product_cat-hang-moi-ve","7":"product_cat-mi-pho-chao-an-lien","8":"product_tag-mien","9":"pa_thuong-hieu-vifon","11":"first","12":"instock","13":"sale","14":"shipping-taxable","15":"purchasable","16":"product-type-simple"},"yoast_head":"<!-- This site is optimized with the Yoast SEO plugin v24.4 - https:\/\/yoast.com\/wordpress\/plugins\/seo\/ -->\n<title>Th\u00f9ng 24 g\u00f3i mi\u1ebfn m\u0103ng v\u1ecbt Vifon g\u00f3i 58g - TOLIO<\/title>\n<meta name=\"description\" content=\"Th\u01b0\u01a1ng hi\u1ec7u: Vifon  Xu\u1ea5t x\u1ee9 th\u01b0\u01a1ng hi\u1ec7u: Vi\u1ec7t Nam  Quy c\u00e1ch \u0111\u00f3ng g\u00f3i: g\u00f3i 58g, Th\u00f9ng 24 g\u00f3i  L\u01b0u \u00fd: Bao b\u00ec s\u1ea3n ph\u1ea9m c\u00f3 th\u1ec3 thay \u0111\u1ed5i theo t\u1eebng \u0111\u1ee3t nh\u1eadp h\u00e0ng.\" \/>\n<meta name=\"robots\" content=\"index, follow, max-snippet:-1, max-image-preview:large, max-video-preview:-1\" \/>\n<link rel=\"canonical\" href=\"https:\/\/tolio.co.nz\/en\/product\/24-free-packages-with-vit-vifon-package-58g\/\" \/>\n<meta property=\"og:locale\" content=\"en_US\" \/>\n<meta property=\"og:type\" content=\"article\" \/>\n<meta property=\"og:title\" content=\"Th\u00f9ng 24 g\u00f3i mi\u1ebfn m\u0103ng v\u1ecbt Vifon g\u00f3i 58g - TOLIO\" \/>\n<meta property=\"og:description\" content=\"Th\u01b0\u01a1ng hi\u1ec7u: Vifon  Xu\u1ea5t x\u1ee9 th\u01b0\u01a1ng hi\u1ec7u: Vi\u1ec7t Nam  Quy c\u00e1ch \u0111\u00f3ng g\u00f3i: g\u00f3i 58g, Th\u00f9ng 24 g\u00f3i  L\u01b0u \u00fd: Bao b\u00ec s\u1ea3n ph\u1ea9m c\u00f3 th\u1ec3 thay \u0111\u1ed5i theo t\u1eebng \u0111\u1ee3t nh\u1eadp h\u00e0ng.\" \/>\n<meta property=\"og:url\" content=\"https:\/\/tolio.co.nz\/en\/product\/24-free-packages-with-vit-vifon-package-58g\/\" \/>\n<meta property=\"og:site_name\" content=\"TOLIO\" \/>\n<meta property=\"article:modified_time\" content=\"2026-03-24T01:26:33+00:00\" \/>\n<meta property=\"og:image\" content=\"https:\/\/tolio.co.nz\/wp-content\/uploads\/2022\/09\/mang-vit.png\" \/>\n\t<meta property=\"og:image:width\" content=\"1000\" \/>\n\t<meta property=\"og:image:height\" content=\"907\" \/>\n\t<meta property=\"og:image:type\" content=\"image\/png\" \/>\n<meta name=\"twitter:card\" content=\"summary_large_image\" \/>\n<meta name=\"twitter:label1\" content=\"Est. reading time\" \/>\n\t<meta name=\"twitter:data1\" content=\"1 minute\" \/>\n<script type=\"application\/ld+json\" class=\"yoast-schema-graph\">{\"@context\":\"https:\/\/schema.org\",\"@graph\":[{\"@type\":\"WebPage\",\"@id\":\"https:\/\/tolio.co.nz\/?post_type=product&p=6581\",\"url\":\"https:\/\/tolio.co.nz\/?post_type=product&p=6581\",\"name\":\"Th\u00f9ng 24 g\u00f3i mi\u1ebfn m\u0103ng v\u1ecbt Vifon g\u00f3i 58g - TOLIO\",\"isPartOf\":{\"@id\":\"https:\/\/tolio.co.nz\/#website\"},\"primaryImageOfPage\":{\"@id\":\"https:\/\/tolio.co.nz\/?post_type=product&p=6581#primaryimage\"},\"image\":{\"@id\":\"https:\/\/tolio.co.nz\/?post_type=product&p=6581#primaryimage\"},\"thumbnailUrl\":\"https:\/\/tolio.co.nz\/wp-content\/uploads\/2022\/09\/mang-vit.png\",\"datePublished\":\"2022-09-08T08:02:00+00:00\",\"dateModified\":\"2026-03-24T01:26:33+00:00\",\"description\":\"Th\u01b0\u01a1ng hi\u1ec7u: Vifon Xu\u1ea5t x\u1ee9 th\u01b0\u01a1ng hi\u1ec7u: Vi\u1ec7t Nam Quy c\u00e1ch \u0111\u00f3ng g\u00f3i: g\u00f3i 58g, Th\u00f9ng 24 g\u00f3i L\u01b0u \u00fd: Bao b\u00ec s\u1ea3n ph\u1ea9m c\u00f3 th\u1ec3 thay \u0111\u1ed5i theo t\u1eebng \u0111\u1ee3t nh\u1eadp h\u00e0ng.\",\"breadcrumb\":{\"@id\":\"https:\/\/tolio.co.nz\/?post_type=product&p=6581#breadcrumb\"},\"inLanguage\":\"en-US\",\"potentialAction\":[{\"@type\":\"ReadAction\",\"target\":[\"https:\/\/tolio.co.nz\/?post_type=product&p=6581\"]}]},{\"@type\":\"ImageObject\",\"inLanguage\":\"en-US\",\"@id\":\"https:\/\/tolio.co.nz\/?post_type=product&p=6581#primaryimage\",\"url\":\"https:\/\/tolio.co.nz\/wp-content\/uploads\/2022\/09\/mang-vit.png\",\"contentUrl\":\"https:\/\/tolio.co.nz\/wp-content\/uploads\/2022\/09\/mang-vit.png\",\"width\":1000,\"height\":907},{\"@type\":\"BreadcrumbList\",\"@id\":\"https:\/\/tolio.co.nz\/?post_type=product&p=6581#breadcrumb\",\"itemListElement\":[{\"@type\":\"ListItem\",\"position\":1,\"name\":\"Home\",\"item\":\"https:\/\/tolio.co.nz\/\"},{\"@type\":\"ListItem\",\"position\":2,\"name\":\"C\u1eeda h\u00e0ng\",\"item\":\"https:\/\/tolio.co.nz\/cua-hang\/\"},{\"@type\":\"ListItem\",\"position\":3,\"name\":\"Th\u00f9ng 24 g\u00f3i mi\u1ebfn m\u0103ng v\u1ecbt Vifon g\u00f3i 58g\"}]},{\"@type\":\"WebSite\",\"@id\":\"https:\/\/tolio.co.nz\/#website\",\"url\":\"https:\/\/tolio.co.nz\/\",\"name\":\"TOLIO\",\"description\":\"Vietnamese Grocery Online\",\"potentialAction\":[{\"@type\":\"SearchAction\",\"target\":{\"@type\":\"EntryPoint\",\"urlTemplate\":\"https:\/\/tolio.co.nz\/?s={search_term_string}\"},\"query-input\":{\"@type\":\"PropertyValueSpecification\",\"valueRequired\":true,\"valueName\":\"search_term_string\"}}],\"inLanguage\":\"en-US\"}]}<\/script>\n<!-- \/ Yoast SEO plugin. -->","yoast_head_json":{"title":"Th\u00f9ng 24 g\u00f3i mi\u1ebfn m\u0103ng v\u1ecbt Vifon g\u00f3i 58g - TOLIO","description":"Th\u01b0\u01a1ng hi\u1ec7u: Vifon  Xu\u1ea5t x\u1ee9 th\u01b0\u01a1ng hi\u1ec7u: Vi\u1ec7t Nam  Quy c\u00e1ch \u0111\u00f3ng g\u00f3i: g\u00f3i 58g, Th\u00f9ng 24 g\u00f3i  L\u01b0u \u00fd: Bao b\u00ec s\u1ea3n ph\u1ea9m c\u00f3 th\u1ec3 thay \u0111\u1ed5i theo t\u1eebng \u0111\u1ee3t nh\u1eadp h\u00e0ng.","robots":{"index":"index","follow":"follow","max-snippet":"max-snippet:-1","max-image-preview":"max-image-preview:large","max-video-preview":"max-video-preview:-1"},"canonical":"https:\/\/tolio.co.nz\/en\/product\/24-free-packages-with-vit-vifon-package-58g\/","og_locale":"en_US","og_type":"article","og_title":"Th\u00f9ng 24 g\u00f3i mi\u1ebfn m\u0103ng v\u1ecbt Vifon g\u00f3i 58g - TOLIO","og_description":"Th\u01b0\u01a1ng hi\u1ec7u: Vifon  Xu\u1ea5t x\u1ee9 th\u01b0\u01a1ng hi\u1ec7u: Vi\u1ec7t Nam  Quy c\u00e1ch \u0111\u00f3ng g\u00f3i: g\u00f3i 58g, Th\u00f9ng 24 g\u00f3i  L\u01b0u \u00fd: Bao b\u00ec s\u1ea3n ph\u1ea9m c\u00f3 th\u1ec3 thay \u0111\u1ed5i theo t\u1eebng \u0111\u1ee3t nh\u1eadp h\u00e0ng.","og_url":"https:\/\/tolio.co.nz\/en\/product\/24-free-packages-with-vit-vifon-package-58g\/","og_site_name":"TOLIO","article_modified_time":"2026-03-24T01:26:33+00:00","og_image":[{"width":1000,"height":907,"url":"https:\/\/tolio.co.nz\/wp-content\/uploads\/2022\/09\/mang-vit.png","type":"image\/png"}],"twitter_card":"summary_large_image","twitter_misc":{"Est. reading time":"1 minute"},"schema":{"@context":"https:\/\/schema.org","@graph":[{"@type":"WebPage","@id":"https:\/\/tolio.co.nz\/?post_type=product&p=6581","url":"https:\/\/tolio.co.nz\/?post_type=product&p=6581","name":"Th\u00f9ng 24 g\u00f3i mi\u1ebfn m\u0103ng v\u1ecbt Vifon g\u00f3i 58g - TOLIO","isPartOf":{"@id":"https:\/\/tolio.co.nz\/#website"},"primaryImageOfPage":{"@id":"https:\/\/tolio.co.nz\/?post_type=product&p=6581#primaryimage"},"image":{"@id":"https:\/\/tolio.co.nz\/?post_type=product&p=6581#primaryimage"},"thumbnailUrl":"https:\/\/tolio.co.nz\/wp-content\/uploads\/2022\/09\/mang-vit.png","datePublished":"2022-09-08T08:02:00+00:00","dateModified":"2026-03-24T01:26:33+00:00","description":"Th\u01b0\u01a1ng hi\u1ec7u: Vifon Xu\u1ea5t x\u1ee9 th\u01b0\u01a1ng hi\u1ec7u: Vi\u1ec7t Nam Quy c\u00e1ch \u0111\u00f3ng g\u00f3i: g\u00f3i 58g, Th\u00f9ng 24 g\u00f3i L\u01b0u \u00fd: Bao b\u00ec s\u1ea3n ph\u1ea9m c\u00f3 th\u1ec3 thay \u0111\u1ed5i theo t\u1eebng \u0111\u1ee3t nh\u1eadp h\u00e0ng.","breadcrumb":{"@id":"https:\/\/tolio.co.nz\/?post_type=product&p=6581#breadcrumb"},"inLanguage":"en-US","potentialAction":[{"@type":"ReadAction","target":["https:\/\/tolio.co.nz\/?post_type=product&p=6581"]}]},{"@type":"ImageObject","inLanguage":"en-US","@id":"https:\/\/tolio.co.nz\/?post_type=product&p=6581#primaryimage","url":"https:\/\/tolio.co.nz\/wp-content\/uploads\/2022\/09\/mang-vit.png","contentUrl":"https:\/\/tolio.co.nz\/wp-content\/uploads\/2022\/09\/mang-vit.png","width":1000,"height":907},{"@type":"BreadcrumbList","@id":"https:\/\/tolio.co.nz\/?post_type=product&p=6581#breadcrumb","itemListElement":[{"@type":"ListItem","position":1,"name":"Home","item":"https:\/\/tolio.co.nz\/"},{"@type":"ListItem","position":2,"name":"C\u1eeda h\u00e0ng","item":"https:\/\/tolio.co.nz\/cua-hang\/"},{"@type":"ListItem","position":3,"name":"Th\u00f9ng 24 g\u00f3i mi\u1ebfn m\u0103ng v\u1ecbt Vifon g\u00f3i 58g"}]},{"@type":"WebSite","@id":"https:\/\/tolio.co.nz\/#website","url":"https:\/\/tolio.co.nz\/","name":"TOLIO","description":"Vietnamese Grocery Online","potentialAction":[{"@type":"SearchAction","target":{"@type":"EntryPoint","urlTemplate":"https:\/\/tolio.co.nz\/?s={search_term_string}"},"query-input":{"@type":"PropertyValueSpecification","valueRequired":true,"valueName":"search_term_string"}}],"inLanguage":"en-US"}]}},"_links":{"self":[{"href":"https:\/\/tolio.co.nz\/en\/wp-json\/wp\/v2\/product\/6581","targetHints":{"allow":["GET"]}}],"collection":[{"href":"https:\/\/tolio.co.nz\/en\/wp-json\/wp\/v2\/product"}],"about":[{"href":"https:\/\/tolio.co.nz\/en\/wp-json\/wp\/v2\/types\/product"}],"replies":[{"embeddable":true,"href":"https:\/\/tolio.co.nz\/en\/wp-json\/wp\/v2\/comments?post=6581"}],"wp:featuredmedia":[{"embeddable":true,"href":"https:\/\/tolio.co.nz\/en\/wp-json\/wp\/v2\/media\/21227"}],"wp:attachment":[{"href":"https:\/\/tolio.co.nz\/en\/wp-json\/wp\/v2\/media?parent=6581"}],"wp:term":[{"taxonomy":"product_brand","embeddable":true,"href":"https:\/\/tolio.co.nz\/en\/wp-json\/wp\/v2\/product_brand?post=6581"},{"taxonomy":"product_cat","embeddable":true,"href":"https:\/\/tolio.co.nz\/en\/wp-json\/wp\/v2\/product_cat?post=6581"},{"taxonomy":"product_tag","embeddable":true,"href":"https:\/\/tolio.co.nz\/en\/wp-json\/wp\/v2\/product_tag?post=6581"}],"curies":[{"name":"wp","href":"https:\/\/api.w.org\/{rel}","templated":true}]}}