{"id":6694,"date":"2022-11-01T01:20:00","date_gmt":"2022-10-31T12:35:00","guid":{"rendered":"https:\/\/tolio2.sitebycat.com\/?post_type=product&#038;p=6694"},"modified":"2026-04-10T21:07:28","modified_gmt":"2026-04-10T09:07:28","slug":"banh-snack-que-do-thai-lan-vi-truyen-thong-goi-55g","status":"publish","type":"product","link":"https:\/\/tolio.co.nz\/en\/product\/thai-made-stick-snack-cake-with-television-package-55g\/","title":{"rendered":"Thailand Red Stick Traditional Flavor Snack 55g"},"content":{"rendered":"<p><strong>Thailand Red Stick Traditional Flavor Snack 55g <\/strong>When eaten crunchy and chewed a lot, it will be delicious, rich in flavor and have a fragrant shrimp smell that stimulates the taste buds. Dorkbua shrimp flavored cake sticks 55g are convenient, watching movies and reading books is also very interesting and relaxing. Dorkbua snack sticks are made in Thailand with quality and safety.<\/p>\n<p><strong>User manual<\/strong>:<\/p>\n<ul>\n<li>Direct use<\/li>\n<\/ul>\n<p><strong>Preserve<\/strong>:<\/p>\n<ul>\n<li>Store in a cool, dry place, away from direct sunlight<\/li>\n<\/ul>","protected":false},"excerpt":{"rendered":"<ul>\n<li>Brand: Dorkbua<\/li>\n<li>Brand Origin: Thailand<\/li>\n<li>Packaging: 55g package<\/li>\n<li>Note: Product packaging may change from batch to batch.<\/li>\n<\/ul>","protected":false},"featured_media":20837,"comment_status":"open","ping_status":"closed","template":"","meta":[],"product_brand":[],"product_cat":[35],"product_tag":[],"class_list":{"0":"post-6694","1":"product","2":"type-product","3":"status-publish","4":"has-post-thumbnail","6":"product_cat-banh-keo","7":"pa_thuong-hieu-dorkbua","9":"first","10":"instock","11":"shipping-taxable","12":"purchasable","13":"product-type-simple"},"yoast_head":"<!-- This site is optimized with the Yoast SEO plugin v24.4 - https:\/\/yoast.com\/wordpress\/plugins\/seo\/ -->\n<title>B\u00e1nh Snack que \u0111\u1ecf Th\u00e1i Lan v\u1ecb truy\u1ec1n th\u1ed1ng g\u00f3i 55g - TOLIO<\/title>\n<meta name=\"description\" content=\"Th\u01b0\u01a1ng hi\u1ec7u: Dorkbua  Xu\u1ea5t x\u1ee9 th\u01b0\u01a1ng hi\u1ec7u: Th\u00e1i Lan  Quy c\u00e1ch \u0111\u00f3ng g\u00f3i: G\u00f3i 55g  L\u01b0u \u00fd: Bao b\u00ec s\u1ea3n ph\u1ea9m c\u00f3 th\u1ec3 thay \u0111\u1ed5i theo t\u1eebng \u0111\u1ee3t nh\u1eadp h\u00e0ng.\" \/>\n<meta name=\"robots\" content=\"index, follow, max-snippet:-1, max-image-preview:large, max-video-preview:-1\" \/>\n<link rel=\"canonical\" href=\"https:\/\/tolio.co.nz\/en\/product\/thai-made-stick-snack-cake-with-television-package-55g\/\" \/>\n<meta property=\"og:locale\" content=\"en_US\" \/>\n<meta property=\"og:type\" content=\"article\" \/>\n<meta property=\"og:title\" content=\"B\u00e1nh Snack que \u0111\u1ecf Th\u00e1i Lan v\u1ecb truy\u1ec1n th\u1ed1ng g\u00f3i 55g - TOLIO\" \/>\n<meta property=\"og:description\" content=\"Th\u01b0\u01a1ng hi\u1ec7u: Dorkbua  Xu\u1ea5t x\u1ee9 th\u01b0\u01a1ng hi\u1ec7u: Th\u00e1i Lan  Quy c\u00e1ch \u0111\u00f3ng g\u00f3i: G\u00f3i 55g  L\u01b0u \u00fd: Bao b\u00ec s\u1ea3n ph\u1ea9m c\u00f3 th\u1ec3 thay \u0111\u1ed5i theo t\u1eebng \u0111\u1ee3t nh\u1eadp h\u00e0ng.\" \/>\n<meta property=\"og:url\" content=\"https:\/\/tolio.co.nz\/en\/product\/thai-made-stick-snack-cake-with-television-package-55g\/\" \/>\n<meta property=\"og:site_name\" content=\"TOLIO\" \/>\n<meta property=\"article:modified_time\" content=\"2026-04-10T09:07:28+00:00\" \/>\n<meta property=\"og:image\" content=\"https:\/\/tolio.co.nz\/wp-content\/uploads\/2022\/11\/351.png\" \/>\n\t<meta property=\"og:image:width\" content=\"1000\" \/>\n\t<meta property=\"og:image:height\" content=\"907\" \/>\n\t<meta property=\"og:image:type\" content=\"image\/png\" \/>\n<meta name=\"twitter:card\" content=\"summary_large_image\" \/>\n<meta name=\"twitter:label1\" content=\"Est. reading time\" \/>\n\t<meta name=\"twitter:data1\" content=\"1 minute\" \/>\n<script type=\"application\/ld+json\" class=\"yoast-schema-graph\">{\"@context\":\"https:\/\/schema.org\",\"@graph\":[{\"@type\":\"WebPage\",\"@id\":\"https:\/\/tolio.co.nz\/san-pham\/banh-snack-que-do-thai-lan-vi-truyen-thong-goi-55g\/\",\"url\":\"https:\/\/tolio.co.nz\/san-pham\/banh-snack-que-do-thai-lan-vi-truyen-thong-goi-55g\/\",\"name\":\"B\u00e1nh Snack que \u0111\u1ecf Th\u00e1i Lan v\u1ecb truy\u1ec1n th\u1ed1ng g\u00f3i 55g - TOLIO\",\"isPartOf\":{\"@id\":\"https:\/\/tolio.co.nz\/#website\"},\"primaryImageOfPage\":{\"@id\":\"https:\/\/tolio.co.nz\/san-pham\/banh-snack-que-do-thai-lan-vi-truyen-thong-goi-55g\/#primaryimage\"},\"image\":{\"@id\":\"https:\/\/tolio.co.nz\/san-pham\/banh-snack-que-do-thai-lan-vi-truyen-thong-goi-55g\/#primaryimage\"},\"thumbnailUrl\":\"https:\/\/tolio.co.nz\/wp-content\/uploads\/2022\/11\/351.png\",\"datePublished\":\"2022-10-31T12:35:00+00:00\",\"dateModified\":\"2026-04-10T09:07:28+00:00\",\"description\":\"Th\u01b0\u01a1ng hi\u1ec7u: Dorkbua Xu\u1ea5t x\u1ee9 th\u01b0\u01a1ng hi\u1ec7u: Th\u00e1i Lan Quy c\u00e1ch \u0111\u00f3ng g\u00f3i: G\u00f3i 55g L\u01b0u \u00fd: Bao b\u00ec s\u1ea3n ph\u1ea9m c\u00f3 th\u1ec3 thay \u0111\u1ed5i theo t\u1eebng \u0111\u1ee3t nh\u1eadp h\u00e0ng.\",\"breadcrumb\":{\"@id\":\"https:\/\/tolio.co.nz\/san-pham\/banh-snack-que-do-thai-lan-vi-truyen-thong-goi-55g\/#breadcrumb\"},\"inLanguage\":\"en-US\",\"potentialAction\":[{\"@type\":\"ReadAction\",\"target\":[\"https:\/\/tolio.co.nz\/san-pham\/banh-snack-que-do-thai-lan-vi-truyen-thong-goi-55g\/\"]}]},{\"@type\":\"ImageObject\",\"inLanguage\":\"en-US\",\"@id\":\"https:\/\/tolio.co.nz\/san-pham\/banh-snack-que-do-thai-lan-vi-truyen-thong-goi-55g\/#primaryimage\",\"url\":\"https:\/\/tolio.co.nz\/wp-content\/uploads\/2022\/11\/351.png\",\"contentUrl\":\"https:\/\/tolio.co.nz\/wp-content\/uploads\/2022\/11\/351.png\",\"width\":1000,\"height\":907},{\"@type\":\"BreadcrumbList\",\"@id\":\"https:\/\/tolio.co.nz\/san-pham\/banh-snack-que-do-thai-lan-vi-truyen-thong-goi-55g\/#breadcrumb\",\"itemListElement\":[{\"@type\":\"ListItem\",\"position\":1,\"name\":\"Home\",\"item\":\"https:\/\/tolio.co.nz\/\"},{\"@type\":\"ListItem\",\"position\":2,\"name\":\"C\u1eeda h\u00e0ng\",\"item\":\"https:\/\/tolio.co.nz\/cua-hang\/\"},{\"@type\":\"ListItem\",\"position\":3,\"name\":\"B\u00e1nh Snack que \u0111\u1ecf Th\u00e1i Lan v\u1ecb truy\u1ec1n th\u1ed1ng g\u00f3i 55g\"}]},{\"@type\":\"WebSite\",\"@id\":\"https:\/\/tolio.co.nz\/#website\",\"url\":\"https:\/\/tolio.co.nz\/\",\"name\":\"TOLIO\",\"description\":\"Vietnamese Grocery Online\",\"potentialAction\":[{\"@type\":\"SearchAction\",\"target\":{\"@type\":\"EntryPoint\",\"urlTemplate\":\"https:\/\/tolio.co.nz\/?s={search_term_string}\"},\"query-input\":{\"@type\":\"PropertyValueSpecification\",\"valueRequired\":true,\"valueName\":\"search_term_string\"}}],\"inLanguage\":\"en-US\"}]}<\/script>\n<!-- \/ Yoast SEO plugin. -->","yoast_head_json":{"title":"B\u00e1nh Snack que \u0111\u1ecf Th\u00e1i Lan v\u1ecb truy\u1ec1n th\u1ed1ng g\u00f3i 55g - TOLIO","description":"Th\u01b0\u01a1ng hi\u1ec7u: Dorkbua  Xu\u1ea5t x\u1ee9 th\u01b0\u01a1ng hi\u1ec7u: Th\u00e1i Lan  Quy c\u00e1ch \u0111\u00f3ng g\u00f3i: G\u00f3i 55g  L\u01b0u \u00fd: Bao b\u00ec s\u1ea3n ph\u1ea9m c\u00f3 th\u1ec3 thay \u0111\u1ed5i theo t\u1eebng \u0111\u1ee3t nh\u1eadp h\u00e0ng.","robots":{"index":"index","follow":"follow","max-snippet":"max-snippet:-1","max-image-preview":"max-image-preview:large","max-video-preview":"max-video-preview:-1"},"canonical":"https:\/\/tolio.co.nz\/en\/product\/thai-made-stick-snack-cake-with-television-package-55g\/","og_locale":"en_US","og_type":"article","og_title":"B\u00e1nh Snack que \u0111\u1ecf Th\u00e1i Lan v\u1ecb truy\u1ec1n th\u1ed1ng g\u00f3i 55g - TOLIO","og_description":"Th\u01b0\u01a1ng hi\u1ec7u: Dorkbua  Xu\u1ea5t x\u1ee9 th\u01b0\u01a1ng hi\u1ec7u: Th\u00e1i Lan  Quy c\u00e1ch \u0111\u00f3ng g\u00f3i: G\u00f3i 55g  L\u01b0u \u00fd: Bao b\u00ec s\u1ea3n ph\u1ea9m c\u00f3 th\u1ec3 thay \u0111\u1ed5i theo t\u1eebng \u0111\u1ee3t nh\u1eadp h\u00e0ng.","og_url":"https:\/\/tolio.co.nz\/en\/product\/thai-made-stick-snack-cake-with-television-package-55g\/","og_site_name":"TOLIO","article_modified_time":"2026-04-10T09:07:28+00:00","og_image":[{"width":1000,"height":907,"url":"https:\/\/tolio.co.nz\/wp-content\/uploads\/2022\/11\/351.png","type":"image\/png"}],"twitter_card":"summary_large_image","twitter_misc":{"Est. reading time":"1 minute"},"schema":{"@context":"https:\/\/schema.org","@graph":[{"@type":"WebPage","@id":"https:\/\/tolio.co.nz\/san-pham\/banh-snack-que-do-thai-lan-vi-truyen-thong-goi-55g\/","url":"https:\/\/tolio.co.nz\/san-pham\/banh-snack-que-do-thai-lan-vi-truyen-thong-goi-55g\/","name":"B\u00e1nh Snack que \u0111\u1ecf Th\u00e1i Lan v\u1ecb truy\u1ec1n th\u1ed1ng g\u00f3i 55g - TOLIO","isPartOf":{"@id":"https:\/\/tolio.co.nz\/#website"},"primaryImageOfPage":{"@id":"https:\/\/tolio.co.nz\/san-pham\/banh-snack-que-do-thai-lan-vi-truyen-thong-goi-55g\/#primaryimage"},"image":{"@id":"https:\/\/tolio.co.nz\/san-pham\/banh-snack-que-do-thai-lan-vi-truyen-thong-goi-55g\/#primaryimage"},"thumbnailUrl":"https:\/\/tolio.co.nz\/wp-content\/uploads\/2022\/11\/351.png","datePublished":"2022-10-31T12:35:00+00:00","dateModified":"2026-04-10T09:07:28+00:00","description":"Th\u01b0\u01a1ng hi\u1ec7u: Dorkbua Xu\u1ea5t x\u1ee9 th\u01b0\u01a1ng hi\u1ec7u: Th\u00e1i Lan Quy c\u00e1ch \u0111\u00f3ng g\u00f3i: G\u00f3i 55g L\u01b0u \u00fd: Bao b\u00ec s\u1ea3n ph\u1ea9m c\u00f3 th\u1ec3 thay \u0111\u1ed5i theo t\u1eebng \u0111\u1ee3t nh\u1eadp h\u00e0ng.","breadcrumb":{"@id":"https:\/\/tolio.co.nz\/san-pham\/banh-snack-que-do-thai-lan-vi-truyen-thong-goi-55g\/#breadcrumb"},"inLanguage":"en-US","potentialAction":[{"@type":"ReadAction","target":["https:\/\/tolio.co.nz\/san-pham\/banh-snack-que-do-thai-lan-vi-truyen-thong-goi-55g\/"]}]},{"@type":"ImageObject","inLanguage":"en-US","@id":"https:\/\/tolio.co.nz\/san-pham\/banh-snack-que-do-thai-lan-vi-truyen-thong-goi-55g\/#primaryimage","url":"https:\/\/tolio.co.nz\/wp-content\/uploads\/2022\/11\/351.png","contentUrl":"https:\/\/tolio.co.nz\/wp-content\/uploads\/2022\/11\/351.png","width":1000,"height":907},{"@type":"BreadcrumbList","@id":"https:\/\/tolio.co.nz\/san-pham\/banh-snack-que-do-thai-lan-vi-truyen-thong-goi-55g\/#breadcrumb","itemListElement":[{"@type":"ListItem","position":1,"name":"Home","item":"https:\/\/tolio.co.nz\/"},{"@type":"ListItem","position":2,"name":"C\u1eeda h\u00e0ng","item":"https:\/\/tolio.co.nz\/cua-hang\/"},{"@type":"ListItem","position":3,"name":"B\u00e1nh Snack que \u0111\u1ecf Th\u00e1i Lan v\u1ecb truy\u1ec1n th\u1ed1ng g\u00f3i 55g"}]},{"@type":"WebSite","@id":"https:\/\/tolio.co.nz\/#website","url":"https:\/\/tolio.co.nz\/","name":"TOLIO","description":"Vietnamese Grocery Online","potentialAction":[{"@type":"SearchAction","target":{"@type":"EntryPoint","urlTemplate":"https:\/\/tolio.co.nz\/?s={search_term_string}"},"query-input":{"@type":"PropertyValueSpecification","valueRequired":true,"valueName":"search_term_string"}}],"inLanguage":"en-US"}]}},"_links":{"self":[{"href":"https:\/\/tolio.co.nz\/en\/wp-json\/wp\/v2\/product\/6694","targetHints":{"allow":["GET"]}}],"collection":[{"href":"https:\/\/tolio.co.nz\/en\/wp-json\/wp\/v2\/product"}],"about":[{"href":"https:\/\/tolio.co.nz\/en\/wp-json\/wp\/v2\/types\/product"}],"replies":[{"embeddable":true,"href":"https:\/\/tolio.co.nz\/en\/wp-json\/wp\/v2\/comments?post=6694"}],"wp:featuredmedia":[{"embeddable":true,"href":"https:\/\/tolio.co.nz\/en\/wp-json\/wp\/v2\/media\/20837"}],"wp:attachment":[{"href":"https:\/\/tolio.co.nz\/en\/wp-json\/wp\/v2\/media?parent=6694"}],"wp:term":[{"taxonomy":"product_brand","embeddable":true,"href":"https:\/\/tolio.co.nz\/en\/wp-json\/wp\/v2\/product_brand?post=6694"},{"taxonomy":"product_cat","embeddable":true,"href":"https:\/\/tolio.co.nz\/en\/wp-json\/wp\/v2\/product_cat?post=6694"},{"taxonomy":"product_tag","embeddable":true,"href":"https:\/\/tolio.co.nz\/en\/wp-json\/wp\/v2\/product_tag?post=6694"}],"curies":[{"name":"wp","href":"https:\/\/api.w.org\/{rel}","templated":true}]}}