{"id":6739,"date":"2022-09-09T15:54:00","date_gmt":"2022-09-09T03:09:00","guid":{"rendered":"https:\/\/tolio2.sitebycat.com\/?post_type=product&#038;p=6739"},"modified":"2026-03-24T13:26:46","modified_gmt":"2026-03-24T01:26:46","slug":"set-5-goi-banh-trang-cha-gio-gia-bao-22cm-400g","status":"publish","type":"product","link":"https:\/\/tolio.co.nz\/en\/product\/set-of-5-packages-of-rice-cakes-price-22cm-400g\/","title":{"rendered":"Set of Gia Bao spring roll rice paper 22cm 5 x 400g"},"content":{"rendered":"<p><strong>Gia Bao spring roll rice paper 22cm 400g<\/strong> suitable for shrimp rolls or ram rolls. The cake doesn&#039;t tear when rolled, and when fried, it has a certain crispness<\/p>\n<p><strong>How to Use:<\/strong><\/p>\n<ul>\n<li>\u00a0Lightly wet when rolling food, best when preparing spring rolls<\/li>\n<\/ul>\n<p><strong>Preserve:<\/strong><\/p>\n<ul>\n<li>Preserved in dry, cool place.<\/li>\n<li>Avoid direct sunlight.<\/li>\n<\/ul>","protected":false},"excerpt":{"rendered":"<ul>\n<li>Brand: Gia Bao<\/li>\n<li>Brand Country: Viet nam<\/li>\n<li>Packing: 400g pack<\/li>\n<li>Note: Product packaging may change from batch to batch<\/li>\n<\/ul>","protected":false},"featured_media":20592,"comment_status":"open","ping_status":"closed","template":"","meta":[],"product_brand":[],"product_cat":[32],"product_tag":[],"class_list":{"0":"post-6739","1":"product","2":"type-product","3":"status-publish","4":"has-post-thumbnail","6":"product_cat-bun-pho-banh-trang","7":"pa_thuong-hieu-gia-bao","9":"first","10":"instock","11":"sale","12":"shipping-taxable","13":"purchasable","14":"product-type-simple"},"yoast_head":"<!-- This site is optimized with the Yoast SEO plugin v24.4 - https:\/\/yoast.com\/wordpress\/plugins\/seo\/ -->\n<title>Set 5 g\u00f3i b\u00e1nh tr\u00e1ng ch\u1ea3 gi\u00f2 Gia B\u1ea3o 22cm 400g - TOLIO<\/title>\n<meta name=\"description\" content=\"Th\u01b0\u01a1ng hi\u1ec7u: Gia b\u1ea3o  Xu\u1ea5t x\u1ee9 th\u01b0\u01a1ng hi\u1ec7u: Vi\u1ec7t Nam  Quy c\u00e1ch \u0111\u00f3ng g\u00f3i: g\u00f3i 400g  L\u01b0u \u00fd: Bao b\u00ec s\u1ea3n ph\u1ea9m c\u00f3 th\u1ec3 thay \u0111\u1ed5i theo t\u1eebng \u0111\u1ee3t nh\u1eadp h\u00e0ng\" \/>\n<meta name=\"robots\" content=\"index, follow, max-snippet:-1, max-image-preview:large, max-video-preview:-1\" \/>\n<link rel=\"canonical\" href=\"https:\/\/tolio.co.nz\/en\/product\/set-of-5-packages-of-rice-cakes-price-22cm-400g\/\" \/>\n<meta property=\"og:locale\" content=\"en_US\" \/>\n<meta property=\"og:type\" content=\"article\" \/>\n<meta property=\"og:title\" content=\"Set 5 g\u00f3i b\u00e1nh tr\u00e1ng ch\u1ea3 gi\u00f2 Gia B\u1ea3o 22cm 400g - TOLIO\" \/>\n<meta property=\"og:description\" content=\"Th\u01b0\u01a1ng hi\u1ec7u: Gia b\u1ea3o  Xu\u1ea5t x\u1ee9 th\u01b0\u01a1ng hi\u1ec7u: Vi\u1ec7t Nam  Quy c\u00e1ch \u0111\u00f3ng g\u00f3i: g\u00f3i 400g  L\u01b0u \u00fd: Bao b\u00ec s\u1ea3n ph\u1ea9m c\u00f3 th\u1ec3 thay \u0111\u1ed5i theo t\u1eebng \u0111\u1ee3t nh\u1eadp h\u00e0ng\" \/>\n<meta property=\"og:url\" content=\"https:\/\/tolio.co.nz\/en\/product\/set-of-5-packages-of-rice-cakes-price-22cm-400g\/\" \/>\n<meta property=\"og:site_name\" content=\"TOLIO\" \/>\n<meta property=\"article:modified_time\" content=\"2026-03-24T01:26:46+00:00\" \/>\n<meta property=\"og:image\" content=\"https:\/\/tolio.co.nz\/wp-content\/uploads\/2022\/09\/143.png\" \/>\n\t<meta property=\"og:image:width\" content=\"1000\" \/>\n\t<meta property=\"og:image:height\" content=\"907\" \/>\n\t<meta property=\"og:image:type\" content=\"image\/png\" \/>\n<meta name=\"twitter:card\" content=\"summary_large_image\" \/>\n<meta name=\"twitter:label1\" content=\"Est. reading time\" \/>\n\t<meta name=\"twitter:data1\" content=\"1 minute\" \/>\n<script type=\"application\/ld+json\" class=\"yoast-schema-graph\">{\"@context\":\"https:\/\/schema.org\",\"@graph\":[{\"@type\":\"WebPage\",\"@id\":\"https:\/\/tolio.co.nz\/san-pham\/set-5-goi-banh-trang-cha-gio-gia-bao-22cm-400g\/\",\"url\":\"https:\/\/tolio.co.nz\/san-pham\/set-5-goi-banh-trang-cha-gio-gia-bao-22cm-400g\/\",\"name\":\"Set 5 g\u00f3i b\u00e1nh tr\u00e1ng ch\u1ea3 gi\u00f2 Gia B\u1ea3o 22cm 400g - TOLIO\",\"isPartOf\":{\"@id\":\"https:\/\/tolio.co.nz\/#website\"},\"primaryImageOfPage\":{\"@id\":\"https:\/\/tolio.co.nz\/san-pham\/set-5-goi-banh-trang-cha-gio-gia-bao-22cm-400g\/#primaryimage\"},\"image\":{\"@id\":\"https:\/\/tolio.co.nz\/san-pham\/set-5-goi-banh-trang-cha-gio-gia-bao-22cm-400g\/#primaryimage\"},\"thumbnailUrl\":\"https:\/\/tolio.co.nz\/wp-content\/uploads\/2022\/09\/143.png\",\"datePublished\":\"2022-09-09T03:09:00+00:00\",\"dateModified\":\"2026-03-24T01:26:46+00:00\",\"description\":\"Th\u01b0\u01a1ng hi\u1ec7u: Gia b\u1ea3o Xu\u1ea5t x\u1ee9 th\u01b0\u01a1ng hi\u1ec7u: Vi\u1ec7t Nam Quy c\u00e1ch \u0111\u00f3ng g\u00f3i: g\u00f3i 400g L\u01b0u \u00fd: Bao b\u00ec s\u1ea3n ph\u1ea9m c\u00f3 th\u1ec3 thay \u0111\u1ed5i theo t\u1eebng \u0111\u1ee3t nh\u1eadp h\u00e0ng\",\"breadcrumb\":{\"@id\":\"https:\/\/tolio.co.nz\/san-pham\/set-5-goi-banh-trang-cha-gio-gia-bao-22cm-400g\/#breadcrumb\"},\"inLanguage\":\"en-US\",\"potentialAction\":[{\"@type\":\"ReadAction\",\"target\":[\"https:\/\/tolio.co.nz\/san-pham\/set-5-goi-banh-trang-cha-gio-gia-bao-22cm-400g\/\"]}]},{\"@type\":\"ImageObject\",\"inLanguage\":\"en-US\",\"@id\":\"https:\/\/tolio.co.nz\/san-pham\/set-5-goi-banh-trang-cha-gio-gia-bao-22cm-400g\/#primaryimage\",\"url\":\"https:\/\/tolio.co.nz\/wp-content\/uploads\/2022\/09\/143.png\",\"contentUrl\":\"https:\/\/tolio.co.nz\/wp-content\/uploads\/2022\/09\/143.png\",\"width\":1000,\"height\":907},{\"@type\":\"BreadcrumbList\",\"@id\":\"https:\/\/tolio.co.nz\/san-pham\/set-5-goi-banh-trang-cha-gio-gia-bao-22cm-400g\/#breadcrumb\",\"itemListElement\":[{\"@type\":\"ListItem\",\"position\":1,\"name\":\"Home\",\"item\":\"https:\/\/tolio.co.nz\/\"},{\"@type\":\"ListItem\",\"position\":2,\"name\":\"C\u1eeda h\u00e0ng\",\"item\":\"https:\/\/tolio.co.nz\/cua-hang\/\"},{\"@type\":\"ListItem\",\"position\":3,\"name\":\"Set 5 g\u00f3i b\u00e1nh tr\u00e1ng ch\u1ea3 gi\u00f2 Gia B\u1ea3o 22cm 400g\"}]},{\"@type\":\"WebSite\",\"@id\":\"https:\/\/tolio.co.nz\/#website\",\"url\":\"https:\/\/tolio.co.nz\/\",\"name\":\"TOLIO\",\"description\":\"Vietnamese Grocery Online\",\"potentialAction\":[{\"@type\":\"SearchAction\",\"target\":{\"@type\":\"EntryPoint\",\"urlTemplate\":\"https:\/\/tolio.co.nz\/?s={search_term_string}\"},\"query-input\":{\"@type\":\"PropertyValueSpecification\",\"valueRequired\":true,\"valueName\":\"search_term_string\"}}],\"inLanguage\":\"en-US\"}]}<\/script>\n<!-- \/ Yoast SEO plugin. -->","yoast_head_json":{"title":"Set 5 g\u00f3i b\u00e1nh tr\u00e1ng ch\u1ea3 gi\u00f2 Gia B\u1ea3o 22cm 400g - TOLIO","description":"Th\u01b0\u01a1ng hi\u1ec7u: Gia b\u1ea3o  Xu\u1ea5t x\u1ee9 th\u01b0\u01a1ng hi\u1ec7u: Vi\u1ec7t Nam  Quy c\u00e1ch \u0111\u00f3ng g\u00f3i: g\u00f3i 400g  L\u01b0u \u00fd: Bao b\u00ec s\u1ea3n ph\u1ea9m c\u00f3 th\u1ec3 thay \u0111\u1ed5i theo t\u1eebng \u0111\u1ee3t nh\u1eadp h\u00e0ng","robots":{"index":"index","follow":"follow","max-snippet":"max-snippet:-1","max-image-preview":"max-image-preview:large","max-video-preview":"max-video-preview:-1"},"canonical":"https:\/\/tolio.co.nz\/en\/product\/set-of-5-packages-of-rice-cakes-price-22cm-400g\/","og_locale":"en_US","og_type":"article","og_title":"Set 5 g\u00f3i b\u00e1nh tr\u00e1ng ch\u1ea3 gi\u00f2 Gia B\u1ea3o 22cm 400g - TOLIO","og_description":"Th\u01b0\u01a1ng hi\u1ec7u: Gia b\u1ea3o  Xu\u1ea5t x\u1ee9 th\u01b0\u01a1ng hi\u1ec7u: Vi\u1ec7t Nam  Quy c\u00e1ch \u0111\u00f3ng g\u00f3i: g\u00f3i 400g  L\u01b0u \u00fd: Bao b\u00ec s\u1ea3n ph\u1ea9m c\u00f3 th\u1ec3 thay \u0111\u1ed5i theo t\u1eebng \u0111\u1ee3t nh\u1eadp h\u00e0ng","og_url":"https:\/\/tolio.co.nz\/en\/product\/set-of-5-packages-of-rice-cakes-price-22cm-400g\/","og_site_name":"TOLIO","article_modified_time":"2026-03-24T01:26:46+00:00","og_image":[{"width":1000,"height":907,"url":"https:\/\/tolio.co.nz\/wp-content\/uploads\/2022\/09\/143.png","type":"image\/png"}],"twitter_card":"summary_large_image","twitter_misc":{"Est. reading time":"1 minute"},"schema":{"@context":"https:\/\/schema.org","@graph":[{"@type":"WebPage","@id":"https:\/\/tolio.co.nz\/san-pham\/set-5-goi-banh-trang-cha-gio-gia-bao-22cm-400g\/","url":"https:\/\/tolio.co.nz\/san-pham\/set-5-goi-banh-trang-cha-gio-gia-bao-22cm-400g\/","name":"Set 5 g\u00f3i b\u00e1nh tr\u00e1ng ch\u1ea3 gi\u00f2 Gia B\u1ea3o 22cm 400g - TOLIO","isPartOf":{"@id":"https:\/\/tolio.co.nz\/#website"},"primaryImageOfPage":{"@id":"https:\/\/tolio.co.nz\/san-pham\/set-5-goi-banh-trang-cha-gio-gia-bao-22cm-400g\/#primaryimage"},"image":{"@id":"https:\/\/tolio.co.nz\/san-pham\/set-5-goi-banh-trang-cha-gio-gia-bao-22cm-400g\/#primaryimage"},"thumbnailUrl":"https:\/\/tolio.co.nz\/wp-content\/uploads\/2022\/09\/143.png","datePublished":"2022-09-09T03:09:00+00:00","dateModified":"2026-03-24T01:26:46+00:00","description":"Th\u01b0\u01a1ng hi\u1ec7u: Gia b\u1ea3o Xu\u1ea5t x\u1ee9 th\u01b0\u01a1ng hi\u1ec7u: Vi\u1ec7t Nam Quy c\u00e1ch \u0111\u00f3ng g\u00f3i: g\u00f3i 400g L\u01b0u \u00fd: Bao b\u00ec s\u1ea3n ph\u1ea9m c\u00f3 th\u1ec3 thay \u0111\u1ed5i theo t\u1eebng \u0111\u1ee3t nh\u1eadp h\u00e0ng","breadcrumb":{"@id":"https:\/\/tolio.co.nz\/san-pham\/set-5-goi-banh-trang-cha-gio-gia-bao-22cm-400g\/#breadcrumb"},"inLanguage":"en-US","potentialAction":[{"@type":"ReadAction","target":["https:\/\/tolio.co.nz\/san-pham\/set-5-goi-banh-trang-cha-gio-gia-bao-22cm-400g\/"]}]},{"@type":"ImageObject","inLanguage":"en-US","@id":"https:\/\/tolio.co.nz\/san-pham\/set-5-goi-banh-trang-cha-gio-gia-bao-22cm-400g\/#primaryimage","url":"https:\/\/tolio.co.nz\/wp-content\/uploads\/2022\/09\/143.png","contentUrl":"https:\/\/tolio.co.nz\/wp-content\/uploads\/2022\/09\/143.png","width":1000,"height":907},{"@type":"BreadcrumbList","@id":"https:\/\/tolio.co.nz\/san-pham\/set-5-goi-banh-trang-cha-gio-gia-bao-22cm-400g\/#breadcrumb","itemListElement":[{"@type":"ListItem","position":1,"name":"Home","item":"https:\/\/tolio.co.nz\/"},{"@type":"ListItem","position":2,"name":"C\u1eeda h\u00e0ng","item":"https:\/\/tolio.co.nz\/cua-hang\/"},{"@type":"ListItem","position":3,"name":"Set 5 g\u00f3i b\u00e1nh tr\u00e1ng ch\u1ea3 gi\u00f2 Gia B\u1ea3o 22cm 400g"}]},{"@type":"WebSite","@id":"https:\/\/tolio.co.nz\/#website","url":"https:\/\/tolio.co.nz\/","name":"TOLIO","description":"Vietnamese Grocery Online","potentialAction":[{"@type":"SearchAction","target":{"@type":"EntryPoint","urlTemplate":"https:\/\/tolio.co.nz\/?s={search_term_string}"},"query-input":{"@type":"PropertyValueSpecification","valueRequired":true,"valueName":"search_term_string"}}],"inLanguage":"en-US"}]}},"_links":{"self":[{"href":"https:\/\/tolio.co.nz\/en\/wp-json\/wp\/v2\/product\/6739","targetHints":{"allow":["GET"]}}],"collection":[{"href":"https:\/\/tolio.co.nz\/en\/wp-json\/wp\/v2\/product"}],"about":[{"href":"https:\/\/tolio.co.nz\/en\/wp-json\/wp\/v2\/types\/product"}],"replies":[{"embeddable":true,"href":"https:\/\/tolio.co.nz\/en\/wp-json\/wp\/v2\/comments?post=6739"}],"wp:featuredmedia":[{"embeddable":true,"href":"https:\/\/tolio.co.nz\/en\/wp-json\/wp\/v2\/media\/20592"}],"wp:attachment":[{"href":"https:\/\/tolio.co.nz\/en\/wp-json\/wp\/v2\/media?parent=6739"}],"wp:term":[{"taxonomy":"product_brand","embeddable":true,"href":"https:\/\/tolio.co.nz\/en\/wp-json\/wp\/v2\/product_brand?post=6739"},{"taxonomy":"product_cat","embeddable":true,"href":"https:\/\/tolio.co.nz\/en\/wp-json\/wp\/v2\/product_cat?post=6739"},{"taxonomy":"product_tag","embeddable":true,"href":"https:\/\/tolio.co.nz\/en\/wp-json\/wp\/v2\/product_tag?post=6739"}],"curies":[{"name":"wp","href":"https:\/\/api.w.org\/{rel}","templated":true}]}}