{"id":7295,"date":"2022-11-06T17:05:00","date_gmt":"2022-11-06T04:20:00","guid":{"rendered":"https:\/\/tolio2.sitebycat.com\/?post_type=product&#038;p=7295"},"modified":"2026-04-02T19:35:25","modified_gmt":"2026-04-02T07:35:25","slug":"thung-44-goi-banh-trang-vuong-22cm-340g-ba-cay-tre","status":"publish","type":"product","link":"https:\/\/tolio.co.nz\/en\/product\/44-packages-of-banh-trang-vuong-22cm-340g-three-spicy-bamboo\/","title":{"rendered":"Box of square rice paper Ba Cay Tre 22cm 44 x 340g"},"content":{"rendered":"<p><strong>Box of square rice paper Ba Cay Tre 22cm 44 x 340g<\/strong> Products are manufactured under a closed modern process, meeting the export standards of many countries around the world, including the most demanding markets such as the United States, Japan, Korea, Australia, Canada, and other countries. countries in Europe.<\/p>\n<p><strong>How to Use:<\/strong><\/p>\n<ul>\n<li>Take 1 piece of rice paper each time<\/li>\n<li>Dip rice paper in warm water for 5 seconds<\/li>\n<li>Place rice paper on a flat plate<\/li>\n<li>Put cooked seafood or meat, vermicelli and vegetables on rice paper<\/li>\n<li>Roll rice paper into rolls<\/li>\n<li>Serve with fish sauce mixed with garlic and chili<\/li>\n<\/ul>\n<p><strong>Preserve:<\/strong><\/p>\n<ul>\n<li>To a dry, cool place.<\/li>\n<li>Store at room temperature<\/li>\n<\/ul>","protected":false},"excerpt":{"rendered":"<ul>\n<li>Brand: Three bamboos<\/li>\n<li>Brand Country: Viet nam<\/li>\n<li>Packing: 340g pack, 44 packs\/carton<\/li>\n<li>Note: Product packaging may change from batch to batch<\/li>\n<\/ul>\n<p>&nbsp;<\/p>","protected":false},"featured_media":17329,"comment_status":"open","ping_status":"closed","template":"","meta":[],"product_brand":[],"product_cat":[876,32],"product_tag":[148,153,152],"class_list":{"0":"post-7295","1":"product","2":"type-product","3":"status-publish","4":"has-post-thumbnail","6":"product_cat-uu-dai-thung","7":"product_cat-bun-pho-banh-trang","8":"product_tag-banh-trang","9":"product_tag-banh-trang-ba-cay-tre","10":"product_tag-banh-trang-cuon","11":"pa_thuong-hieu-ba-cay-tre","13":"first","14":"instock","15":"sale","16":"shipping-taxable","17":"purchasable","18":"product-type-simple"},"yoast_head":"<!-- This site is optimized with the Yoast SEO plugin v24.4 - https:\/\/yoast.com\/wordpress\/plugins\/seo\/ -->\n<title>Th\u00f9ng 44 g\u00f3i b\u00e1nh tr\u00e1ng vu\u00f4ng 22cm 340g Ba C\u00e2y Tre - TOLIO<\/title>\n<meta name=\"description\" content=\"Th\u01b0\u01a1ng hi\u1ec7u: Ba c\u00e2y tre  Xu\u1ea5t x\u1ee9 th\u01b0\u01a1ng hi\u1ec7u: Vi\u1ec7t Nam  Quy c\u00e1ch \u0111\u00f3ng g\u00f3i: G\u00f3i 340g, 44 g\u00f3i\/th\u00f9ng  L\u01b0u \u00fd: Bao b\u00ec s\u1ea3n ph\u1ea9m c\u00f3 th\u1ec3 thay \u0111\u1ed5i theo t\u1eebng \u0111\u1ee3t nh\u1eadp h\u00e0ng  &nbsp;\" \/>\n<meta name=\"robots\" content=\"index, follow, max-snippet:-1, max-image-preview:large, max-video-preview:-1\" \/>\n<link rel=\"canonical\" href=\"https:\/\/tolio.co.nz\/en\/product\/44-packages-of-banh-trang-vuong-22cm-340g-three-spicy-bamboo\/\" \/>\n<meta property=\"og:locale\" content=\"en_US\" \/>\n<meta property=\"og:type\" content=\"article\" \/>\n<meta property=\"og:title\" content=\"Th\u00f9ng 44 g\u00f3i b\u00e1nh tr\u00e1ng vu\u00f4ng 22cm 340g Ba C\u00e2y Tre - TOLIO\" \/>\n<meta property=\"og:description\" content=\"Th\u01b0\u01a1ng hi\u1ec7u: Ba c\u00e2y tre  Xu\u1ea5t x\u1ee9 th\u01b0\u01a1ng hi\u1ec7u: Vi\u1ec7t Nam  Quy c\u00e1ch \u0111\u00f3ng g\u00f3i: G\u00f3i 340g, 44 g\u00f3i\/th\u00f9ng  L\u01b0u \u00fd: Bao b\u00ec s\u1ea3n ph\u1ea9m c\u00f3 th\u1ec3 thay \u0111\u1ed5i theo t\u1eebng \u0111\u1ee3t nh\u1eadp h\u00e0ng  &nbsp;\" \/>\n<meta property=\"og:url\" content=\"https:\/\/tolio.co.nz\/en\/product\/44-packages-of-banh-trang-vuong-22cm-340g-three-spicy-bamboo\/\" \/>\n<meta property=\"og:site_name\" content=\"TOLIO\" \/>\n<meta property=\"article:modified_time\" content=\"2026-04-02T07:35:25+00:00\" \/>\n<meta property=\"og:image\" content=\"https:\/\/tolio.co.nz\/wp-content\/uploads\/2022\/11\/Hinh-anh-san-pham-1-57.png\" \/>\n\t<meta property=\"og:image:width\" content=\"1000\" \/>\n\t<meta property=\"og:image:height\" content=\"907\" \/>\n\t<meta property=\"og:image:type\" content=\"image\/png\" \/>\n<meta name=\"twitter:card\" content=\"summary_large_image\" \/>\n<meta name=\"twitter:label1\" content=\"Est. reading time\" \/>\n\t<meta name=\"twitter:data1\" content=\"1 minute\" \/>\n<script type=\"application\/ld+json\" class=\"yoast-schema-graph\">{\"@context\":\"https:\/\/schema.org\",\"@graph\":[{\"@type\":\"WebPage\",\"@id\":\"https:\/\/tolio.co.nz\/?post_type=product&p=7295\",\"url\":\"https:\/\/tolio.co.nz\/?post_type=product&p=7295\",\"name\":\"Th\u00f9ng 44 g\u00f3i b\u00e1nh tr\u00e1ng vu\u00f4ng 22cm 340g Ba C\u00e2y Tre - TOLIO\",\"isPartOf\":{\"@id\":\"https:\/\/tolio.co.nz\/#website\"},\"primaryImageOfPage\":{\"@id\":\"https:\/\/tolio.co.nz\/?post_type=product&p=7295#primaryimage\"},\"image\":{\"@id\":\"https:\/\/tolio.co.nz\/?post_type=product&p=7295#primaryimage\"},\"thumbnailUrl\":\"https:\/\/tolio.co.nz\/wp-content\/uploads\/2022\/11\/Hinh-anh-san-pham-1-57.png\",\"datePublished\":\"2022-11-06T04:20:00+00:00\",\"dateModified\":\"2026-04-02T07:35:25+00:00\",\"description\":\"Th\u01b0\u01a1ng hi\u1ec7u: Ba c\u00e2y tre Xu\u1ea5t x\u1ee9 th\u01b0\u01a1ng hi\u1ec7u: Vi\u1ec7t Nam Quy c\u00e1ch \u0111\u00f3ng g\u00f3i: G\u00f3i 340g, 44 g\u00f3i\/th\u00f9ng L\u01b0u \u00fd: Bao b\u00ec s\u1ea3n ph\u1ea9m c\u00f3 th\u1ec3 thay \u0111\u1ed5i theo t\u1eebng \u0111\u1ee3t nh\u1eadp h\u00e0ng &nbsp;\",\"breadcrumb\":{\"@id\":\"https:\/\/tolio.co.nz\/?post_type=product&p=7295#breadcrumb\"},\"inLanguage\":\"en-US\",\"potentialAction\":[{\"@type\":\"ReadAction\",\"target\":[\"https:\/\/tolio.co.nz\/?post_type=product&p=7295\"]}]},{\"@type\":\"ImageObject\",\"inLanguage\":\"en-US\",\"@id\":\"https:\/\/tolio.co.nz\/?post_type=product&p=7295#primaryimage\",\"url\":\"https:\/\/tolio.co.nz\/wp-content\/uploads\/2022\/11\/Hinh-anh-san-pham-1-57.png\",\"contentUrl\":\"https:\/\/tolio.co.nz\/wp-content\/uploads\/2022\/11\/Hinh-anh-san-pham-1-57.png\",\"width\":1000,\"height\":907},{\"@type\":\"BreadcrumbList\",\"@id\":\"https:\/\/tolio.co.nz\/?post_type=product&p=7295#breadcrumb\",\"itemListElement\":[{\"@type\":\"ListItem\",\"position\":1,\"name\":\"Home\",\"item\":\"https:\/\/tolio.co.nz\/\"},{\"@type\":\"ListItem\",\"position\":2,\"name\":\"C\u1eeda h\u00e0ng\",\"item\":\"https:\/\/tolio.co.nz\/cua-hang\/\"},{\"@type\":\"ListItem\",\"position\":3,\"name\":\"Th\u00f9ng 44 g\u00f3i b\u00e1nh tr\u00e1ng vu\u00f4ng 22cm 340g Ba C\u00e2y Tre\"}]},{\"@type\":\"WebSite\",\"@id\":\"https:\/\/tolio.co.nz\/#website\",\"url\":\"https:\/\/tolio.co.nz\/\",\"name\":\"TOLIO\",\"description\":\"Vietnamese Grocery Online\",\"potentialAction\":[{\"@type\":\"SearchAction\",\"target\":{\"@type\":\"EntryPoint\",\"urlTemplate\":\"https:\/\/tolio.co.nz\/?s={search_term_string}\"},\"query-input\":{\"@type\":\"PropertyValueSpecification\",\"valueRequired\":true,\"valueName\":\"search_term_string\"}}],\"inLanguage\":\"en-US\"}]}<\/script>\n<!-- \/ Yoast SEO plugin. -->","yoast_head_json":{"title":"Th\u00f9ng 44 g\u00f3i b\u00e1nh tr\u00e1ng vu\u00f4ng 22cm 340g Ba C\u00e2y Tre - TOLIO","description":"Th\u01b0\u01a1ng hi\u1ec7u: Ba c\u00e2y tre  Xu\u1ea5t x\u1ee9 th\u01b0\u01a1ng hi\u1ec7u: Vi\u1ec7t Nam  Quy c\u00e1ch \u0111\u00f3ng g\u00f3i: G\u00f3i 340g, 44 g\u00f3i\/th\u00f9ng  L\u01b0u \u00fd: Bao b\u00ec s\u1ea3n ph\u1ea9m c\u00f3 th\u1ec3 thay \u0111\u1ed5i theo t\u1eebng \u0111\u1ee3t nh\u1eadp h\u00e0ng  &nbsp;","robots":{"index":"index","follow":"follow","max-snippet":"max-snippet:-1","max-image-preview":"max-image-preview:large","max-video-preview":"max-video-preview:-1"},"canonical":"https:\/\/tolio.co.nz\/en\/product\/44-packages-of-banh-trang-vuong-22cm-340g-three-spicy-bamboo\/","og_locale":"en_US","og_type":"article","og_title":"Th\u00f9ng 44 g\u00f3i b\u00e1nh tr\u00e1ng vu\u00f4ng 22cm 340g Ba C\u00e2y Tre - TOLIO","og_description":"Th\u01b0\u01a1ng hi\u1ec7u: Ba c\u00e2y tre  Xu\u1ea5t x\u1ee9 th\u01b0\u01a1ng hi\u1ec7u: Vi\u1ec7t Nam  Quy c\u00e1ch \u0111\u00f3ng g\u00f3i: G\u00f3i 340g, 44 g\u00f3i\/th\u00f9ng  L\u01b0u \u00fd: Bao b\u00ec s\u1ea3n ph\u1ea9m c\u00f3 th\u1ec3 thay \u0111\u1ed5i theo t\u1eebng \u0111\u1ee3t nh\u1eadp h\u00e0ng  &nbsp;","og_url":"https:\/\/tolio.co.nz\/en\/product\/44-packages-of-banh-trang-vuong-22cm-340g-three-spicy-bamboo\/","og_site_name":"TOLIO","article_modified_time":"2026-04-02T07:35:25+00:00","og_image":[{"width":1000,"height":907,"url":"https:\/\/tolio.co.nz\/wp-content\/uploads\/2022\/11\/Hinh-anh-san-pham-1-57.png","type":"image\/png"}],"twitter_card":"summary_large_image","twitter_misc":{"Est. reading time":"1 minute"},"schema":{"@context":"https:\/\/schema.org","@graph":[{"@type":"WebPage","@id":"https:\/\/tolio.co.nz\/?post_type=product&p=7295","url":"https:\/\/tolio.co.nz\/?post_type=product&p=7295","name":"Th\u00f9ng 44 g\u00f3i b\u00e1nh tr\u00e1ng vu\u00f4ng 22cm 340g Ba C\u00e2y Tre - TOLIO","isPartOf":{"@id":"https:\/\/tolio.co.nz\/#website"},"primaryImageOfPage":{"@id":"https:\/\/tolio.co.nz\/?post_type=product&p=7295#primaryimage"},"image":{"@id":"https:\/\/tolio.co.nz\/?post_type=product&p=7295#primaryimage"},"thumbnailUrl":"https:\/\/tolio.co.nz\/wp-content\/uploads\/2022\/11\/Hinh-anh-san-pham-1-57.png","datePublished":"2022-11-06T04:20:00+00:00","dateModified":"2026-04-02T07:35:25+00:00","description":"Th\u01b0\u01a1ng hi\u1ec7u: Ba c\u00e2y tre Xu\u1ea5t x\u1ee9 th\u01b0\u01a1ng hi\u1ec7u: Vi\u1ec7t Nam Quy c\u00e1ch \u0111\u00f3ng g\u00f3i: G\u00f3i 340g, 44 g\u00f3i\/th\u00f9ng L\u01b0u \u00fd: Bao b\u00ec s\u1ea3n ph\u1ea9m c\u00f3 th\u1ec3 thay \u0111\u1ed5i theo t\u1eebng \u0111\u1ee3t nh\u1eadp h\u00e0ng &nbsp;","breadcrumb":{"@id":"https:\/\/tolio.co.nz\/?post_type=product&p=7295#breadcrumb"},"inLanguage":"en-US","potentialAction":[{"@type":"ReadAction","target":["https:\/\/tolio.co.nz\/?post_type=product&p=7295"]}]},{"@type":"ImageObject","inLanguage":"en-US","@id":"https:\/\/tolio.co.nz\/?post_type=product&p=7295#primaryimage","url":"https:\/\/tolio.co.nz\/wp-content\/uploads\/2022\/11\/Hinh-anh-san-pham-1-57.png","contentUrl":"https:\/\/tolio.co.nz\/wp-content\/uploads\/2022\/11\/Hinh-anh-san-pham-1-57.png","width":1000,"height":907},{"@type":"BreadcrumbList","@id":"https:\/\/tolio.co.nz\/?post_type=product&p=7295#breadcrumb","itemListElement":[{"@type":"ListItem","position":1,"name":"Home","item":"https:\/\/tolio.co.nz\/"},{"@type":"ListItem","position":2,"name":"C\u1eeda h\u00e0ng","item":"https:\/\/tolio.co.nz\/cua-hang\/"},{"@type":"ListItem","position":3,"name":"Th\u00f9ng 44 g\u00f3i b\u00e1nh tr\u00e1ng vu\u00f4ng 22cm 340g Ba C\u00e2y Tre"}]},{"@type":"WebSite","@id":"https:\/\/tolio.co.nz\/#website","url":"https:\/\/tolio.co.nz\/","name":"TOLIO","description":"Vietnamese Grocery Online","potentialAction":[{"@type":"SearchAction","target":{"@type":"EntryPoint","urlTemplate":"https:\/\/tolio.co.nz\/?s={search_term_string}"},"query-input":{"@type":"PropertyValueSpecification","valueRequired":true,"valueName":"search_term_string"}}],"inLanguage":"en-US"}]}},"_links":{"self":[{"href":"https:\/\/tolio.co.nz\/en\/wp-json\/wp\/v2\/product\/7295","targetHints":{"allow":["GET"]}}],"collection":[{"href":"https:\/\/tolio.co.nz\/en\/wp-json\/wp\/v2\/product"}],"about":[{"href":"https:\/\/tolio.co.nz\/en\/wp-json\/wp\/v2\/types\/product"}],"replies":[{"embeddable":true,"href":"https:\/\/tolio.co.nz\/en\/wp-json\/wp\/v2\/comments?post=7295"}],"wp:featuredmedia":[{"embeddable":true,"href":"https:\/\/tolio.co.nz\/en\/wp-json\/wp\/v2\/media\/17329"}],"wp:attachment":[{"href":"https:\/\/tolio.co.nz\/en\/wp-json\/wp\/v2\/media?parent=7295"}],"wp:term":[{"taxonomy":"product_brand","embeddable":true,"href":"https:\/\/tolio.co.nz\/en\/wp-json\/wp\/v2\/product_brand?post=7295"},{"taxonomy":"product_cat","embeddable":true,"href":"https:\/\/tolio.co.nz\/en\/wp-json\/wp\/v2\/product_cat?post=7295"},{"taxonomy":"product_tag","embeddable":true,"href":"https:\/\/tolio.co.nz\/en\/wp-json\/wp\/v2\/product_tag?post=7295"}],"curies":[{"name":"wp","href":"https:\/\/api.w.org\/{rel}","templated":true}]}}