{"id":8225,"date":"2023-02-01T15:57:00","date_gmt":"2023-02-01T03:12:00","guid":{"rendered":"https:\/\/tolio2.sitebycat.com\/?post_type=product&#038;p=8225"},"modified":"2026-04-02T19:35:25","modified_gmt":"2026-04-02T07:35:25","slug":"mua-5-tang-1-set-6-goi-gia-vi-nem-san-nau-pho-bo-aji-quick-57g","status":"publish","type":"product","link":"https:\/\/tolio.co.nz\/en\/product\/buy-5-tangs-get-1-set-of-6-price-package-with-aji-quick-spring-rolls-57g\/","title":{"rendered":"Set of 6 Aji-Quick beef noodle soup seasoning packets 57g"},"content":{"rendered":"<p><strong>Aji-Quick pre-seasoned seasoning for beef pho, convenient 57g pack<\/strong>, from the pre-seasoned seasoning brand Aji-Quick. Aji-Quick ready-to-cook beef pho seasoning, 57g package with beef extract and familiar spices, helps housewives prepare beef pho for the whole family quickly with rich flavor. .<\/p>\n<p><strong>How to Use:<\/strong><\/p>\n<ul>\n<li>Add 1 packet of spices to 1.5 liters of boiled water. Served with rare beef, beef tendon, beef balls, bean sprouts, coriander, basil, chili sauce, hoisin sauce... whatever you like. Serves 4 - 5 people, 1 kg of pho<\/li>\n<\/ul>\n<p><strong>Preserve:<\/strong><\/p>\n<ul>\n<li>Store in a cool, dry place, away from direct sunlight<\/li>\n<\/ul>","protected":false},"excerpt":{"rendered":"<ul>\n<li>Brand: Ajinomoto<\/li>\n<li>Brand Country: Viet nam<\/li>\n<li>Packaging: 57g package<\/li>\n<li>Note: Product packaging may change from batch to batch<\/li>\n<\/ul>","protected":false},"featured_media":23150,"comment_status":"open","ping_status":"closed","template":"","meta":[],"product_brand":[],"product_cat":[33,481],"product_tag":[],"class_list":{"0":"post-8225","1":"product","2":"type-product","3":"status-publish","4":"has-post-thumbnail","6":"product_cat-gia-vi","7":"product_cat-gia-vi-hoan-chinh","8":"pa_thuong-hieu-ajinomoto","10":"first","11":"instock","12":"sale","13":"shipping-taxable","14":"purchasable","15":"product-type-simple"},"yoast_head":"<!-- This site is optimized with the Yoast SEO plugin v24.4 - https:\/\/yoast.com\/wordpress\/plugins\/seo\/ -->\n<title>Set 6 g\u00f3i gia v\u1ecb n\u00eam s\u1eb5n n\u1ea5u ph\u1edf b\u00f2 Aji-Quick 57g - TOLIO<\/title>\n<meta name=\"description\" content=\"Th\u01b0\u01a1ng hi\u1ec7u: Ajinomoto  Xu\u1ea5t x\u1ee9 th\u01b0\u01a1ng hi\u1ec7u: Vi\u1ec7t Nam  Quy c\u00e1ch \u0111\u00f3ng g\u00f3i: g\u00f3i 57g  L\u01b0u \u00fd: Bao b\u00ec s\u1ea3n ph\u1ea9m c\u00f3 th\u1ec3 thay \u0111\u1ed5i theo t\u1eebng \u0111\u1ee3t nh\u1eadp h\u00e0ng\" \/>\n<meta name=\"robots\" content=\"index, follow, max-snippet:-1, max-image-preview:large, max-video-preview:-1\" \/>\n<link rel=\"canonical\" href=\"https:\/\/tolio.co.nz\/en\/product\/buy-5-tangs-get-1-set-of-6-price-package-with-aji-quick-spring-rolls-57g\/\" \/>\n<meta property=\"og:locale\" content=\"en_US\" \/>\n<meta property=\"og:type\" content=\"article\" \/>\n<meta property=\"og:title\" content=\"Set 6 g\u00f3i gia v\u1ecb n\u00eam s\u1eb5n n\u1ea5u ph\u1edf b\u00f2 Aji-Quick 57g - TOLIO\" \/>\n<meta property=\"og:description\" content=\"Th\u01b0\u01a1ng hi\u1ec7u: Ajinomoto  Xu\u1ea5t x\u1ee9 th\u01b0\u01a1ng hi\u1ec7u: Vi\u1ec7t Nam  Quy c\u00e1ch \u0111\u00f3ng g\u00f3i: g\u00f3i 57g  L\u01b0u \u00fd: Bao b\u00ec s\u1ea3n ph\u1ea9m c\u00f3 th\u1ec3 thay \u0111\u1ed5i theo t\u1eebng \u0111\u1ee3t nh\u1eadp h\u00e0ng\" \/>\n<meta property=\"og:url\" content=\"https:\/\/tolio.co.nz\/en\/product\/buy-5-tangs-get-1-set-of-6-price-package-with-aji-quick-spring-rolls-57g\/\" \/>\n<meta property=\"og:site_name\" content=\"TOLIO\" \/>\n<meta property=\"article:modified_time\" content=\"2026-04-02T07:35:25+00:00\" \/>\n<meta property=\"og:image\" content=\"https:\/\/tolio.co.nz\/wp-content\/uploads\/2023\/02\/431.png\" \/>\n\t<meta property=\"og:image:width\" content=\"1000\" \/>\n\t<meta property=\"og:image:height\" content=\"907\" \/>\n\t<meta property=\"og:image:type\" content=\"image\/png\" \/>\n<meta name=\"twitter:card\" content=\"summary_large_image\" \/>\n<meta name=\"twitter:label1\" content=\"Est. reading time\" \/>\n\t<meta name=\"twitter:data1\" content=\"1 minute\" \/>\n<script type=\"application\/ld+json\" class=\"yoast-schema-graph\">{\"@context\":\"https:\/\/schema.org\",\"@graph\":[{\"@type\":\"WebPage\",\"@id\":\"https:\/\/tolio.co.nz\/san-pham\/mua-5-tang-1-set-6-goi-gia-vi-nem-san-nau-pho-bo-aji-quick-57g\/\",\"url\":\"https:\/\/tolio.co.nz\/san-pham\/mua-5-tang-1-set-6-goi-gia-vi-nem-san-nau-pho-bo-aji-quick-57g\/\",\"name\":\"Set 6 g\u00f3i gia v\u1ecb n\u00eam s\u1eb5n n\u1ea5u ph\u1edf b\u00f2 Aji-Quick 57g - TOLIO\",\"isPartOf\":{\"@id\":\"https:\/\/tolio.co.nz\/#website\"},\"primaryImageOfPage\":{\"@id\":\"https:\/\/tolio.co.nz\/san-pham\/mua-5-tang-1-set-6-goi-gia-vi-nem-san-nau-pho-bo-aji-quick-57g\/#primaryimage\"},\"image\":{\"@id\":\"https:\/\/tolio.co.nz\/san-pham\/mua-5-tang-1-set-6-goi-gia-vi-nem-san-nau-pho-bo-aji-quick-57g\/#primaryimage\"},\"thumbnailUrl\":\"https:\/\/tolio.co.nz\/wp-content\/uploads\/2023\/02\/431.png\",\"datePublished\":\"2023-02-01T03:12:00+00:00\",\"dateModified\":\"2026-04-02T07:35:25+00:00\",\"description\":\"Th\u01b0\u01a1ng hi\u1ec7u: Ajinomoto Xu\u1ea5t x\u1ee9 th\u01b0\u01a1ng hi\u1ec7u: Vi\u1ec7t Nam Quy c\u00e1ch \u0111\u00f3ng g\u00f3i: g\u00f3i 57g L\u01b0u \u00fd: Bao b\u00ec s\u1ea3n ph\u1ea9m c\u00f3 th\u1ec3 thay \u0111\u1ed5i theo t\u1eebng \u0111\u1ee3t nh\u1eadp h\u00e0ng\",\"breadcrumb\":{\"@id\":\"https:\/\/tolio.co.nz\/san-pham\/mua-5-tang-1-set-6-goi-gia-vi-nem-san-nau-pho-bo-aji-quick-57g\/#breadcrumb\"},\"inLanguage\":\"en-US\",\"potentialAction\":[{\"@type\":\"ReadAction\",\"target\":[\"https:\/\/tolio.co.nz\/san-pham\/mua-5-tang-1-set-6-goi-gia-vi-nem-san-nau-pho-bo-aji-quick-57g\/\"]}]},{\"@type\":\"ImageObject\",\"inLanguage\":\"en-US\",\"@id\":\"https:\/\/tolio.co.nz\/san-pham\/mua-5-tang-1-set-6-goi-gia-vi-nem-san-nau-pho-bo-aji-quick-57g\/#primaryimage\",\"url\":\"https:\/\/tolio.co.nz\/wp-content\/uploads\/2023\/02\/431.png\",\"contentUrl\":\"https:\/\/tolio.co.nz\/wp-content\/uploads\/2023\/02\/431.png\",\"width\":1000,\"height\":907},{\"@type\":\"BreadcrumbList\",\"@id\":\"https:\/\/tolio.co.nz\/san-pham\/mua-5-tang-1-set-6-goi-gia-vi-nem-san-nau-pho-bo-aji-quick-57g\/#breadcrumb\",\"itemListElement\":[{\"@type\":\"ListItem\",\"position\":1,\"name\":\"Home\",\"item\":\"https:\/\/tolio.co.nz\/\"},{\"@type\":\"ListItem\",\"position\":2,\"name\":\"C\u1eeda h\u00e0ng\",\"item\":\"https:\/\/tolio.co.nz\/cua-hang\/\"},{\"@type\":\"ListItem\",\"position\":3,\"name\":\"Set 6 g\u00f3i gia v\u1ecb n\u00eam s\u1eb5n n\u1ea5u ph\u1edf b\u00f2 Aji-Quick 57g\"}]},{\"@type\":\"WebSite\",\"@id\":\"https:\/\/tolio.co.nz\/#website\",\"url\":\"https:\/\/tolio.co.nz\/\",\"name\":\"TOLIO\",\"description\":\"Vietnamese Grocery Online\",\"potentialAction\":[{\"@type\":\"SearchAction\",\"target\":{\"@type\":\"EntryPoint\",\"urlTemplate\":\"https:\/\/tolio.co.nz\/?s={search_term_string}\"},\"query-input\":{\"@type\":\"PropertyValueSpecification\",\"valueRequired\":true,\"valueName\":\"search_term_string\"}}],\"inLanguage\":\"en-US\"}]}<\/script>\n<!-- \/ Yoast SEO plugin. -->","yoast_head_json":{"title":"Set 6 g\u00f3i gia v\u1ecb n\u00eam s\u1eb5n n\u1ea5u ph\u1edf b\u00f2 Aji-Quick 57g - TOLIO","description":"Th\u01b0\u01a1ng hi\u1ec7u: Ajinomoto  Xu\u1ea5t x\u1ee9 th\u01b0\u01a1ng hi\u1ec7u: Vi\u1ec7t Nam  Quy c\u00e1ch \u0111\u00f3ng g\u00f3i: g\u00f3i 57g  L\u01b0u \u00fd: Bao b\u00ec s\u1ea3n ph\u1ea9m c\u00f3 th\u1ec3 thay \u0111\u1ed5i theo t\u1eebng \u0111\u1ee3t nh\u1eadp h\u00e0ng","robots":{"index":"index","follow":"follow","max-snippet":"max-snippet:-1","max-image-preview":"max-image-preview:large","max-video-preview":"max-video-preview:-1"},"canonical":"https:\/\/tolio.co.nz\/en\/product\/buy-5-tangs-get-1-set-of-6-price-package-with-aji-quick-spring-rolls-57g\/","og_locale":"en_US","og_type":"article","og_title":"Set 6 g\u00f3i gia v\u1ecb n\u00eam s\u1eb5n n\u1ea5u ph\u1edf b\u00f2 Aji-Quick 57g - TOLIO","og_description":"Th\u01b0\u01a1ng hi\u1ec7u: Ajinomoto  Xu\u1ea5t x\u1ee9 th\u01b0\u01a1ng hi\u1ec7u: Vi\u1ec7t Nam  Quy c\u00e1ch \u0111\u00f3ng g\u00f3i: g\u00f3i 57g  L\u01b0u \u00fd: Bao b\u00ec s\u1ea3n ph\u1ea9m c\u00f3 th\u1ec3 thay \u0111\u1ed5i theo t\u1eebng \u0111\u1ee3t nh\u1eadp h\u00e0ng","og_url":"https:\/\/tolio.co.nz\/en\/product\/buy-5-tangs-get-1-set-of-6-price-package-with-aji-quick-spring-rolls-57g\/","og_site_name":"TOLIO","article_modified_time":"2026-04-02T07:35:25+00:00","og_image":[{"width":1000,"height":907,"url":"https:\/\/tolio.co.nz\/wp-content\/uploads\/2023\/02\/431.png","type":"image\/png"}],"twitter_card":"summary_large_image","twitter_misc":{"Est. reading time":"1 minute"},"schema":{"@context":"https:\/\/schema.org","@graph":[{"@type":"WebPage","@id":"https:\/\/tolio.co.nz\/san-pham\/mua-5-tang-1-set-6-goi-gia-vi-nem-san-nau-pho-bo-aji-quick-57g\/","url":"https:\/\/tolio.co.nz\/san-pham\/mua-5-tang-1-set-6-goi-gia-vi-nem-san-nau-pho-bo-aji-quick-57g\/","name":"Set 6 g\u00f3i gia v\u1ecb n\u00eam s\u1eb5n n\u1ea5u ph\u1edf b\u00f2 Aji-Quick 57g - TOLIO","isPartOf":{"@id":"https:\/\/tolio.co.nz\/#website"},"primaryImageOfPage":{"@id":"https:\/\/tolio.co.nz\/san-pham\/mua-5-tang-1-set-6-goi-gia-vi-nem-san-nau-pho-bo-aji-quick-57g\/#primaryimage"},"image":{"@id":"https:\/\/tolio.co.nz\/san-pham\/mua-5-tang-1-set-6-goi-gia-vi-nem-san-nau-pho-bo-aji-quick-57g\/#primaryimage"},"thumbnailUrl":"https:\/\/tolio.co.nz\/wp-content\/uploads\/2023\/02\/431.png","datePublished":"2023-02-01T03:12:00+00:00","dateModified":"2026-04-02T07:35:25+00:00","description":"Th\u01b0\u01a1ng hi\u1ec7u: Ajinomoto Xu\u1ea5t x\u1ee9 th\u01b0\u01a1ng hi\u1ec7u: Vi\u1ec7t Nam Quy c\u00e1ch \u0111\u00f3ng g\u00f3i: g\u00f3i 57g L\u01b0u \u00fd: Bao b\u00ec s\u1ea3n ph\u1ea9m c\u00f3 th\u1ec3 thay \u0111\u1ed5i theo t\u1eebng \u0111\u1ee3t nh\u1eadp h\u00e0ng","breadcrumb":{"@id":"https:\/\/tolio.co.nz\/san-pham\/mua-5-tang-1-set-6-goi-gia-vi-nem-san-nau-pho-bo-aji-quick-57g\/#breadcrumb"},"inLanguage":"en-US","potentialAction":[{"@type":"ReadAction","target":["https:\/\/tolio.co.nz\/san-pham\/mua-5-tang-1-set-6-goi-gia-vi-nem-san-nau-pho-bo-aji-quick-57g\/"]}]},{"@type":"ImageObject","inLanguage":"en-US","@id":"https:\/\/tolio.co.nz\/san-pham\/mua-5-tang-1-set-6-goi-gia-vi-nem-san-nau-pho-bo-aji-quick-57g\/#primaryimage","url":"https:\/\/tolio.co.nz\/wp-content\/uploads\/2023\/02\/431.png","contentUrl":"https:\/\/tolio.co.nz\/wp-content\/uploads\/2023\/02\/431.png","width":1000,"height":907},{"@type":"BreadcrumbList","@id":"https:\/\/tolio.co.nz\/san-pham\/mua-5-tang-1-set-6-goi-gia-vi-nem-san-nau-pho-bo-aji-quick-57g\/#breadcrumb","itemListElement":[{"@type":"ListItem","position":1,"name":"Home","item":"https:\/\/tolio.co.nz\/"},{"@type":"ListItem","position":2,"name":"C\u1eeda h\u00e0ng","item":"https:\/\/tolio.co.nz\/cua-hang\/"},{"@type":"ListItem","position":3,"name":"Set 6 g\u00f3i gia v\u1ecb n\u00eam s\u1eb5n n\u1ea5u ph\u1edf b\u00f2 Aji-Quick 57g"}]},{"@type":"WebSite","@id":"https:\/\/tolio.co.nz\/#website","url":"https:\/\/tolio.co.nz\/","name":"TOLIO","description":"Vietnamese Grocery Online","potentialAction":[{"@type":"SearchAction","target":{"@type":"EntryPoint","urlTemplate":"https:\/\/tolio.co.nz\/?s={search_term_string}"},"query-input":{"@type":"PropertyValueSpecification","valueRequired":true,"valueName":"search_term_string"}}],"inLanguage":"en-US"}]}},"_links":{"self":[{"href":"https:\/\/tolio.co.nz\/en\/wp-json\/wp\/v2\/product\/8225","targetHints":{"allow":["GET"]}}],"collection":[{"href":"https:\/\/tolio.co.nz\/en\/wp-json\/wp\/v2\/product"}],"about":[{"href":"https:\/\/tolio.co.nz\/en\/wp-json\/wp\/v2\/types\/product"}],"replies":[{"embeddable":true,"href":"https:\/\/tolio.co.nz\/en\/wp-json\/wp\/v2\/comments?post=8225"}],"wp:featuredmedia":[{"embeddable":true,"href":"https:\/\/tolio.co.nz\/en\/wp-json\/wp\/v2\/media\/23150"}],"wp:attachment":[{"href":"https:\/\/tolio.co.nz\/en\/wp-json\/wp\/v2\/media?parent=8225"}],"wp:term":[{"taxonomy":"product_brand","embeddable":true,"href":"https:\/\/tolio.co.nz\/en\/wp-json\/wp\/v2\/product_brand?post=8225"},{"taxonomy":"product_cat","embeddable":true,"href":"https:\/\/tolio.co.nz\/en\/wp-json\/wp\/v2\/product_cat?post=8225"},{"taxonomy":"product_tag","embeddable":true,"href":"https:\/\/tolio.co.nz\/en\/wp-json\/wp\/v2\/product_tag?post=8225"}],"curies":[{"name":"wp","href":"https:\/\/api.w.org\/{rel}","templated":true}]}}