{"id":8388,"date":"2023-02-27T03:49:00","date_gmt":"2023-02-26T15:04:00","guid":{"rendered":"https:\/\/tolio2.sitebycat.com\/?post_type=product&#038;p=8388"},"modified":"2026-03-31T14:45:06","modified_gmt":"2026-03-31T02:45:06","slug":"nuoc-dua-tuoi-ba-cay-tre-hop-1l","status":"publish","type":"product","link":"https:\/\/tolio.co.nz\/en\/product\/3-year-old-juice-1-liter\/","title":{"rendered":"Ba Cay Tre fresh coconut water 1L box"},"content":{"rendered":"<p><strong>Ba Cay Tre fresh coconut water 1L box<\/strong> No preservatives used, no sugar, no flavor, no synthetic color 100% pure coconut water, naturally sweet flavor. Products produced on the most modern technological lines help preserve the natural flavor and nutrients of coconut. Absolutely no preservatives and coloring agents are used, and is not made from concentrated coconut water.<\/p>\n<p><strong>How to Use:<\/strong><\/p>\n<ul>\n<li>Used to quench thirst and replenish energy for the body<\/li>\n<li>Drink it directly, it tastes better when it&#039;s cold<\/li>\n<\/ul>\n<p><strong>Preserve:<\/strong><\/p>\n<ul>\n<li>Preserved in dry, cool place. Avoid direct sunlight<\/li>\n<\/ul>","protected":false},"excerpt":{"rendered":"<ul>\n<li>Brand: Three bamboos<\/li>\n<li>Brand Country: Viet nam<\/li>\n<li>Packaging: 1L box<\/li>\n<li>Note: Product packaging may change from batch to batch<\/li>\n<\/ul>","protected":false},"featured_media":20904,"comment_status":"open","ping_status":"closed","template":"","meta":[],"product_brand":[],"product_cat":[37,514],"product_tag":[130,134,135],"class_list":{"0":"post-8388","1":"product","2":"type-product","3":"status-publish","4":"has-post-thumbnail","6":"product_cat-thuc-uong-dinh-duong","7":"product_cat-super-deal","8":"product_tag-ba-cay-tre","9":"product_tag-banh-hoi","10":"product_tag-banh-hoi-tuoi","11":"pa_thuong-hieu-ba-cay-tre","13":"first","14":"instock","15":"shipping-taxable","16":"purchasable","17":"product-type-simple"},"yoast_head":"<!-- This site is optimized with the Yoast SEO plugin v24.4 - https:\/\/yoast.com\/wordpress\/plugins\/seo\/ -->\n<title>N\u01b0\u1edbc d\u1eeba t\u01b0\u01a1i Ba C\u00e2y Tre h\u1ed9p 1L - TOLIO<\/title>\n<meta name=\"description\" content=\"Th\u01b0\u01a1ng hi\u1ec7u: Ba c\u00e2y tre  Xu\u1ea5t x\u1ee9 th\u01b0\u01a1ng hi\u1ec7u: Vi\u1ec7t Nam  Quy c\u00e1ch \u0111\u00f3ng g\u00f3i: H\u1ed9p 1L  L\u01b0u \u00fd: Bao b\u00ec s\u1ea3n ph\u1ea9m c\u00f3 th\u1ec3 thay \u0111\u1ed5i theo t\u1eebng \u0111\u1ee3t nh\u1eadp h\u00e0ng\" \/>\n<meta name=\"robots\" content=\"index, follow, max-snippet:-1, max-image-preview:large, max-video-preview:-1\" \/>\n<link rel=\"canonical\" href=\"https:\/\/tolio.co.nz\/en\/product\/3-year-old-juice-1-liter\/\" \/>\n<meta property=\"og:locale\" content=\"en_US\" \/>\n<meta property=\"og:type\" content=\"article\" \/>\n<meta property=\"og:title\" content=\"N\u01b0\u1edbc d\u1eeba t\u01b0\u01a1i Ba C\u00e2y Tre h\u1ed9p 1L - TOLIO\" \/>\n<meta property=\"og:description\" content=\"Th\u01b0\u01a1ng hi\u1ec7u: Ba c\u00e2y tre  Xu\u1ea5t x\u1ee9 th\u01b0\u01a1ng hi\u1ec7u: Vi\u1ec7t Nam  Quy c\u00e1ch \u0111\u00f3ng g\u00f3i: H\u1ed9p 1L  L\u01b0u \u00fd: Bao b\u00ec s\u1ea3n ph\u1ea9m c\u00f3 th\u1ec3 thay \u0111\u1ed5i theo t\u1eebng \u0111\u1ee3t nh\u1eadp h\u00e0ng\" \/>\n<meta property=\"og:url\" content=\"https:\/\/tolio.co.nz\/en\/product\/3-year-old-juice-1-liter\/\" \/>\n<meta property=\"og:site_name\" content=\"TOLIO\" \/>\n<meta property=\"article:modified_time\" content=\"2026-03-31T02:45:06+00:00\" \/>\n<meta property=\"og:image\" content=\"https:\/\/tolio.co.nz\/wp-content\/uploads\/2023\/02\/410.png\" \/>\n\t<meta property=\"og:image:width\" content=\"1000\" \/>\n\t<meta property=\"og:image:height\" content=\"907\" \/>\n\t<meta property=\"og:image:type\" content=\"image\/png\" \/>\n<meta name=\"twitter:card\" content=\"summary_large_image\" \/>\n<meta name=\"twitter:label1\" content=\"Est. reading time\" \/>\n\t<meta name=\"twitter:data1\" content=\"1 minute\" \/>\n<script type=\"application\/ld+json\" class=\"yoast-schema-graph\">{\"@context\":\"https:\/\/schema.org\",\"@graph\":[{\"@type\":\"WebPage\",\"@id\":\"https:\/\/tolio.co.nz\/?post_type=product&p=8388\",\"url\":\"https:\/\/tolio.co.nz\/?post_type=product&p=8388\",\"name\":\"N\u01b0\u1edbc d\u1eeba t\u01b0\u01a1i Ba C\u00e2y Tre h\u1ed9p 1L - TOLIO\",\"isPartOf\":{\"@id\":\"https:\/\/tolio.co.nz\/#website\"},\"primaryImageOfPage\":{\"@id\":\"https:\/\/tolio.co.nz\/?post_type=product&p=8388#primaryimage\"},\"image\":{\"@id\":\"https:\/\/tolio.co.nz\/?post_type=product&p=8388#primaryimage\"},\"thumbnailUrl\":\"https:\/\/tolio.co.nz\/wp-content\/uploads\/2023\/02\/410.png\",\"datePublished\":\"2023-02-26T15:04:00+00:00\",\"dateModified\":\"2026-03-31T02:45:06+00:00\",\"description\":\"Th\u01b0\u01a1ng hi\u1ec7u: Ba c\u00e2y tre Xu\u1ea5t x\u1ee9 th\u01b0\u01a1ng hi\u1ec7u: Vi\u1ec7t Nam Quy c\u00e1ch \u0111\u00f3ng g\u00f3i: H\u1ed9p 1L L\u01b0u \u00fd: Bao b\u00ec s\u1ea3n ph\u1ea9m c\u00f3 th\u1ec3 thay \u0111\u1ed5i theo t\u1eebng \u0111\u1ee3t nh\u1eadp h\u00e0ng\",\"breadcrumb\":{\"@id\":\"https:\/\/tolio.co.nz\/?post_type=product&p=8388#breadcrumb\"},\"inLanguage\":\"en-US\",\"potentialAction\":[{\"@type\":\"ReadAction\",\"target\":[\"https:\/\/tolio.co.nz\/?post_type=product&p=8388\"]}]},{\"@type\":\"ImageObject\",\"inLanguage\":\"en-US\",\"@id\":\"https:\/\/tolio.co.nz\/?post_type=product&p=8388#primaryimage\",\"url\":\"https:\/\/tolio.co.nz\/wp-content\/uploads\/2023\/02\/410.png\",\"contentUrl\":\"https:\/\/tolio.co.nz\/wp-content\/uploads\/2023\/02\/410.png\",\"width\":1000,\"height\":907},{\"@type\":\"BreadcrumbList\",\"@id\":\"https:\/\/tolio.co.nz\/?post_type=product&p=8388#breadcrumb\",\"itemListElement\":[{\"@type\":\"ListItem\",\"position\":1,\"name\":\"Home\",\"item\":\"https:\/\/tolio.co.nz\/\"},{\"@type\":\"ListItem\",\"position\":2,\"name\":\"C\u1eeda h\u00e0ng\",\"item\":\"https:\/\/tolio.co.nz\/cua-hang\/\"},{\"@type\":\"ListItem\",\"position\":3,\"name\":\"N\u01b0\u1edbc d\u1eeba t\u01b0\u01a1i Ba C\u00e2y Tre h\u1ed9p 1L\"}]},{\"@type\":\"WebSite\",\"@id\":\"https:\/\/tolio.co.nz\/#website\",\"url\":\"https:\/\/tolio.co.nz\/\",\"name\":\"TOLIO\",\"description\":\"Vietnamese Grocery Online\",\"potentialAction\":[{\"@type\":\"SearchAction\",\"target\":{\"@type\":\"EntryPoint\",\"urlTemplate\":\"https:\/\/tolio.co.nz\/?s={search_term_string}\"},\"query-input\":{\"@type\":\"PropertyValueSpecification\",\"valueRequired\":true,\"valueName\":\"search_term_string\"}}],\"inLanguage\":\"en-US\"}]}<\/script>\n<!-- \/ Yoast SEO plugin. -->","yoast_head_json":{"title":"N\u01b0\u1edbc d\u1eeba t\u01b0\u01a1i Ba C\u00e2y Tre h\u1ed9p 1L - TOLIO","description":"Th\u01b0\u01a1ng hi\u1ec7u: Ba c\u00e2y tre  Xu\u1ea5t x\u1ee9 th\u01b0\u01a1ng hi\u1ec7u: Vi\u1ec7t Nam  Quy c\u00e1ch \u0111\u00f3ng g\u00f3i: H\u1ed9p 1L  L\u01b0u \u00fd: Bao b\u00ec s\u1ea3n ph\u1ea9m c\u00f3 th\u1ec3 thay \u0111\u1ed5i theo t\u1eebng \u0111\u1ee3t nh\u1eadp h\u00e0ng","robots":{"index":"index","follow":"follow","max-snippet":"max-snippet:-1","max-image-preview":"max-image-preview:large","max-video-preview":"max-video-preview:-1"},"canonical":"https:\/\/tolio.co.nz\/en\/product\/3-year-old-juice-1-liter\/","og_locale":"en_US","og_type":"article","og_title":"N\u01b0\u1edbc d\u1eeba t\u01b0\u01a1i Ba C\u00e2y Tre h\u1ed9p 1L - TOLIO","og_description":"Th\u01b0\u01a1ng hi\u1ec7u: Ba c\u00e2y tre  Xu\u1ea5t x\u1ee9 th\u01b0\u01a1ng hi\u1ec7u: Vi\u1ec7t Nam  Quy c\u00e1ch \u0111\u00f3ng g\u00f3i: H\u1ed9p 1L  L\u01b0u \u00fd: Bao b\u00ec s\u1ea3n ph\u1ea9m c\u00f3 th\u1ec3 thay \u0111\u1ed5i theo t\u1eebng \u0111\u1ee3t nh\u1eadp h\u00e0ng","og_url":"https:\/\/tolio.co.nz\/en\/product\/3-year-old-juice-1-liter\/","og_site_name":"TOLIO","article_modified_time":"2026-03-31T02:45:06+00:00","og_image":[{"width":1000,"height":907,"url":"https:\/\/tolio.co.nz\/wp-content\/uploads\/2023\/02\/410.png","type":"image\/png"}],"twitter_card":"summary_large_image","twitter_misc":{"Est. reading time":"1 minute"},"schema":{"@context":"https:\/\/schema.org","@graph":[{"@type":"WebPage","@id":"https:\/\/tolio.co.nz\/?post_type=product&p=8388","url":"https:\/\/tolio.co.nz\/?post_type=product&p=8388","name":"N\u01b0\u1edbc d\u1eeba t\u01b0\u01a1i Ba C\u00e2y Tre h\u1ed9p 1L - TOLIO","isPartOf":{"@id":"https:\/\/tolio.co.nz\/#website"},"primaryImageOfPage":{"@id":"https:\/\/tolio.co.nz\/?post_type=product&p=8388#primaryimage"},"image":{"@id":"https:\/\/tolio.co.nz\/?post_type=product&p=8388#primaryimage"},"thumbnailUrl":"https:\/\/tolio.co.nz\/wp-content\/uploads\/2023\/02\/410.png","datePublished":"2023-02-26T15:04:00+00:00","dateModified":"2026-03-31T02:45:06+00:00","description":"Th\u01b0\u01a1ng hi\u1ec7u: Ba c\u00e2y tre Xu\u1ea5t x\u1ee9 th\u01b0\u01a1ng hi\u1ec7u: Vi\u1ec7t Nam Quy c\u00e1ch \u0111\u00f3ng g\u00f3i: H\u1ed9p 1L L\u01b0u \u00fd: Bao b\u00ec s\u1ea3n ph\u1ea9m c\u00f3 th\u1ec3 thay \u0111\u1ed5i theo t\u1eebng \u0111\u1ee3t nh\u1eadp h\u00e0ng","breadcrumb":{"@id":"https:\/\/tolio.co.nz\/?post_type=product&p=8388#breadcrumb"},"inLanguage":"en-US","potentialAction":[{"@type":"ReadAction","target":["https:\/\/tolio.co.nz\/?post_type=product&p=8388"]}]},{"@type":"ImageObject","inLanguage":"en-US","@id":"https:\/\/tolio.co.nz\/?post_type=product&p=8388#primaryimage","url":"https:\/\/tolio.co.nz\/wp-content\/uploads\/2023\/02\/410.png","contentUrl":"https:\/\/tolio.co.nz\/wp-content\/uploads\/2023\/02\/410.png","width":1000,"height":907},{"@type":"BreadcrumbList","@id":"https:\/\/tolio.co.nz\/?post_type=product&p=8388#breadcrumb","itemListElement":[{"@type":"ListItem","position":1,"name":"Home","item":"https:\/\/tolio.co.nz\/"},{"@type":"ListItem","position":2,"name":"C\u1eeda h\u00e0ng","item":"https:\/\/tolio.co.nz\/cua-hang\/"},{"@type":"ListItem","position":3,"name":"N\u01b0\u1edbc d\u1eeba t\u01b0\u01a1i Ba C\u00e2y Tre h\u1ed9p 1L"}]},{"@type":"WebSite","@id":"https:\/\/tolio.co.nz\/#website","url":"https:\/\/tolio.co.nz\/","name":"TOLIO","description":"Vietnamese Grocery Online","potentialAction":[{"@type":"SearchAction","target":{"@type":"EntryPoint","urlTemplate":"https:\/\/tolio.co.nz\/?s={search_term_string}"},"query-input":{"@type":"PropertyValueSpecification","valueRequired":true,"valueName":"search_term_string"}}],"inLanguage":"en-US"}]}},"_links":{"self":[{"href":"https:\/\/tolio.co.nz\/en\/wp-json\/wp\/v2\/product\/8388","targetHints":{"allow":["GET"]}}],"collection":[{"href":"https:\/\/tolio.co.nz\/en\/wp-json\/wp\/v2\/product"}],"about":[{"href":"https:\/\/tolio.co.nz\/en\/wp-json\/wp\/v2\/types\/product"}],"replies":[{"embeddable":true,"href":"https:\/\/tolio.co.nz\/en\/wp-json\/wp\/v2\/comments?post=8388"}],"wp:featuredmedia":[{"embeddable":true,"href":"https:\/\/tolio.co.nz\/en\/wp-json\/wp\/v2\/media\/20904"}],"wp:attachment":[{"href":"https:\/\/tolio.co.nz\/en\/wp-json\/wp\/v2\/media?parent=8388"}],"wp:term":[{"taxonomy":"product_brand","embeddable":true,"href":"https:\/\/tolio.co.nz\/en\/wp-json\/wp\/v2\/product_brand?post=8388"},{"taxonomy":"product_cat","embeddable":true,"href":"https:\/\/tolio.co.nz\/en\/wp-json\/wp\/v2\/product_cat?post=8388"},{"taxonomy":"product_tag","embeddable":true,"href":"https:\/\/tolio.co.nz\/en\/wp-json\/wp\/v2\/product_tag?post=8388"}],"curies":[{"name":"wp","href":"https:\/\/api.w.org\/{rel}","templated":true}]}}