{"id":8395,"date":"2023-02-27T03:57:00","date_gmt":"2023-02-26T15:12:00","guid":{"rendered":"https:\/\/tolio2.sitebycat.com\/?post_type=product&#038;p=8395"},"modified":"2026-05-02T18:36:31","modified_gmt":"2026-05-02T06:36:31","slug":"dau-hao-dam-dac-maggi-chai-350g","status":"publish","type":"product","link":"https:\/\/tolio.co.nz\/en\/product\/maggi-dac-dac-dac-350g-bottle-2\/","title":{"rendered":"Maggi concentrated oyster sauce 350g"},"content":{"rendered":"<p><strong>Maggi concentrated oyster sauce 350g<\/strong> is currently the most popular type of oyster sauce today. Concentrated Maggi oyster sauce 350g extracted from Korean\/Japanese oysters, perfectly combined with other spices, makes the dish both delicious, rich and beautiful.<\/p>\n<p><strong>How to Use:<\/strong><\/p>\n<ul>\n<li>Use oyster sauce for stir-fried dishes, or as a dipping sauce for meat.<\/li>\n<\/ul>\n<p><strong>Preserve:<\/strong><\/p>\n<ul>\n<li>In a cool, dry place, avoid moisture, avoid direct sunlight<\/li>\n<\/ul>","protected":false},"excerpt":{"rendered":"<ul>\n<li>Brand: Maggi<\/li>\n<li>Brand Country: Viet nam<\/li>\n<li>Packaging: 350g bottle<\/li>\n<li>Note: Product packaging may change from batch to batch<\/li>\n<\/ul>\n<p>&nbsp;<\/p>","protected":false},"featured_media":21203,"comment_status":"open","ping_status":"closed","template":"","meta":[],"product_brand":[],"product_cat":[33,479,31],"product_tag":[194,193,196,195],"class_list":{"0":"post-8395","1":"product","2":"type-product","3":"status-publish","4":"has-post-thumbnail","6":"product_cat-gia-vi","7":"product_cat-nuoc-mam-nuoc-cham-tuong-ot","8":"product_cat-hang-moi-ve","9":"product_tag-nuoc-cham","10":"product_tag-nuoc-tuong","11":"product_tag-nuoc-tuong-dau-nanh","12":"product_tag-nuoc-tuong-maggi","13":"pa_thuong-hieu-maggi","15":"first","16":"outofstock","17":"sale","18":"shipping-taxable","19":"purchasable","20":"product-type-simple"},"yoast_head":"<!-- This site is optimized with the Yoast SEO plugin v24.4 - https:\/\/yoast.com\/wordpress\/plugins\/seo\/ -->\n<title>D\u1ea7u h\u00e0o \u0111\u1eadm \u0111\u1eb7c Maggi chai 350g - TOLIO<\/title>\n<meta name=\"description\" content=\"Th\u01b0\u01a1ng hi\u1ec7u: Maggi  Xu\u1ea5t x\u1ee9 th\u01b0\u01a1ng hi\u1ec7u: Vi\u1ec7t Nam  Quy c\u00e1ch \u0111\u00f3ng g\u00f3i: Chai 350g  L\u01b0u \u00fd: Bao b\u00ec s\u1ea3n ph\u1ea9m c\u00f3 th\u1ec3 thay \u0111\u1ed5i theo t\u1eebng \u0111\u1ee3t nh\u1eadp h\u00e0ng  &nbsp;\" \/>\n<meta name=\"robots\" content=\"index, follow, max-snippet:-1, max-image-preview:large, max-video-preview:-1\" \/>\n<link rel=\"canonical\" href=\"https:\/\/tolio.co.nz\/en\/product\/maggi-dac-dac-dac-350g-bottle-2\/\" \/>\n<meta property=\"og:locale\" content=\"en_US\" \/>\n<meta property=\"og:type\" content=\"article\" \/>\n<meta property=\"og:title\" content=\"D\u1ea7u h\u00e0o \u0111\u1eadm \u0111\u1eb7c Maggi chai 350g - TOLIO\" \/>\n<meta property=\"og:description\" content=\"Th\u01b0\u01a1ng hi\u1ec7u: Maggi  Xu\u1ea5t x\u1ee9 th\u01b0\u01a1ng hi\u1ec7u: Vi\u1ec7t Nam  Quy c\u00e1ch \u0111\u00f3ng g\u00f3i: Chai 350g  L\u01b0u \u00fd: Bao b\u00ec s\u1ea3n ph\u1ea9m c\u00f3 th\u1ec3 thay \u0111\u1ed5i theo t\u1eebng \u0111\u1ee3t nh\u1eadp h\u00e0ng  &nbsp;\" \/>\n<meta property=\"og:url\" content=\"https:\/\/tolio.co.nz\/en\/product\/maggi-dac-dac-dac-350g-bottle-2\/\" \/>\n<meta property=\"og:site_name\" content=\"TOLIO\" \/>\n<meta property=\"article:modified_time\" content=\"2026-05-02T06:36:31+00:00\" \/>\n<meta property=\"og:image\" content=\"https:\/\/tolio.co.nz\/wp-content\/uploads\/2023\/02\/175.png\" \/>\n\t<meta property=\"og:image:width\" content=\"1000\" \/>\n\t<meta property=\"og:image:height\" content=\"907\" \/>\n\t<meta property=\"og:image:type\" content=\"image\/png\" \/>\n<meta name=\"twitter:card\" content=\"summary_large_image\" \/>\n<meta name=\"twitter:label1\" content=\"Est. reading time\" \/>\n\t<meta name=\"twitter:data1\" content=\"1 minute\" \/>\n<script type=\"application\/ld+json\" class=\"yoast-schema-graph\">{\"@context\":\"https:\/\/schema.org\",\"@graph\":[{\"@type\":\"WebPage\",\"@id\":\"https:\/\/tolio.co.nz\/san-pham\/dau-hao-dam-dac-maggi-chai-350g\/\",\"url\":\"https:\/\/tolio.co.nz\/san-pham\/dau-hao-dam-dac-maggi-chai-350g\/\",\"name\":\"D\u1ea7u h\u00e0o \u0111\u1eadm \u0111\u1eb7c Maggi chai 350g - TOLIO\",\"isPartOf\":{\"@id\":\"https:\/\/tolio.co.nz\/#website\"},\"primaryImageOfPage\":{\"@id\":\"https:\/\/tolio.co.nz\/san-pham\/dau-hao-dam-dac-maggi-chai-350g\/#primaryimage\"},\"image\":{\"@id\":\"https:\/\/tolio.co.nz\/san-pham\/dau-hao-dam-dac-maggi-chai-350g\/#primaryimage\"},\"thumbnailUrl\":\"https:\/\/tolio.co.nz\/wp-content\/uploads\/2023\/02\/175.png\",\"datePublished\":\"2023-02-26T15:12:00+00:00\",\"dateModified\":\"2026-05-02T06:36:31+00:00\",\"description\":\"Th\u01b0\u01a1ng hi\u1ec7u: Maggi Xu\u1ea5t x\u1ee9 th\u01b0\u01a1ng hi\u1ec7u: Vi\u1ec7t Nam Quy c\u00e1ch \u0111\u00f3ng g\u00f3i: Chai 350g L\u01b0u \u00fd: Bao b\u00ec s\u1ea3n ph\u1ea9m c\u00f3 th\u1ec3 thay \u0111\u1ed5i theo t\u1eebng \u0111\u1ee3t nh\u1eadp h\u00e0ng &nbsp;\",\"breadcrumb\":{\"@id\":\"https:\/\/tolio.co.nz\/san-pham\/dau-hao-dam-dac-maggi-chai-350g\/#breadcrumb\"},\"inLanguage\":\"en-US\",\"potentialAction\":[{\"@type\":\"ReadAction\",\"target\":[\"https:\/\/tolio.co.nz\/san-pham\/dau-hao-dam-dac-maggi-chai-350g\/\"]}]},{\"@type\":\"ImageObject\",\"inLanguage\":\"en-US\",\"@id\":\"https:\/\/tolio.co.nz\/san-pham\/dau-hao-dam-dac-maggi-chai-350g\/#primaryimage\",\"url\":\"https:\/\/tolio.co.nz\/wp-content\/uploads\/2023\/02\/175.png\",\"contentUrl\":\"https:\/\/tolio.co.nz\/wp-content\/uploads\/2023\/02\/175.png\",\"width\":1000,\"height\":907},{\"@type\":\"BreadcrumbList\",\"@id\":\"https:\/\/tolio.co.nz\/san-pham\/dau-hao-dam-dac-maggi-chai-350g\/#breadcrumb\",\"itemListElement\":[{\"@type\":\"ListItem\",\"position\":1,\"name\":\"Home\",\"item\":\"https:\/\/tolio.co.nz\/\"},{\"@type\":\"ListItem\",\"position\":2,\"name\":\"C\u1eeda h\u00e0ng\",\"item\":\"https:\/\/tolio.co.nz\/cua-hang\/\"},{\"@type\":\"ListItem\",\"position\":3,\"name\":\"D\u1ea7u h\u00e0o \u0111\u1eadm \u0111\u1eb7c Maggi chai 350g\"}]},{\"@type\":\"WebSite\",\"@id\":\"https:\/\/tolio.co.nz\/#website\",\"url\":\"https:\/\/tolio.co.nz\/\",\"name\":\"TOLIO\",\"description\":\"Vietnamese Grocery Online\",\"potentialAction\":[{\"@type\":\"SearchAction\",\"target\":{\"@type\":\"EntryPoint\",\"urlTemplate\":\"https:\/\/tolio.co.nz\/?s={search_term_string}\"},\"query-input\":{\"@type\":\"PropertyValueSpecification\",\"valueRequired\":true,\"valueName\":\"search_term_string\"}}],\"inLanguage\":\"en-US\"}]}<\/script>\n<!-- \/ Yoast SEO plugin. -->","yoast_head_json":{"title":"D\u1ea7u h\u00e0o \u0111\u1eadm \u0111\u1eb7c Maggi chai 350g - TOLIO","description":"Th\u01b0\u01a1ng hi\u1ec7u: Maggi  Xu\u1ea5t x\u1ee9 th\u01b0\u01a1ng hi\u1ec7u: Vi\u1ec7t Nam  Quy c\u00e1ch \u0111\u00f3ng g\u00f3i: Chai 350g  L\u01b0u \u00fd: Bao b\u00ec s\u1ea3n ph\u1ea9m c\u00f3 th\u1ec3 thay \u0111\u1ed5i theo t\u1eebng \u0111\u1ee3t nh\u1eadp h\u00e0ng  &nbsp;","robots":{"index":"index","follow":"follow","max-snippet":"max-snippet:-1","max-image-preview":"max-image-preview:large","max-video-preview":"max-video-preview:-1"},"canonical":"https:\/\/tolio.co.nz\/en\/product\/maggi-dac-dac-dac-350g-bottle-2\/","og_locale":"en_US","og_type":"article","og_title":"D\u1ea7u h\u00e0o \u0111\u1eadm \u0111\u1eb7c Maggi chai 350g - TOLIO","og_description":"Th\u01b0\u01a1ng hi\u1ec7u: Maggi  Xu\u1ea5t x\u1ee9 th\u01b0\u01a1ng hi\u1ec7u: Vi\u1ec7t Nam  Quy c\u00e1ch \u0111\u00f3ng g\u00f3i: Chai 350g  L\u01b0u \u00fd: Bao b\u00ec s\u1ea3n ph\u1ea9m c\u00f3 th\u1ec3 thay \u0111\u1ed5i theo t\u1eebng \u0111\u1ee3t nh\u1eadp h\u00e0ng  &nbsp;","og_url":"https:\/\/tolio.co.nz\/en\/product\/maggi-dac-dac-dac-350g-bottle-2\/","og_site_name":"TOLIO","article_modified_time":"2026-05-02T06:36:31+00:00","og_image":[{"width":1000,"height":907,"url":"https:\/\/tolio.co.nz\/wp-content\/uploads\/2023\/02\/175.png","type":"image\/png"}],"twitter_card":"summary_large_image","twitter_misc":{"Est. reading time":"1 minute"},"schema":{"@context":"https:\/\/schema.org","@graph":[{"@type":"WebPage","@id":"https:\/\/tolio.co.nz\/san-pham\/dau-hao-dam-dac-maggi-chai-350g\/","url":"https:\/\/tolio.co.nz\/san-pham\/dau-hao-dam-dac-maggi-chai-350g\/","name":"D\u1ea7u h\u00e0o \u0111\u1eadm \u0111\u1eb7c Maggi chai 350g - TOLIO","isPartOf":{"@id":"https:\/\/tolio.co.nz\/#website"},"primaryImageOfPage":{"@id":"https:\/\/tolio.co.nz\/san-pham\/dau-hao-dam-dac-maggi-chai-350g\/#primaryimage"},"image":{"@id":"https:\/\/tolio.co.nz\/san-pham\/dau-hao-dam-dac-maggi-chai-350g\/#primaryimage"},"thumbnailUrl":"https:\/\/tolio.co.nz\/wp-content\/uploads\/2023\/02\/175.png","datePublished":"2023-02-26T15:12:00+00:00","dateModified":"2026-05-02T06:36:31+00:00","description":"Th\u01b0\u01a1ng hi\u1ec7u: Maggi Xu\u1ea5t x\u1ee9 th\u01b0\u01a1ng hi\u1ec7u: Vi\u1ec7t Nam Quy c\u00e1ch \u0111\u00f3ng g\u00f3i: Chai 350g L\u01b0u \u00fd: Bao b\u00ec s\u1ea3n ph\u1ea9m c\u00f3 th\u1ec3 thay \u0111\u1ed5i theo t\u1eebng \u0111\u1ee3t nh\u1eadp h\u00e0ng &nbsp;","breadcrumb":{"@id":"https:\/\/tolio.co.nz\/san-pham\/dau-hao-dam-dac-maggi-chai-350g\/#breadcrumb"},"inLanguage":"en-US","potentialAction":[{"@type":"ReadAction","target":["https:\/\/tolio.co.nz\/san-pham\/dau-hao-dam-dac-maggi-chai-350g\/"]}]},{"@type":"ImageObject","inLanguage":"en-US","@id":"https:\/\/tolio.co.nz\/san-pham\/dau-hao-dam-dac-maggi-chai-350g\/#primaryimage","url":"https:\/\/tolio.co.nz\/wp-content\/uploads\/2023\/02\/175.png","contentUrl":"https:\/\/tolio.co.nz\/wp-content\/uploads\/2023\/02\/175.png","width":1000,"height":907},{"@type":"BreadcrumbList","@id":"https:\/\/tolio.co.nz\/san-pham\/dau-hao-dam-dac-maggi-chai-350g\/#breadcrumb","itemListElement":[{"@type":"ListItem","position":1,"name":"Home","item":"https:\/\/tolio.co.nz\/"},{"@type":"ListItem","position":2,"name":"C\u1eeda h\u00e0ng","item":"https:\/\/tolio.co.nz\/cua-hang\/"},{"@type":"ListItem","position":3,"name":"D\u1ea7u h\u00e0o \u0111\u1eadm \u0111\u1eb7c Maggi chai 350g"}]},{"@type":"WebSite","@id":"https:\/\/tolio.co.nz\/#website","url":"https:\/\/tolio.co.nz\/","name":"TOLIO","description":"Vietnamese Grocery Online","potentialAction":[{"@type":"SearchAction","target":{"@type":"EntryPoint","urlTemplate":"https:\/\/tolio.co.nz\/?s={search_term_string}"},"query-input":{"@type":"PropertyValueSpecification","valueRequired":true,"valueName":"search_term_string"}}],"inLanguage":"en-US"}]}},"_links":{"self":[{"href":"https:\/\/tolio.co.nz\/en\/wp-json\/wp\/v2\/product\/8395","targetHints":{"allow":["GET"]}}],"collection":[{"href":"https:\/\/tolio.co.nz\/en\/wp-json\/wp\/v2\/product"}],"about":[{"href":"https:\/\/tolio.co.nz\/en\/wp-json\/wp\/v2\/types\/product"}],"replies":[{"embeddable":true,"href":"https:\/\/tolio.co.nz\/en\/wp-json\/wp\/v2\/comments?post=8395"}],"wp:featuredmedia":[{"embeddable":true,"href":"https:\/\/tolio.co.nz\/en\/wp-json\/wp\/v2\/media\/21203"}],"wp:attachment":[{"href":"https:\/\/tolio.co.nz\/en\/wp-json\/wp\/v2\/media?parent=8395"}],"wp:term":[{"taxonomy":"product_brand","embeddable":true,"href":"https:\/\/tolio.co.nz\/en\/wp-json\/wp\/v2\/product_brand?post=8395"},{"taxonomy":"product_cat","embeddable":true,"href":"https:\/\/tolio.co.nz\/en\/wp-json\/wp\/v2\/product_cat?post=8395"},{"taxonomy":"product_tag","embeddable":true,"href":"https:\/\/tolio.co.nz\/en\/wp-json\/wp\/v2\/product_tag?post=8395"}],"curies":[{"name":"wp","href":"https:\/\/api.w.org\/{rel}","templated":true}]}}