{"id":9441,"date":"2023-05-25T00:03:00","date_gmt":"2023-05-24T11:18:00","guid":{"rendered":"https:\/\/tolio.co.nz\/?post_type=product&#038;p=9441"},"modified":"2026-04-09T16:56:15","modified_gmt":"2026-04-09T04:56:15","slug":"ca-phe-trung-nguyen-sang-tao-4-goi-340g","status":"publish","type":"product","link":"https:\/\/tolio.co.nz\/en\/product\/trung-nguyen-sang-tao-coffee-comes-in-4-packs-of-340g\/","title":{"rendered":"Trung Nguyen Creative Coffee number 4 340g"},"content":{"rendered":"<p><strong>Trung Nguyen Creative Coffee number 4 340g <\/strong>Contains ingredients made from arabica, robusta, excelsa, and catimor that have passed the safety testing process for users&#039; health. Products belonging to reputable brands should receive trust from consumers.<\/p>\n<p>The product produces a rich brown water color, long-lasting aroma, and rich taste that will bring you a perfect cup of coffee and satisfy your creative energy source. The product is carefully packaged so it can be used as a gift for relatives or friends.<\/p>\n<p>Coffee is produced on a closed production line, meeting high quality standards. Creative Coffee 4 Trung Nguyen does not contain chemicals or preservatives, ensuring safety for users&#039; health.<\/p>\n<p><strong>How to Use:<\/strong><\/p>\n<ul>\n<li>B1: Materials and tools: pure water should be used for making water, coffee powder has an expiry date and ensures food hygiene, stored in a glass jar + a set of coffee cups and teacups. Super speed kettle.<\/li>\n<li>B2: Mix the coffee well before putting it in the filter, use 20-25 grams of coffee powder for a standard coffee filter.<\/li>\n<li>B3: Flatten, shake and tap the filter body to remove excess air and space in the filter cavity.<\/li>\n<li>B4: Remove residue, gently stroke the bottom of the filter body with your fingers, limiting coffee beans from entering the cup. Then place the filter body on the filter cover.<\/li>\n<li>B5: Use 20ml of boiling water to ensure the temperature is from 92 to 98 degrees Celsius, pour into the coffee cap and brew the coffee within 20 seconds. Use your fingers to gently press the heart before moving on to the next step.<\/li>\n<li>B6: Use 50-60 ml of boiling water to pour directly on the heart of the heart or around the heart to let the boiling water infuse evenly.<\/li>\n<li>B7: Finished product, the drip time of a standard cup of coffee is from 7-8 minutes. At the end of the drip process, the following is obtained:<br \/>\n30-35ml coffee solution for iced black coffee, iced milk and hot milk.<br \/>\n40 - 45ml for hot black coffee, use 20ml of condensed milk for hot milk coffee and iced milk coffee, use 4g of pure sugar for hot black and iced black coffee.<\/li>\n<\/ul>\n<p><strong>Preserve:<\/strong><\/p>\n<ul>\n<li>Cool, dry place. Avoid direct sunlight.<\/li>\n<\/ul>","protected":false},"excerpt":{"rendered":"<ul>\n<li>Brand: Trung Nguyen<\/li>\n<li>Brand Country: Viet nam<\/li>\n<li>Packing: 340g . pack<\/li>\n<li>Note: Product packaging may change from batch to batch<\/li>\n<\/ul>","protected":false},"featured_media":20902,"comment_status":"open","ping_status":"closed","template":"","meta":[],"product_brand":[],"product_cat":[30,31,34,483],"product_tag":[74,500],"class_list":{"0":"post-9441","1":"product","2":"type-product","3":"status-publish","4":"has-post-thumbnail","6":"product_cat-ban-chay-nhat","7":"product_cat-hang-moi-ve","8":"product_cat-thuc-uong","9":"product_cat-ca-phe","10":"product_tag-coffee","11":"product_tag-coffee-trung-nguyen","12":"pa_thuong-hieu-trung-nguyen","14":"first","15":"outofstock","16":"sale","17":"shipping-taxable","18":"purchasable","19":"product-type-simple"},"yoast_head":"<!-- This site is optimized with the Yoast SEO plugin v24.4 - https:\/\/yoast.com\/wordpress\/plugins\/seo\/ -->\n<title>C\u00e0 ph\u00ea Trung Nguy\u00ean s\u00e1ng t\u1ea1o 4 g\u00f3i 340g - TOLIO<\/title>\n<meta name=\"description\" content=\"Th\u01b0\u01a1ng hi\u1ec7u: Trung Nguy\u00ean  Xu\u1ea5t x\u1ee9 th\u01b0\u01a1ng hi\u1ec7u: Vi\u1ec7t Nam  Quy c\u00e1ch \u0111\u00f3ng g\u00f3i: G\u00f3i 340g  L\u01b0u \u00fd: Bao b\u00ec s\u1ea3n ph\u1ea9m c\u00f3 th\u1ec3 thay \u0111\u1ed5i theo t\u1eebng \u0111\u1ee3t nh\u1eadp h\u00e0ng\" \/>\n<meta name=\"robots\" content=\"index, follow, max-snippet:-1, max-image-preview:large, max-video-preview:-1\" \/>\n<link rel=\"canonical\" href=\"https:\/\/tolio.co.nz\/en\/product\/trung-nguyen-sang-tao-coffee-comes-in-4-packs-of-340g\/\" \/>\n<meta property=\"og:locale\" content=\"en_US\" \/>\n<meta property=\"og:type\" content=\"article\" \/>\n<meta property=\"og:title\" content=\"C\u00e0 ph\u00ea Trung Nguy\u00ean s\u00e1ng t\u1ea1o 4 g\u00f3i 340g - TOLIO\" \/>\n<meta property=\"og:description\" content=\"Th\u01b0\u01a1ng hi\u1ec7u: Trung Nguy\u00ean  Xu\u1ea5t x\u1ee9 th\u01b0\u01a1ng hi\u1ec7u: Vi\u1ec7t Nam  Quy c\u00e1ch \u0111\u00f3ng g\u00f3i: G\u00f3i 340g  L\u01b0u \u00fd: Bao b\u00ec s\u1ea3n ph\u1ea9m c\u00f3 th\u1ec3 thay \u0111\u1ed5i theo t\u1eebng \u0111\u1ee3t nh\u1eadp h\u00e0ng\" \/>\n<meta property=\"og:url\" content=\"https:\/\/tolio.co.nz\/en\/product\/trung-nguyen-sang-tao-coffee-comes-in-4-packs-of-340g\/\" \/>\n<meta property=\"og:site_name\" content=\"TOLIO\" \/>\n<meta property=\"article:modified_time\" content=\"2026-04-09T04:56:15+00:00\" \/>\n<meta property=\"og:image\" content=\"https:\/\/tolio.co.nz\/wp-content\/uploads\/2022\/05\/407.png\" \/>\n\t<meta property=\"og:image:width\" content=\"1000\" \/>\n\t<meta property=\"og:image:height\" content=\"907\" \/>\n\t<meta property=\"og:image:type\" content=\"image\/png\" \/>\n<meta name=\"twitter:card\" content=\"summary_large_image\" \/>\n<meta name=\"twitter:label1\" content=\"Est. reading time\" \/>\n\t<meta name=\"twitter:data1\" content=\"3 minutes\" \/>\n<script type=\"application\/ld+json\" class=\"yoast-schema-graph\">{\"@context\":\"https:\/\/schema.org\",\"@graph\":[{\"@type\":\"WebPage\",\"@id\":\"https:\/\/tolio.co.nz\/san-pham\/ca-phe-trung-nguyen-sang-tao-4-goi-340g\/\",\"url\":\"https:\/\/tolio.co.nz\/san-pham\/ca-phe-trung-nguyen-sang-tao-4-goi-340g\/\",\"name\":\"C\u00e0 ph\u00ea Trung Nguy\u00ean s\u00e1ng t\u1ea1o 4 g\u00f3i 340g - TOLIO\",\"isPartOf\":{\"@id\":\"https:\/\/tolio.co.nz\/#website\"},\"primaryImageOfPage\":{\"@id\":\"https:\/\/tolio.co.nz\/san-pham\/ca-phe-trung-nguyen-sang-tao-4-goi-340g\/#primaryimage\"},\"image\":{\"@id\":\"https:\/\/tolio.co.nz\/san-pham\/ca-phe-trung-nguyen-sang-tao-4-goi-340g\/#primaryimage\"},\"thumbnailUrl\":\"https:\/\/tolio.co.nz\/wp-content\/uploads\/2022\/05\/407.png\",\"datePublished\":\"2023-05-24T11:18:00+00:00\",\"dateModified\":\"2026-04-09T04:56:15+00:00\",\"description\":\"Th\u01b0\u01a1ng hi\u1ec7u: Trung Nguy\u00ean Xu\u1ea5t x\u1ee9 th\u01b0\u01a1ng hi\u1ec7u: Vi\u1ec7t Nam Quy c\u00e1ch \u0111\u00f3ng g\u00f3i: G\u00f3i 340g L\u01b0u \u00fd: Bao b\u00ec s\u1ea3n ph\u1ea9m c\u00f3 th\u1ec3 thay \u0111\u1ed5i theo t\u1eebng \u0111\u1ee3t nh\u1eadp h\u00e0ng\",\"breadcrumb\":{\"@id\":\"https:\/\/tolio.co.nz\/san-pham\/ca-phe-trung-nguyen-sang-tao-4-goi-340g\/#breadcrumb\"},\"inLanguage\":\"en-US\",\"potentialAction\":[{\"@type\":\"ReadAction\",\"target\":[\"https:\/\/tolio.co.nz\/san-pham\/ca-phe-trung-nguyen-sang-tao-4-goi-340g\/\"]}]},{\"@type\":\"ImageObject\",\"inLanguage\":\"en-US\",\"@id\":\"https:\/\/tolio.co.nz\/san-pham\/ca-phe-trung-nguyen-sang-tao-4-goi-340g\/#primaryimage\",\"url\":\"https:\/\/tolio.co.nz\/wp-content\/uploads\/2022\/05\/407.png\",\"contentUrl\":\"https:\/\/tolio.co.nz\/wp-content\/uploads\/2022\/05\/407.png\",\"width\":1000,\"height\":907},{\"@type\":\"BreadcrumbList\",\"@id\":\"https:\/\/tolio.co.nz\/san-pham\/ca-phe-trung-nguyen-sang-tao-4-goi-340g\/#breadcrumb\",\"itemListElement\":[{\"@type\":\"ListItem\",\"position\":1,\"name\":\"Home\",\"item\":\"https:\/\/tolio.co.nz\/\"},{\"@type\":\"ListItem\",\"position\":2,\"name\":\"C\u1eeda h\u00e0ng\",\"item\":\"https:\/\/tolio.co.nz\/cua-hang\/\"},{\"@type\":\"ListItem\",\"position\":3,\"name\":\"C\u00e0 ph\u00ea Trung Nguy\u00ean s\u00e1ng t\u1ea1o 4 g\u00f3i 340g\"}]},{\"@type\":\"WebSite\",\"@id\":\"https:\/\/tolio.co.nz\/#website\",\"url\":\"https:\/\/tolio.co.nz\/\",\"name\":\"TOLIO\",\"description\":\"Vietnamese Grocery Online\",\"potentialAction\":[{\"@type\":\"SearchAction\",\"target\":{\"@type\":\"EntryPoint\",\"urlTemplate\":\"https:\/\/tolio.co.nz\/?s={search_term_string}\"},\"query-input\":{\"@type\":\"PropertyValueSpecification\",\"valueRequired\":true,\"valueName\":\"search_term_string\"}}],\"inLanguage\":\"en-US\"}]}<\/script>\n<!-- \/ Yoast SEO plugin. -->","yoast_head_json":{"title":"C\u00e0 ph\u00ea Trung Nguy\u00ean s\u00e1ng t\u1ea1o 4 g\u00f3i 340g - TOLIO","description":"Th\u01b0\u01a1ng hi\u1ec7u: Trung Nguy\u00ean  Xu\u1ea5t x\u1ee9 th\u01b0\u01a1ng hi\u1ec7u: Vi\u1ec7t Nam  Quy c\u00e1ch \u0111\u00f3ng g\u00f3i: G\u00f3i 340g  L\u01b0u \u00fd: Bao b\u00ec s\u1ea3n ph\u1ea9m c\u00f3 th\u1ec3 thay \u0111\u1ed5i theo t\u1eebng \u0111\u1ee3t nh\u1eadp h\u00e0ng","robots":{"index":"index","follow":"follow","max-snippet":"max-snippet:-1","max-image-preview":"max-image-preview:large","max-video-preview":"max-video-preview:-1"},"canonical":"https:\/\/tolio.co.nz\/en\/product\/trung-nguyen-sang-tao-coffee-comes-in-4-packs-of-340g\/","og_locale":"en_US","og_type":"article","og_title":"C\u00e0 ph\u00ea Trung Nguy\u00ean s\u00e1ng t\u1ea1o 4 g\u00f3i 340g - TOLIO","og_description":"Th\u01b0\u01a1ng hi\u1ec7u: Trung Nguy\u00ean  Xu\u1ea5t x\u1ee9 th\u01b0\u01a1ng hi\u1ec7u: Vi\u1ec7t Nam  Quy c\u00e1ch \u0111\u00f3ng g\u00f3i: G\u00f3i 340g  L\u01b0u \u00fd: Bao b\u00ec s\u1ea3n ph\u1ea9m c\u00f3 th\u1ec3 thay \u0111\u1ed5i theo t\u1eebng \u0111\u1ee3t nh\u1eadp h\u00e0ng","og_url":"https:\/\/tolio.co.nz\/en\/product\/trung-nguyen-sang-tao-coffee-comes-in-4-packs-of-340g\/","og_site_name":"TOLIO","article_modified_time":"2026-04-09T04:56:15+00:00","og_image":[{"width":1000,"height":907,"url":"https:\/\/tolio.co.nz\/wp-content\/uploads\/2022\/05\/407.png","type":"image\/png"}],"twitter_card":"summary_large_image","twitter_misc":{"Est. reading time":"3 minutes"},"schema":{"@context":"https:\/\/schema.org","@graph":[{"@type":"WebPage","@id":"https:\/\/tolio.co.nz\/san-pham\/ca-phe-trung-nguyen-sang-tao-4-goi-340g\/","url":"https:\/\/tolio.co.nz\/san-pham\/ca-phe-trung-nguyen-sang-tao-4-goi-340g\/","name":"C\u00e0 ph\u00ea Trung Nguy\u00ean s\u00e1ng t\u1ea1o 4 g\u00f3i 340g - TOLIO","isPartOf":{"@id":"https:\/\/tolio.co.nz\/#website"},"primaryImageOfPage":{"@id":"https:\/\/tolio.co.nz\/san-pham\/ca-phe-trung-nguyen-sang-tao-4-goi-340g\/#primaryimage"},"image":{"@id":"https:\/\/tolio.co.nz\/san-pham\/ca-phe-trung-nguyen-sang-tao-4-goi-340g\/#primaryimage"},"thumbnailUrl":"https:\/\/tolio.co.nz\/wp-content\/uploads\/2022\/05\/407.png","datePublished":"2023-05-24T11:18:00+00:00","dateModified":"2026-04-09T04:56:15+00:00","description":"Th\u01b0\u01a1ng hi\u1ec7u: Trung Nguy\u00ean Xu\u1ea5t x\u1ee9 th\u01b0\u01a1ng hi\u1ec7u: Vi\u1ec7t Nam Quy c\u00e1ch \u0111\u00f3ng g\u00f3i: G\u00f3i 340g L\u01b0u \u00fd: Bao b\u00ec s\u1ea3n ph\u1ea9m c\u00f3 th\u1ec3 thay \u0111\u1ed5i theo t\u1eebng \u0111\u1ee3t nh\u1eadp h\u00e0ng","breadcrumb":{"@id":"https:\/\/tolio.co.nz\/san-pham\/ca-phe-trung-nguyen-sang-tao-4-goi-340g\/#breadcrumb"},"inLanguage":"en-US","potentialAction":[{"@type":"ReadAction","target":["https:\/\/tolio.co.nz\/san-pham\/ca-phe-trung-nguyen-sang-tao-4-goi-340g\/"]}]},{"@type":"ImageObject","inLanguage":"en-US","@id":"https:\/\/tolio.co.nz\/san-pham\/ca-phe-trung-nguyen-sang-tao-4-goi-340g\/#primaryimage","url":"https:\/\/tolio.co.nz\/wp-content\/uploads\/2022\/05\/407.png","contentUrl":"https:\/\/tolio.co.nz\/wp-content\/uploads\/2022\/05\/407.png","width":1000,"height":907},{"@type":"BreadcrumbList","@id":"https:\/\/tolio.co.nz\/san-pham\/ca-phe-trung-nguyen-sang-tao-4-goi-340g\/#breadcrumb","itemListElement":[{"@type":"ListItem","position":1,"name":"Home","item":"https:\/\/tolio.co.nz\/"},{"@type":"ListItem","position":2,"name":"C\u1eeda h\u00e0ng","item":"https:\/\/tolio.co.nz\/cua-hang\/"},{"@type":"ListItem","position":3,"name":"C\u00e0 ph\u00ea Trung Nguy\u00ean s\u00e1ng t\u1ea1o 4 g\u00f3i 340g"}]},{"@type":"WebSite","@id":"https:\/\/tolio.co.nz\/#website","url":"https:\/\/tolio.co.nz\/","name":"TOLIO","description":"Vietnamese Grocery Online","potentialAction":[{"@type":"SearchAction","target":{"@type":"EntryPoint","urlTemplate":"https:\/\/tolio.co.nz\/?s={search_term_string}"},"query-input":{"@type":"PropertyValueSpecification","valueRequired":true,"valueName":"search_term_string"}}],"inLanguage":"en-US"}]}},"_links":{"self":[{"href":"https:\/\/tolio.co.nz\/en\/wp-json\/wp\/v2\/product\/9441","targetHints":{"allow":["GET"]}}],"collection":[{"href":"https:\/\/tolio.co.nz\/en\/wp-json\/wp\/v2\/product"}],"about":[{"href":"https:\/\/tolio.co.nz\/en\/wp-json\/wp\/v2\/types\/product"}],"replies":[{"embeddable":true,"href":"https:\/\/tolio.co.nz\/en\/wp-json\/wp\/v2\/comments?post=9441"}],"wp:featuredmedia":[{"embeddable":true,"href":"https:\/\/tolio.co.nz\/en\/wp-json\/wp\/v2\/media\/20902"}],"wp:attachment":[{"href":"https:\/\/tolio.co.nz\/en\/wp-json\/wp\/v2\/media?parent=9441"}],"wp:term":[{"taxonomy":"product_brand","embeddable":true,"href":"https:\/\/tolio.co.nz\/en\/wp-json\/wp\/v2\/product_brand?post=9441"},{"taxonomy":"product_cat","embeddable":true,"href":"https:\/\/tolio.co.nz\/en\/wp-json\/wp\/v2\/product_cat?post=9441"},{"taxonomy":"product_tag","embeddable":true,"href":"https:\/\/tolio.co.nz\/en\/wp-json\/wp\/v2\/product_tag?post=9441"}],"curies":[{"name":"wp","href":"https:\/\/api.w.org\/{rel}","templated":true}]}}