{"id":959,"date":"2021-12-28T02:07:00","date_gmt":"2021-12-27T13:22:00","guid":{"rendered":"https:\/\/tolio2.sitebycat.com\/?post_type=product&#038;p=959"},"modified":"2026-03-28T19:22:57","modified_gmt":"2026-03-28T07:22:57","slug":"thung-sua-milo-lua-mach-uong-lien-180ml","status":"publish","type":"product","link":"https:\/\/tolio.co.nz\/en\/product\/milo-lua-mach-lien-drink-180ml\/","title":{"rendered":"BOX of Milo instant barley milk 48 x 180ml"},"content":{"rendered":"<p><strong>BOX of Milo instant barley milk 48 x 180ml<\/strong>\u00a0Superior nutritional extracts from whole wheat germ, milk, cocoa powder Added with many vitamins and minerals Provide balanced and complete nutrients to help children always be full of energy, healthy and confident.<\/p>\n<ul>\n<li>Especially, the whole wheat germ contained in the product helps to provide more balanced nutrients to keep the body full of energy and healthy.<\/li>\n<li>Bringing the full benefits of Milk, Nestl\u00e9 MILO with ACTIV-GO Compound Go beyond is a unique combination of Protomalt specially extracted from barley germ and a complex of essential vitamins and minerals, contributing to the role It is important in releasing energy, strengthening muscle and bone function, and actively supporting children&#039;s physical and intellectual activities.<\/li>\n<\/ul>\n<p><strong>User manual<\/strong>:<\/p>\n<ul>\n<li>Drink directly, more delicious when drinking cold.<\/li>\n<li>Shake well before using.<\/li>\n<\/ul>\n<p><strong>Preserve<\/strong>:<\/p>\n<ul>\n<li>To a dry, cool place.<\/li>\n<li>Avoid direct sunlight.<\/li>\n<\/ul>\n<p>&nbsp;<\/p>","protected":false},"excerpt":{"rendered":"<ul class=\"infoproduct nospeci\">\n<li>Brand: Nestle Milo<\/li>\n<li>Brand Country: Viet nam<\/li>\n<li>Packing: 180ml box, 4 boxes\/lot, 48 boxes\/carton<\/li>\n<li>Note: Product packaging may change from batch to batch<\/li>\n<\/ul>","protected":false},"featured_media":20940,"comment_status":"open","ping_status":"closed","template":"","meta":[],"product_brand":[],"product_cat":[34,37,31],"product_tag":[54,56],"class_list":{"0":"post-959","1":"product","2":"type-product","3":"status-publish","4":"has-post-thumbnail","6":"product_cat-thuc-uong","7":"product_cat-thuc-uong-dinh-duong","8":"product_cat-hang-moi-ve","9":"product_tag-sua-dinh-duong","10":"product_tag-sua-milo","11":"pa_thuong-hieu-milo","13":"first","14":"instock","15":"sale","16":"shipping-taxable","17":"purchasable","18":"product-type-simple"},"yoast_head":"<!-- This site is optimized with the Yoast SEO plugin v24.4 - https:\/\/yoast.com\/wordpress\/plugins\/seo\/ -->\n<title>Th\u00f9ng 48 h\u1ed9p s\u1eefa Milo l\u00faa m\u1ea1ch u\u1ed1ng li\u1ec1n 180ml - TOLIO<\/title>\n<meta name=\"description\" content=\"Th\u01b0\u01a1ng hi\u1ec7u: Nestle Milo  Xu\u1ea5t x\u1ee9 th\u01b0\u01a1ng hi\u1ec7u: Vi\u1ec7t Nam  Quy c\u00e1ch \u0111\u00f3ng g\u00f3i: H\u1ed9p 180ml, 4 h\u1ed9p\/l\u1ed1c, 48 h\u1ed9p\/th\u00f9ng  L\u01b0u \u00fd: Bao b\u00ec s\u1ea3n ph\u1ea9m c\u00f3 th\u1ec3 thay \u0111\u1ed5i theo t\u1eebng \u0111\u1ee3t nh\u1eadp h\u00e0ng\" \/>\n<meta name=\"robots\" content=\"index, follow, max-snippet:-1, max-image-preview:large, max-video-preview:-1\" \/>\n<link rel=\"canonical\" href=\"https:\/\/tolio.co.nz\/en\/product\/milo-lua-mach-lien-drink-180ml\/\" \/>\n<meta property=\"og:locale\" content=\"en_US\" \/>\n<meta property=\"og:type\" content=\"article\" \/>\n<meta property=\"og:title\" content=\"Th\u00f9ng 48 h\u1ed9p s\u1eefa Milo l\u00faa m\u1ea1ch u\u1ed1ng li\u1ec1n 180ml - TOLIO\" \/>\n<meta property=\"og:description\" content=\"Th\u01b0\u01a1ng hi\u1ec7u: Nestle Milo  Xu\u1ea5t x\u1ee9 th\u01b0\u01a1ng hi\u1ec7u: Vi\u1ec7t Nam  Quy c\u00e1ch \u0111\u00f3ng g\u00f3i: H\u1ed9p 180ml, 4 h\u1ed9p\/l\u1ed1c, 48 h\u1ed9p\/th\u00f9ng  L\u01b0u \u00fd: Bao b\u00ec s\u1ea3n ph\u1ea9m c\u00f3 th\u1ec3 thay \u0111\u1ed5i theo t\u1eebng \u0111\u1ee3t nh\u1eadp h\u00e0ng\" \/>\n<meta property=\"og:url\" content=\"https:\/\/tolio.co.nz\/en\/product\/milo-lua-mach-lien-drink-180ml\/\" \/>\n<meta property=\"og:site_name\" content=\"TOLIO\" \/>\n<meta property=\"article:modified_time\" content=\"2026-03-28T07:22:57+00:00\" \/>\n<meta property=\"og:image\" content=\"https:\/\/tolio.co.nz\/wp-content\/uploads\/2021\/12\/442.png\" \/>\n\t<meta property=\"og:image:width\" content=\"1000\" \/>\n\t<meta property=\"og:image:height\" content=\"907\" \/>\n\t<meta property=\"og:image:type\" content=\"image\/png\" \/>\n<meta name=\"twitter:card\" content=\"summary_large_image\" \/>\n<meta name=\"twitter:label1\" content=\"Est. reading time\" \/>\n\t<meta name=\"twitter:data1\" content=\"2 minutes\" \/>\n<script type=\"application\/ld+json\" class=\"yoast-schema-graph\">{\"@context\":\"https:\/\/schema.org\",\"@graph\":[{\"@type\":\"WebPage\",\"@id\":\"https:\/\/tolio.co.nz\/san-pham\/thung-sua-milo-lua-mach-uong-lien-180ml\/\",\"url\":\"https:\/\/tolio.co.nz\/san-pham\/thung-sua-milo-lua-mach-uong-lien-180ml\/\",\"name\":\"Th\u00f9ng 48 h\u1ed9p s\u1eefa Milo l\u00faa m\u1ea1ch u\u1ed1ng li\u1ec1n 180ml - TOLIO\",\"isPartOf\":{\"@id\":\"https:\/\/tolio.co.nz\/#website\"},\"primaryImageOfPage\":{\"@id\":\"https:\/\/tolio.co.nz\/san-pham\/thung-sua-milo-lua-mach-uong-lien-180ml\/#primaryimage\"},\"image\":{\"@id\":\"https:\/\/tolio.co.nz\/san-pham\/thung-sua-milo-lua-mach-uong-lien-180ml\/#primaryimage\"},\"thumbnailUrl\":\"https:\/\/tolio.co.nz\/wp-content\/uploads\/2021\/12\/442.png\",\"datePublished\":\"2021-12-27T13:22:00+00:00\",\"dateModified\":\"2026-03-28T07:22:57+00:00\",\"description\":\"Th\u01b0\u01a1ng hi\u1ec7u: Nestle Milo Xu\u1ea5t x\u1ee9 th\u01b0\u01a1ng hi\u1ec7u: Vi\u1ec7t Nam Quy c\u00e1ch \u0111\u00f3ng g\u00f3i: H\u1ed9p 180ml, 4 h\u1ed9p\/l\u1ed1c, 48 h\u1ed9p\/th\u00f9ng L\u01b0u \u00fd: Bao b\u00ec s\u1ea3n ph\u1ea9m c\u00f3 th\u1ec3 thay \u0111\u1ed5i theo t\u1eebng \u0111\u1ee3t nh\u1eadp h\u00e0ng\",\"breadcrumb\":{\"@id\":\"https:\/\/tolio.co.nz\/san-pham\/thung-sua-milo-lua-mach-uong-lien-180ml\/#breadcrumb\"},\"inLanguage\":\"en-US\",\"potentialAction\":[{\"@type\":\"ReadAction\",\"target\":[\"https:\/\/tolio.co.nz\/san-pham\/thung-sua-milo-lua-mach-uong-lien-180ml\/\"]}]},{\"@type\":\"ImageObject\",\"inLanguage\":\"en-US\",\"@id\":\"https:\/\/tolio.co.nz\/san-pham\/thung-sua-milo-lua-mach-uong-lien-180ml\/#primaryimage\",\"url\":\"https:\/\/tolio.co.nz\/wp-content\/uploads\/2021\/12\/442.png\",\"contentUrl\":\"https:\/\/tolio.co.nz\/wp-content\/uploads\/2021\/12\/442.png\",\"width\":1000,\"height\":907},{\"@type\":\"BreadcrumbList\",\"@id\":\"https:\/\/tolio.co.nz\/san-pham\/thung-sua-milo-lua-mach-uong-lien-180ml\/#breadcrumb\",\"itemListElement\":[{\"@type\":\"ListItem\",\"position\":1,\"name\":\"Home\",\"item\":\"https:\/\/tolio.co.nz\/\"},{\"@type\":\"ListItem\",\"position\":2,\"name\":\"C\u1eeda h\u00e0ng\",\"item\":\"https:\/\/tolio.co.nz\/cua-hang\/\"},{\"@type\":\"ListItem\",\"position\":3,\"name\":\"Th\u00f9ng 48 h\u1ed9p s\u1eefa Milo l\u00faa m\u1ea1ch u\u1ed1ng li\u1ec1n 180ml\"}]},{\"@type\":\"WebSite\",\"@id\":\"https:\/\/tolio.co.nz\/#website\",\"url\":\"https:\/\/tolio.co.nz\/\",\"name\":\"TOLIO\",\"description\":\"Vietnamese Grocery Online\",\"potentialAction\":[{\"@type\":\"SearchAction\",\"target\":{\"@type\":\"EntryPoint\",\"urlTemplate\":\"https:\/\/tolio.co.nz\/?s={search_term_string}\"},\"query-input\":{\"@type\":\"PropertyValueSpecification\",\"valueRequired\":true,\"valueName\":\"search_term_string\"}}],\"inLanguage\":\"en-US\"}]}<\/script>\n<!-- \/ Yoast SEO plugin. -->","yoast_head_json":{"title":"Th\u00f9ng 48 h\u1ed9p s\u1eefa Milo l\u00faa m\u1ea1ch u\u1ed1ng li\u1ec1n 180ml - TOLIO","description":"Th\u01b0\u01a1ng hi\u1ec7u: Nestle Milo  Xu\u1ea5t x\u1ee9 th\u01b0\u01a1ng hi\u1ec7u: Vi\u1ec7t Nam  Quy c\u00e1ch \u0111\u00f3ng g\u00f3i: H\u1ed9p 180ml, 4 h\u1ed9p\/l\u1ed1c, 48 h\u1ed9p\/th\u00f9ng  L\u01b0u \u00fd: Bao b\u00ec s\u1ea3n ph\u1ea9m c\u00f3 th\u1ec3 thay \u0111\u1ed5i theo t\u1eebng \u0111\u1ee3t nh\u1eadp h\u00e0ng","robots":{"index":"index","follow":"follow","max-snippet":"max-snippet:-1","max-image-preview":"max-image-preview:large","max-video-preview":"max-video-preview:-1"},"canonical":"https:\/\/tolio.co.nz\/en\/product\/milo-lua-mach-lien-drink-180ml\/","og_locale":"en_US","og_type":"article","og_title":"Th\u00f9ng 48 h\u1ed9p s\u1eefa Milo l\u00faa m\u1ea1ch u\u1ed1ng li\u1ec1n 180ml - TOLIO","og_description":"Th\u01b0\u01a1ng hi\u1ec7u: Nestle Milo  Xu\u1ea5t x\u1ee9 th\u01b0\u01a1ng hi\u1ec7u: Vi\u1ec7t Nam  Quy c\u00e1ch \u0111\u00f3ng g\u00f3i: H\u1ed9p 180ml, 4 h\u1ed9p\/l\u1ed1c, 48 h\u1ed9p\/th\u00f9ng  L\u01b0u \u00fd: Bao b\u00ec s\u1ea3n ph\u1ea9m c\u00f3 th\u1ec3 thay \u0111\u1ed5i theo t\u1eebng \u0111\u1ee3t nh\u1eadp h\u00e0ng","og_url":"https:\/\/tolio.co.nz\/en\/product\/milo-lua-mach-lien-drink-180ml\/","og_site_name":"TOLIO","article_modified_time":"2026-03-28T07:22:57+00:00","og_image":[{"width":1000,"height":907,"url":"https:\/\/tolio.co.nz\/wp-content\/uploads\/2021\/12\/442.png","type":"image\/png"}],"twitter_card":"summary_large_image","twitter_misc":{"Est. reading time":"2 minutes"},"schema":{"@context":"https:\/\/schema.org","@graph":[{"@type":"WebPage","@id":"https:\/\/tolio.co.nz\/san-pham\/thung-sua-milo-lua-mach-uong-lien-180ml\/","url":"https:\/\/tolio.co.nz\/san-pham\/thung-sua-milo-lua-mach-uong-lien-180ml\/","name":"Th\u00f9ng 48 h\u1ed9p s\u1eefa Milo l\u00faa m\u1ea1ch u\u1ed1ng li\u1ec1n 180ml - TOLIO","isPartOf":{"@id":"https:\/\/tolio.co.nz\/#website"},"primaryImageOfPage":{"@id":"https:\/\/tolio.co.nz\/san-pham\/thung-sua-milo-lua-mach-uong-lien-180ml\/#primaryimage"},"image":{"@id":"https:\/\/tolio.co.nz\/san-pham\/thung-sua-milo-lua-mach-uong-lien-180ml\/#primaryimage"},"thumbnailUrl":"https:\/\/tolio.co.nz\/wp-content\/uploads\/2021\/12\/442.png","datePublished":"2021-12-27T13:22:00+00:00","dateModified":"2026-03-28T07:22:57+00:00","description":"Th\u01b0\u01a1ng hi\u1ec7u: Nestle Milo Xu\u1ea5t x\u1ee9 th\u01b0\u01a1ng hi\u1ec7u: Vi\u1ec7t Nam Quy c\u00e1ch \u0111\u00f3ng g\u00f3i: H\u1ed9p 180ml, 4 h\u1ed9p\/l\u1ed1c, 48 h\u1ed9p\/th\u00f9ng L\u01b0u \u00fd: Bao b\u00ec s\u1ea3n ph\u1ea9m c\u00f3 th\u1ec3 thay \u0111\u1ed5i theo t\u1eebng \u0111\u1ee3t nh\u1eadp h\u00e0ng","breadcrumb":{"@id":"https:\/\/tolio.co.nz\/san-pham\/thung-sua-milo-lua-mach-uong-lien-180ml\/#breadcrumb"},"inLanguage":"en-US","potentialAction":[{"@type":"ReadAction","target":["https:\/\/tolio.co.nz\/san-pham\/thung-sua-milo-lua-mach-uong-lien-180ml\/"]}]},{"@type":"ImageObject","inLanguage":"en-US","@id":"https:\/\/tolio.co.nz\/san-pham\/thung-sua-milo-lua-mach-uong-lien-180ml\/#primaryimage","url":"https:\/\/tolio.co.nz\/wp-content\/uploads\/2021\/12\/442.png","contentUrl":"https:\/\/tolio.co.nz\/wp-content\/uploads\/2021\/12\/442.png","width":1000,"height":907},{"@type":"BreadcrumbList","@id":"https:\/\/tolio.co.nz\/san-pham\/thung-sua-milo-lua-mach-uong-lien-180ml\/#breadcrumb","itemListElement":[{"@type":"ListItem","position":1,"name":"Home","item":"https:\/\/tolio.co.nz\/"},{"@type":"ListItem","position":2,"name":"C\u1eeda h\u00e0ng","item":"https:\/\/tolio.co.nz\/cua-hang\/"},{"@type":"ListItem","position":3,"name":"Th\u00f9ng 48 h\u1ed9p s\u1eefa Milo l\u00faa m\u1ea1ch u\u1ed1ng li\u1ec1n 180ml"}]},{"@type":"WebSite","@id":"https:\/\/tolio.co.nz\/#website","url":"https:\/\/tolio.co.nz\/","name":"TOLIO","description":"Vietnamese Grocery Online","potentialAction":[{"@type":"SearchAction","target":{"@type":"EntryPoint","urlTemplate":"https:\/\/tolio.co.nz\/?s={search_term_string}"},"query-input":{"@type":"PropertyValueSpecification","valueRequired":true,"valueName":"search_term_string"}}],"inLanguage":"en-US"}]}},"_links":{"self":[{"href":"https:\/\/tolio.co.nz\/en\/wp-json\/wp\/v2\/product\/959","targetHints":{"allow":["GET"]}}],"collection":[{"href":"https:\/\/tolio.co.nz\/en\/wp-json\/wp\/v2\/product"}],"about":[{"href":"https:\/\/tolio.co.nz\/en\/wp-json\/wp\/v2\/types\/product"}],"replies":[{"embeddable":true,"href":"https:\/\/tolio.co.nz\/en\/wp-json\/wp\/v2\/comments?post=959"}],"wp:featuredmedia":[{"embeddable":true,"href":"https:\/\/tolio.co.nz\/en\/wp-json\/wp\/v2\/media\/20940"}],"wp:attachment":[{"href":"https:\/\/tolio.co.nz\/en\/wp-json\/wp\/v2\/media?parent=959"}],"wp:term":[{"taxonomy":"product_brand","embeddable":true,"href":"https:\/\/tolio.co.nz\/en\/wp-json\/wp\/v2\/product_brand?post=959"},{"taxonomy":"product_cat","embeddable":true,"href":"https:\/\/tolio.co.nz\/en\/wp-json\/wp\/v2\/product_cat?post=959"},{"taxonomy":"product_tag","embeddable":true,"href":"https:\/\/tolio.co.nz\/en\/wp-json\/wp\/v2\/product_tag?post=959"}],"curies":[{"name":"wp","href":"https:\/\/api.w.org\/{rel}","templated":true}]}}