{"id":9952,"date":"2023-06-24T22:53:34","date_gmt":"2023-06-24T10:08:34","guid":{"rendered":"https:\/\/tolio.co.nz\/?post_type=product&#038;p=9952"},"modified":"2026-04-10T21:07:28","modified_gmt":"2026-04-10T09:07:28","slug":"thung-30-goi-mi-hao-hao-tom-chua-cay-77g","status":"publish","type":"product","link":"https:\/\/tolio.co.nz\/en\/product\/30-packets-of-similar-spicy-and-sour-tom-77g\/","title":{"rendered":"Box of Hao Hao spicy and sour shrimp noodles 30 x 77g"},"content":{"rendered":"<p><strong>Box of Hao Hao spicy and sour shrimp noodles 30 x 77g<\/strong> with delicious chewy noodles mixed in spicy and sour shrimp soup, rich in genuine Hao Hao noodles, with an ecstatically seductive aroma. Hao Hao noodles with spicy and sour shrimp flavor, 77g package, is an attractive choice not to be missed, especially for busy days when you need to replenish energy quickly, simply, and still have enough nutrients.<\/p>\n<p><strong>How to Use:<\/strong><\/p>\n<ul>\n<li>Put noodles and seasoning packets in a bowl. Pour about 400ml of boiling water into a bowl of noodles. Close the lid tightly and wait for 3 minutes. Open the lid, mix well and start enjoying.<\/li>\n<\/ul>\n<p><strong>Preserve:<\/strong><\/p>\n<ul>\n<li>Store in a cool, dry place, away from direct sunlight<\/li>\n<\/ul>\n<p><strong>Expiry: <\/strong>18 months from date of manufacture.<\/p>","protected":false},"excerpt":{"rendered":"<ul>\n<li>Brand: Hao Hao<\/li>\n<li>Brand Country: Viet nam<\/li>\n<li>Packaging: 77g package, set of 10 packages, carton of 30 packages<\/li>\n<li>Note: Product packaging may change from batch to batch<\/li>\n<\/ul>","protected":false},"featured_media":20226,"comment_status":"open","ping_status":"closed","template":"","meta":[],"product_brand":[],"product_cat":[31,511],"product_tag":[614,615,531],"class_list":{"0":"post-9952","1":"product","2":"type-product","3":"status-publish","4":"has-post-thumbnail","6":"product_cat-hang-moi-ve","7":"product_cat-mi-pho-chao-an-lien","8":"product_tag-hao-hao","9":"product_tag-mi","10":"product_tag-mi-an-lien","11":"pa_thuong-hieu-hao-hao","13":"first","14":"instock","15":"sale","16":"shipping-taxable","17":"purchasable","18":"product-type-simple"},"yoast_head":"<!-- This site is optimized with the Yoast SEO plugin v24.4 - https:\/\/yoast.com\/wordpress\/plugins\/seo\/ -->\n<title>Th\u00f9ng 30 g\u00f3i m\u00ec H\u1ea3o H\u1ea3o t\u00f4m chua cay 77g - TOLIO<\/title>\n<meta name=\"description\" content=\"Th\u01b0\u01a1ng hi\u1ec7u: H\u1ea3o H\u1ea3o  Xu\u1ea5t x\u1ee9 th\u01b0\u01a1ng hi\u1ec7u: Vi\u1ec7t Nam  Quy c\u00e1ch \u0111\u00f3ng g\u00f3i: g\u00f3i 77g, set 10 g\u00f3i, Th\u00f9ng 30 g\u00f3i  L\u01b0u \u00fd: Bao b\u00ec s\u1ea3n ph\u1ea9m c\u00f3 th\u1ec3 thay \u0111\u1ed5i theo t\u1eebng \u0111\u1ee3t nh\u1eadp h\u00e0ng\" \/>\n<meta name=\"robots\" content=\"index, follow, max-snippet:-1, max-image-preview:large, max-video-preview:-1\" \/>\n<link rel=\"canonical\" href=\"https:\/\/tolio.co.nz\/en\/product\/30-packets-of-similar-spicy-and-sour-tom-77g\/\" \/>\n<meta property=\"og:locale\" content=\"en_US\" \/>\n<meta property=\"og:type\" content=\"article\" \/>\n<meta property=\"og:title\" content=\"Th\u00f9ng 30 g\u00f3i m\u00ec H\u1ea3o H\u1ea3o t\u00f4m chua cay 77g - TOLIO\" \/>\n<meta property=\"og:description\" content=\"Th\u01b0\u01a1ng hi\u1ec7u: H\u1ea3o H\u1ea3o  Xu\u1ea5t x\u1ee9 th\u01b0\u01a1ng hi\u1ec7u: Vi\u1ec7t Nam  Quy c\u00e1ch \u0111\u00f3ng g\u00f3i: g\u00f3i 77g, set 10 g\u00f3i, Th\u00f9ng 30 g\u00f3i  L\u01b0u \u00fd: Bao b\u00ec s\u1ea3n ph\u1ea9m c\u00f3 th\u1ec3 thay \u0111\u1ed5i theo t\u1eebng \u0111\u1ee3t nh\u1eadp h\u00e0ng\" \/>\n<meta property=\"og:url\" content=\"https:\/\/tolio.co.nz\/en\/product\/30-packets-of-similar-spicy-and-sour-tom-77g\/\" \/>\n<meta property=\"og:site_name\" content=\"TOLIO\" \/>\n<meta property=\"article:modified_time\" content=\"2026-04-10T09:07:28+00:00\" \/>\n<meta property=\"og:image\" content=\"https:\/\/tolio.co.nz\/wp-content\/uploads\/2023\/06\/50.png\" \/>\n\t<meta property=\"og:image:width\" content=\"1000\" \/>\n\t<meta property=\"og:image:height\" content=\"907\" \/>\n\t<meta property=\"og:image:type\" content=\"image\/png\" \/>\n<meta name=\"twitter:card\" content=\"summary_large_image\" \/>\n<meta name=\"twitter:label1\" content=\"Est. reading time\" \/>\n\t<meta name=\"twitter:data1\" content=\"1 minute\" \/>\n<script type=\"application\/ld+json\" class=\"yoast-schema-graph\">{\"@context\":\"https:\/\/schema.org\",\"@graph\":[{\"@type\":\"WebPage\",\"@id\":\"https:\/\/tolio.co.nz\/san-pham\/thung-30-goi-mi-hao-hao-tom-chua-cay-77g\/\",\"url\":\"https:\/\/tolio.co.nz\/san-pham\/thung-30-goi-mi-hao-hao-tom-chua-cay-77g\/\",\"name\":\"Th\u00f9ng 30 g\u00f3i m\u00ec H\u1ea3o H\u1ea3o t\u00f4m chua cay 77g - TOLIO\",\"isPartOf\":{\"@id\":\"https:\/\/tolio.co.nz\/#website\"},\"primaryImageOfPage\":{\"@id\":\"https:\/\/tolio.co.nz\/san-pham\/thung-30-goi-mi-hao-hao-tom-chua-cay-77g\/#primaryimage\"},\"image\":{\"@id\":\"https:\/\/tolio.co.nz\/san-pham\/thung-30-goi-mi-hao-hao-tom-chua-cay-77g\/#primaryimage\"},\"thumbnailUrl\":\"https:\/\/tolio.co.nz\/wp-content\/uploads\/2023\/06\/50.png\",\"datePublished\":\"2023-06-24T10:08:34+00:00\",\"dateModified\":\"2026-04-10T09:07:28+00:00\",\"description\":\"Th\u01b0\u01a1ng hi\u1ec7u: H\u1ea3o H\u1ea3o Xu\u1ea5t x\u1ee9 th\u01b0\u01a1ng hi\u1ec7u: Vi\u1ec7t Nam Quy c\u00e1ch \u0111\u00f3ng g\u00f3i: g\u00f3i 77g, set 10 g\u00f3i, Th\u00f9ng 30 g\u00f3i L\u01b0u \u00fd: Bao b\u00ec s\u1ea3n ph\u1ea9m c\u00f3 th\u1ec3 thay \u0111\u1ed5i theo t\u1eebng \u0111\u1ee3t nh\u1eadp h\u00e0ng\",\"breadcrumb\":{\"@id\":\"https:\/\/tolio.co.nz\/san-pham\/thung-30-goi-mi-hao-hao-tom-chua-cay-77g\/#breadcrumb\"},\"inLanguage\":\"en-US\",\"potentialAction\":[{\"@type\":\"ReadAction\",\"target\":[\"https:\/\/tolio.co.nz\/san-pham\/thung-30-goi-mi-hao-hao-tom-chua-cay-77g\/\"]}]},{\"@type\":\"ImageObject\",\"inLanguage\":\"en-US\",\"@id\":\"https:\/\/tolio.co.nz\/san-pham\/thung-30-goi-mi-hao-hao-tom-chua-cay-77g\/#primaryimage\",\"url\":\"https:\/\/tolio.co.nz\/wp-content\/uploads\/2023\/06\/50.png\",\"contentUrl\":\"https:\/\/tolio.co.nz\/wp-content\/uploads\/2023\/06\/50.png\",\"width\":1000,\"height\":907},{\"@type\":\"BreadcrumbList\",\"@id\":\"https:\/\/tolio.co.nz\/san-pham\/thung-30-goi-mi-hao-hao-tom-chua-cay-77g\/#breadcrumb\",\"itemListElement\":[{\"@type\":\"ListItem\",\"position\":1,\"name\":\"Home\",\"item\":\"https:\/\/tolio.co.nz\/\"},{\"@type\":\"ListItem\",\"position\":2,\"name\":\"C\u1eeda h\u00e0ng\",\"item\":\"https:\/\/tolio.co.nz\/cua-hang\/\"},{\"@type\":\"ListItem\",\"position\":3,\"name\":\"Th\u00f9ng 30 g\u00f3i m\u00ec H\u1ea3o H\u1ea3o t\u00f4m chua cay 77g\"}]},{\"@type\":\"WebSite\",\"@id\":\"https:\/\/tolio.co.nz\/#website\",\"url\":\"https:\/\/tolio.co.nz\/\",\"name\":\"TOLIO\",\"description\":\"Vietnamese Grocery Online\",\"potentialAction\":[{\"@type\":\"SearchAction\",\"target\":{\"@type\":\"EntryPoint\",\"urlTemplate\":\"https:\/\/tolio.co.nz\/?s={search_term_string}\"},\"query-input\":{\"@type\":\"PropertyValueSpecification\",\"valueRequired\":true,\"valueName\":\"search_term_string\"}}],\"inLanguage\":\"en-US\"}]}<\/script>\n<!-- \/ Yoast SEO plugin. -->","yoast_head_json":{"title":"Th\u00f9ng 30 g\u00f3i m\u00ec H\u1ea3o H\u1ea3o t\u00f4m chua cay 77g - TOLIO","description":"Th\u01b0\u01a1ng hi\u1ec7u: H\u1ea3o H\u1ea3o  Xu\u1ea5t x\u1ee9 th\u01b0\u01a1ng hi\u1ec7u: Vi\u1ec7t Nam  Quy c\u00e1ch \u0111\u00f3ng g\u00f3i: g\u00f3i 77g, set 10 g\u00f3i, Th\u00f9ng 30 g\u00f3i  L\u01b0u \u00fd: Bao b\u00ec s\u1ea3n ph\u1ea9m c\u00f3 th\u1ec3 thay \u0111\u1ed5i theo t\u1eebng \u0111\u1ee3t nh\u1eadp h\u00e0ng","robots":{"index":"index","follow":"follow","max-snippet":"max-snippet:-1","max-image-preview":"max-image-preview:large","max-video-preview":"max-video-preview:-1"},"canonical":"https:\/\/tolio.co.nz\/en\/product\/30-packets-of-similar-spicy-and-sour-tom-77g\/","og_locale":"en_US","og_type":"article","og_title":"Th\u00f9ng 30 g\u00f3i m\u00ec H\u1ea3o H\u1ea3o t\u00f4m chua cay 77g - TOLIO","og_description":"Th\u01b0\u01a1ng hi\u1ec7u: H\u1ea3o H\u1ea3o  Xu\u1ea5t x\u1ee9 th\u01b0\u01a1ng hi\u1ec7u: Vi\u1ec7t Nam  Quy c\u00e1ch \u0111\u00f3ng g\u00f3i: g\u00f3i 77g, set 10 g\u00f3i, Th\u00f9ng 30 g\u00f3i  L\u01b0u \u00fd: Bao b\u00ec s\u1ea3n ph\u1ea9m c\u00f3 th\u1ec3 thay \u0111\u1ed5i theo t\u1eebng \u0111\u1ee3t nh\u1eadp h\u00e0ng","og_url":"https:\/\/tolio.co.nz\/en\/product\/30-packets-of-similar-spicy-and-sour-tom-77g\/","og_site_name":"TOLIO","article_modified_time":"2026-04-10T09:07:28+00:00","og_image":[{"width":1000,"height":907,"url":"https:\/\/tolio.co.nz\/wp-content\/uploads\/2023\/06\/50.png","type":"image\/png"}],"twitter_card":"summary_large_image","twitter_misc":{"Est. reading time":"1 minute"},"schema":{"@context":"https:\/\/schema.org","@graph":[{"@type":"WebPage","@id":"https:\/\/tolio.co.nz\/san-pham\/thung-30-goi-mi-hao-hao-tom-chua-cay-77g\/","url":"https:\/\/tolio.co.nz\/san-pham\/thung-30-goi-mi-hao-hao-tom-chua-cay-77g\/","name":"Th\u00f9ng 30 g\u00f3i m\u00ec H\u1ea3o H\u1ea3o t\u00f4m chua cay 77g - TOLIO","isPartOf":{"@id":"https:\/\/tolio.co.nz\/#website"},"primaryImageOfPage":{"@id":"https:\/\/tolio.co.nz\/san-pham\/thung-30-goi-mi-hao-hao-tom-chua-cay-77g\/#primaryimage"},"image":{"@id":"https:\/\/tolio.co.nz\/san-pham\/thung-30-goi-mi-hao-hao-tom-chua-cay-77g\/#primaryimage"},"thumbnailUrl":"https:\/\/tolio.co.nz\/wp-content\/uploads\/2023\/06\/50.png","datePublished":"2023-06-24T10:08:34+00:00","dateModified":"2026-04-10T09:07:28+00:00","description":"Th\u01b0\u01a1ng hi\u1ec7u: H\u1ea3o H\u1ea3o Xu\u1ea5t x\u1ee9 th\u01b0\u01a1ng hi\u1ec7u: Vi\u1ec7t Nam Quy c\u00e1ch \u0111\u00f3ng g\u00f3i: g\u00f3i 77g, set 10 g\u00f3i, Th\u00f9ng 30 g\u00f3i L\u01b0u \u00fd: Bao b\u00ec s\u1ea3n ph\u1ea9m c\u00f3 th\u1ec3 thay \u0111\u1ed5i theo t\u1eebng \u0111\u1ee3t nh\u1eadp h\u00e0ng","breadcrumb":{"@id":"https:\/\/tolio.co.nz\/san-pham\/thung-30-goi-mi-hao-hao-tom-chua-cay-77g\/#breadcrumb"},"inLanguage":"en-US","potentialAction":[{"@type":"ReadAction","target":["https:\/\/tolio.co.nz\/san-pham\/thung-30-goi-mi-hao-hao-tom-chua-cay-77g\/"]}]},{"@type":"ImageObject","inLanguage":"en-US","@id":"https:\/\/tolio.co.nz\/san-pham\/thung-30-goi-mi-hao-hao-tom-chua-cay-77g\/#primaryimage","url":"https:\/\/tolio.co.nz\/wp-content\/uploads\/2023\/06\/50.png","contentUrl":"https:\/\/tolio.co.nz\/wp-content\/uploads\/2023\/06\/50.png","width":1000,"height":907},{"@type":"BreadcrumbList","@id":"https:\/\/tolio.co.nz\/san-pham\/thung-30-goi-mi-hao-hao-tom-chua-cay-77g\/#breadcrumb","itemListElement":[{"@type":"ListItem","position":1,"name":"Home","item":"https:\/\/tolio.co.nz\/"},{"@type":"ListItem","position":2,"name":"C\u1eeda h\u00e0ng","item":"https:\/\/tolio.co.nz\/cua-hang\/"},{"@type":"ListItem","position":3,"name":"Th\u00f9ng 30 g\u00f3i m\u00ec H\u1ea3o H\u1ea3o t\u00f4m chua cay 77g"}]},{"@type":"WebSite","@id":"https:\/\/tolio.co.nz\/#website","url":"https:\/\/tolio.co.nz\/","name":"TOLIO","description":"Vietnamese Grocery Online","potentialAction":[{"@type":"SearchAction","target":{"@type":"EntryPoint","urlTemplate":"https:\/\/tolio.co.nz\/?s={search_term_string}"},"query-input":{"@type":"PropertyValueSpecification","valueRequired":true,"valueName":"search_term_string"}}],"inLanguage":"en-US"}]}},"_links":{"self":[{"href":"https:\/\/tolio.co.nz\/en\/wp-json\/wp\/v2\/product\/9952","targetHints":{"allow":["GET"]}}],"collection":[{"href":"https:\/\/tolio.co.nz\/en\/wp-json\/wp\/v2\/product"}],"about":[{"href":"https:\/\/tolio.co.nz\/en\/wp-json\/wp\/v2\/types\/product"}],"replies":[{"embeddable":true,"href":"https:\/\/tolio.co.nz\/en\/wp-json\/wp\/v2\/comments?post=9952"}],"wp:featuredmedia":[{"embeddable":true,"href":"https:\/\/tolio.co.nz\/en\/wp-json\/wp\/v2\/media\/20226"}],"wp:attachment":[{"href":"https:\/\/tolio.co.nz\/en\/wp-json\/wp\/v2\/media?parent=9952"}],"wp:term":[{"taxonomy":"product_brand","embeddable":true,"href":"https:\/\/tolio.co.nz\/en\/wp-json\/wp\/v2\/product_brand?post=9952"},{"taxonomy":"product_cat","embeddable":true,"href":"https:\/\/tolio.co.nz\/en\/wp-json\/wp\/v2\/product_cat?post=9952"},{"taxonomy":"product_tag","embeddable":true,"href":"https:\/\/tolio.co.nz\/en\/wp-json\/wp\/v2\/product_tag?post=9952"}],"curies":[{"name":"wp","href":"https:\/\/api.w.org\/{rel}","templated":true}]}}