{"id":9972,"date":"2023-06-25T04:21:16","date_gmt":"2023-06-24T15:36:16","guid":{"rendered":"https:\/\/tolio.co.nz\/?post_type=product&#038;p=9972"},"modified":"2026-03-31T21:11:57","modified_gmt":"2026-03-31T09:11:57","slug":"nuoc-xa-vai-comfort-huong-ban-mai-tui-3-8l","status":"publish","type":"product","link":"https:\/\/tolio.co.nz\/en\/product\/the-country-is-far-away-from-the-comfort-of-the-morning-im-3-8-years-old\/","title":{"rendered":"Comfort fabric softener morning scent 3.7L bag"},"content":{"rendered":"<p><strong>Comfort fabric softener morning scent 3.7L bag<\/strong>\u00a0with a pleasant perfume scent, helps soften fabrics effectively, is safe for the skin and a concentrated conditioner formula is much more economical. Comfort fabric softener, 3.8 liter bag of 3.8 liters, long-lasting scent, softens fabrics effectively.<\/p>\n<p><strong>How to Use:<\/strong><\/p>\n<ul>\n<li>Hand wash: after washing, wring the clothes to reduce foam and then use 1\/2 cap of laundry detergent for 15 pieces of clothing, making sure the amount of water is enough to completely cover the clothes. Soak for 10-15 minutes, then squeeze and dry, no need to rinse with water.<\/li>\n<li>Machine wash: pour 1-rinse concentrated Comfort into the fabric softener compartment. Use 1 cap for 1 regular wash. Adjust the amount depending on the quantity and material of the clothes.<\/li>\n<\/ul>\n<p><strong>Preserve:<\/strong><\/p>\n<ul>\n<li>Store in a cool, dry place, away from direct sunlight.<\/li>\n<\/ul>","protected":false},"excerpt":{"rendered":"<ul>\n<li>Brand: Comfort<\/li>\n<li>Brand Country: Viet nam<\/li>\n<li>Packaging: 3.8l bag<\/li>\n<li>Note: Product packaging may change from batch to batch<\/li>\n<\/ul>","protected":false},"featured_media":21782,"comment_status":"open","ping_status":"closed","template":"","meta":[],"product_brand":[],"product_cat":[49,31],"product_tag":[622,621,623],"class_list":{"0":"post-9972","1":"product","2":"type-product","3":"status-publish","4":"has-post-thumbnail","6":"product_cat-san-pham-khac","7":"product_cat-hang-moi-ve","8":"product_tag-comfort","9":"product_tag-nuoc-xa","10":"product_tag-nuoc-xa-ao-quan","11":"pa_thuong-hieu-comfort","13":"first","14":"instock","15":"shipping-taxable","16":"purchasable","17":"product-type-simple"},"yoast_head":"<!-- This site is optimized with the Yoast SEO plugin v24.4 - https:\/\/yoast.com\/wordpress\/plugins\/seo\/ -->\n<title>N\u01b0\u1edbc x\u1ea3 v\u1ea3i Comfort h\u01b0\u01a1ng ban mai t\u00fai 3.7L - TOLIO<\/title>\n<meta name=\"description\" content=\"Th\u01b0\u01a1ng hi\u1ec7u: Comfort  Xu\u1ea5t x\u1ee9 th\u01b0\u01a1ng hi\u1ec7u: Vi\u1ec7t Nam  Quy c\u00e1ch \u0111\u00f3ng g\u00f3i: t\u00fai 3.8l  L\u01b0u \u00fd: Bao b\u00ec s\u1ea3n ph\u1ea9m c\u00f3 th\u1ec3 thay \u0111\u1ed5i theo t\u1eebng \u0111\u1ee3t nh\u1eadp h\u00e0ng\" \/>\n<meta name=\"robots\" content=\"index, follow, max-snippet:-1, max-image-preview:large, max-video-preview:-1\" \/>\n<link rel=\"canonical\" href=\"https:\/\/tolio.co.nz\/en\/product\/the-country-is-far-away-from-the-comfort-of-the-morning-im-3-8-years-old\/\" \/>\n<meta property=\"og:locale\" content=\"en_US\" \/>\n<meta property=\"og:type\" content=\"article\" \/>\n<meta property=\"og:title\" content=\"N\u01b0\u1edbc x\u1ea3 v\u1ea3i Comfort h\u01b0\u01a1ng ban mai t\u00fai 3.7L - TOLIO\" \/>\n<meta property=\"og:description\" content=\"Th\u01b0\u01a1ng hi\u1ec7u: Comfort  Xu\u1ea5t x\u1ee9 th\u01b0\u01a1ng hi\u1ec7u: Vi\u1ec7t Nam  Quy c\u00e1ch \u0111\u00f3ng g\u00f3i: t\u00fai 3.8l  L\u01b0u \u00fd: Bao b\u00ec s\u1ea3n ph\u1ea9m c\u00f3 th\u1ec3 thay \u0111\u1ed5i theo t\u1eebng \u0111\u1ee3t nh\u1eadp h\u00e0ng\" \/>\n<meta property=\"og:url\" content=\"https:\/\/tolio.co.nz\/en\/product\/the-country-is-far-away-from-the-comfort-of-the-morning-im-3-8-years-old\/\" \/>\n<meta property=\"og:site_name\" content=\"TOLIO\" \/>\n<meta property=\"article:modified_time\" content=\"2026-03-31T09:11:57+00:00\" \/>\n<meta property=\"og:image\" content=\"https:\/\/tolio.co.nz\/wp-content\/uploads\/2023\/06\/235.png\" \/>\n\t<meta property=\"og:image:width\" content=\"1000\" \/>\n\t<meta property=\"og:image:height\" content=\"907\" \/>\n\t<meta property=\"og:image:type\" content=\"image\/png\" \/>\n<meta name=\"twitter:card\" content=\"summary_large_image\" \/>\n<meta name=\"twitter:label1\" content=\"Est. reading time\" \/>\n\t<meta name=\"twitter:data1\" content=\"1 minute\" \/>\n<script type=\"application\/ld+json\" class=\"yoast-schema-graph\">{\"@context\":\"https:\/\/schema.org\",\"@graph\":[{\"@type\":\"WebPage\",\"@id\":\"https:\/\/tolio.co.nz\/san-pham\/nuoc-xa-vai-comfort-huong-ban-mai-tui-3-8l\/\",\"url\":\"https:\/\/tolio.co.nz\/san-pham\/nuoc-xa-vai-comfort-huong-ban-mai-tui-3-8l\/\",\"name\":\"N\u01b0\u1edbc x\u1ea3 v\u1ea3i Comfort h\u01b0\u01a1ng ban mai t\u00fai 3.7L - TOLIO\",\"isPartOf\":{\"@id\":\"https:\/\/tolio.co.nz\/#website\"},\"primaryImageOfPage\":{\"@id\":\"https:\/\/tolio.co.nz\/san-pham\/nuoc-xa-vai-comfort-huong-ban-mai-tui-3-8l\/#primaryimage\"},\"image\":{\"@id\":\"https:\/\/tolio.co.nz\/san-pham\/nuoc-xa-vai-comfort-huong-ban-mai-tui-3-8l\/#primaryimage\"},\"thumbnailUrl\":\"https:\/\/tolio.co.nz\/wp-content\/uploads\/2023\/06\/235.png\",\"datePublished\":\"2023-06-24T15:36:16+00:00\",\"dateModified\":\"2026-03-31T09:11:57+00:00\",\"description\":\"Th\u01b0\u01a1ng hi\u1ec7u: Comfort Xu\u1ea5t x\u1ee9 th\u01b0\u01a1ng hi\u1ec7u: Vi\u1ec7t Nam Quy c\u00e1ch \u0111\u00f3ng g\u00f3i: t\u00fai 3.8l L\u01b0u \u00fd: Bao b\u00ec s\u1ea3n ph\u1ea9m c\u00f3 th\u1ec3 thay \u0111\u1ed5i theo t\u1eebng \u0111\u1ee3t nh\u1eadp h\u00e0ng\",\"breadcrumb\":{\"@id\":\"https:\/\/tolio.co.nz\/san-pham\/nuoc-xa-vai-comfort-huong-ban-mai-tui-3-8l\/#breadcrumb\"},\"inLanguage\":\"en-US\",\"potentialAction\":[{\"@type\":\"ReadAction\",\"target\":[\"https:\/\/tolio.co.nz\/san-pham\/nuoc-xa-vai-comfort-huong-ban-mai-tui-3-8l\/\"]}]},{\"@type\":\"ImageObject\",\"inLanguage\":\"en-US\",\"@id\":\"https:\/\/tolio.co.nz\/san-pham\/nuoc-xa-vai-comfort-huong-ban-mai-tui-3-8l\/#primaryimage\",\"url\":\"https:\/\/tolio.co.nz\/wp-content\/uploads\/2023\/06\/235.png\",\"contentUrl\":\"https:\/\/tolio.co.nz\/wp-content\/uploads\/2023\/06\/235.png\",\"width\":1000,\"height\":907},{\"@type\":\"BreadcrumbList\",\"@id\":\"https:\/\/tolio.co.nz\/san-pham\/nuoc-xa-vai-comfort-huong-ban-mai-tui-3-8l\/#breadcrumb\",\"itemListElement\":[{\"@type\":\"ListItem\",\"position\":1,\"name\":\"Home\",\"item\":\"https:\/\/tolio.co.nz\/\"},{\"@type\":\"ListItem\",\"position\":2,\"name\":\"C\u1eeda h\u00e0ng\",\"item\":\"https:\/\/tolio.co.nz\/cua-hang\/\"},{\"@type\":\"ListItem\",\"position\":3,\"name\":\"N\u01b0\u1edbc x\u1ea3 v\u1ea3i Comfort h\u01b0\u01a1ng ban mai t\u00fai 3.7L\"}]},{\"@type\":\"WebSite\",\"@id\":\"https:\/\/tolio.co.nz\/#website\",\"url\":\"https:\/\/tolio.co.nz\/\",\"name\":\"TOLIO\",\"description\":\"Vietnamese Grocery Online\",\"potentialAction\":[{\"@type\":\"SearchAction\",\"target\":{\"@type\":\"EntryPoint\",\"urlTemplate\":\"https:\/\/tolio.co.nz\/?s={search_term_string}\"},\"query-input\":{\"@type\":\"PropertyValueSpecification\",\"valueRequired\":true,\"valueName\":\"search_term_string\"}}],\"inLanguage\":\"en-US\"}]}<\/script>\n<!-- \/ Yoast SEO plugin. -->","yoast_head_json":{"title":"N\u01b0\u1edbc x\u1ea3 v\u1ea3i Comfort h\u01b0\u01a1ng ban mai t\u00fai 3.7L - TOLIO","description":"Th\u01b0\u01a1ng hi\u1ec7u: Comfort  Xu\u1ea5t x\u1ee9 th\u01b0\u01a1ng hi\u1ec7u: Vi\u1ec7t Nam  Quy c\u00e1ch \u0111\u00f3ng g\u00f3i: t\u00fai 3.8l  L\u01b0u \u00fd: Bao b\u00ec s\u1ea3n ph\u1ea9m c\u00f3 th\u1ec3 thay \u0111\u1ed5i theo t\u1eebng \u0111\u1ee3t nh\u1eadp h\u00e0ng","robots":{"index":"index","follow":"follow","max-snippet":"max-snippet:-1","max-image-preview":"max-image-preview:large","max-video-preview":"max-video-preview:-1"},"canonical":"https:\/\/tolio.co.nz\/en\/product\/the-country-is-far-away-from-the-comfort-of-the-morning-im-3-8-years-old\/","og_locale":"en_US","og_type":"article","og_title":"N\u01b0\u1edbc x\u1ea3 v\u1ea3i Comfort h\u01b0\u01a1ng ban mai t\u00fai 3.7L - TOLIO","og_description":"Th\u01b0\u01a1ng hi\u1ec7u: Comfort  Xu\u1ea5t x\u1ee9 th\u01b0\u01a1ng hi\u1ec7u: Vi\u1ec7t Nam  Quy c\u00e1ch \u0111\u00f3ng g\u00f3i: t\u00fai 3.8l  L\u01b0u \u00fd: Bao b\u00ec s\u1ea3n ph\u1ea9m c\u00f3 th\u1ec3 thay \u0111\u1ed5i theo t\u1eebng \u0111\u1ee3t nh\u1eadp h\u00e0ng","og_url":"https:\/\/tolio.co.nz\/en\/product\/the-country-is-far-away-from-the-comfort-of-the-morning-im-3-8-years-old\/","og_site_name":"TOLIO","article_modified_time":"2026-03-31T09:11:57+00:00","og_image":[{"width":1000,"height":907,"url":"https:\/\/tolio.co.nz\/wp-content\/uploads\/2023\/06\/235.png","type":"image\/png"}],"twitter_card":"summary_large_image","twitter_misc":{"Est. reading time":"1 minute"},"schema":{"@context":"https:\/\/schema.org","@graph":[{"@type":"WebPage","@id":"https:\/\/tolio.co.nz\/san-pham\/nuoc-xa-vai-comfort-huong-ban-mai-tui-3-8l\/","url":"https:\/\/tolio.co.nz\/san-pham\/nuoc-xa-vai-comfort-huong-ban-mai-tui-3-8l\/","name":"N\u01b0\u1edbc x\u1ea3 v\u1ea3i Comfort h\u01b0\u01a1ng ban mai t\u00fai 3.7L - TOLIO","isPartOf":{"@id":"https:\/\/tolio.co.nz\/#website"},"primaryImageOfPage":{"@id":"https:\/\/tolio.co.nz\/san-pham\/nuoc-xa-vai-comfort-huong-ban-mai-tui-3-8l\/#primaryimage"},"image":{"@id":"https:\/\/tolio.co.nz\/san-pham\/nuoc-xa-vai-comfort-huong-ban-mai-tui-3-8l\/#primaryimage"},"thumbnailUrl":"https:\/\/tolio.co.nz\/wp-content\/uploads\/2023\/06\/235.png","datePublished":"2023-06-24T15:36:16+00:00","dateModified":"2026-03-31T09:11:57+00:00","description":"Th\u01b0\u01a1ng hi\u1ec7u: Comfort Xu\u1ea5t x\u1ee9 th\u01b0\u01a1ng hi\u1ec7u: Vi\u1ec7t Nam Quy c\u00e1ch \u0111\u00f3ng g\u00f3i: t\u00fai 3.8l L\u01b0u \u00fd: Bao b\u00ec s\u1ea3n ph\u1ea9m c\u00f3 th\u1ec3 thay \u0111\u1ed5i theo t\u1eebng \u0111\u1ee3t nh\u1eadp h\u00e0ng","breadcrumb":{"@id":"https:\/\/tolio.co.nz\/san-pham\/nuoc-xa-vai-comfort-huong-ban-mai-tui-3-8l\/#breadcrumb"},"inLanguage":"en-US","potentialAction":[{"@type":"ReadAction","target":["https:\/\/tolio.co.nz\/san-pham\/nuoc-xa-vai-comfort-huong-ban-mai-tui-3-8l\/"]}]},{"@type":"ImageObject","inLanguage":"en-US","@id":"https:\/\/tolio.co.nz\/san-pham\/nuoc-xa-vai-comfort-huong-ban-mai-tui-3-8l\/#primaryimage","url":"https:\/\/tolio.co.nz\/wp-content\/uploads\/2023\/06\/235.png","contentUrl":"https:\/\/tolio.co.nz\/wp-content\/uploads\/2023\/06\/235.png","width":1000,"height":907},{"@type":"BreadcrumbList","@id":"https:\/\/tolio.co.nz\/san-pham\/nuoc-xa-vai-comfort-huong-ban-mai-tui-3-8l\/#breadcrumb","itemListElement":[{"@type":"ListItem","position":1,"name":"Home","item":"https:\/\/tolio.co.nz\/"},{"@type":"ListItem","position":2,"name":"C\u1eeda h\u00e0ng","item":"https:\/\/tolio.co.nz\/cua-hang\/"},{"@type":"ListItem","position":3,"name":"N\u01b0\u1edbc x\u1ea3 v\u1ea3i Comfort h\u01b0\u01a1ng ban mai t\u00fai 3.7L"}]},{"@type":"WebSite","@id":"https:\/\/tolio.co.nz\/#website","url":"https:\/\/tolio.co.nz\/","name":"TOLIO","description":"Vietnamese Grocery Online","potentialAction":[{"@type":"SearchAction","target":{"@type":"EntryPoint","urlTemplate":"https:\/\/tolio.co.nz\/?s={search_term_string}"},"query-input":{"@type":"PropertyValueSpecification","valueRequired":true,"valueName":"search_term_string"}}],"inLanguage":"en-US"}]}},"_links":{"self":[{"href":"https:\/\/tolio.co.nz\/en\/wp-json\/wp\/v2\/product\/9972","targetHints":{"allow":["GET"]}}],"collection":[{"href":"https:\/\/tolio.co.nz\/en\/wp-json\/wp\/v2\/product"}],"about":[{"href":"https:\/\/tolio.co.nz\/en\/wp-json\/wp\/v2\/types\/product"}],"replies":[{"embeddable":true,"href":"https:\/\/tolio.co.nz\/en\/wp-json\/wp\/v2\/comments?post=9972"}],"wp:featuredmedia":[{"embeddable":true,"href":"https:\/\/tolio.co.nz\/en\/wp-json\/wp\/v2\/media\/21782"}],"wp:attachment":[{"href":"https:\/\/tolio.co.nz\/en\/wp-json\/wp\/v2\/media?parent=9972"}],"wp:term":[{"taxonomy":"product_brand","embeddable":true,"href":"https:\/\/tolio.co.nz\/en\/wp-json\/wp\/v2\/product_brand?post=9972"},{"taxonomy":"product_cat","embeddable":true,"href":"https:\/\/tolio.co.nz\/en\/wp-json\/wp\/v2\/product_cat?post=9972"},{"taxonomy":"product_tag","embeddable":true,"href":"https:\/\/tolio.co.nz\/en\/wp-json\/wp\/v2\/product_tag?post=9972"}],"curies":[{"name":"wp","href":"https:\/\/api.w.org\/{rel}","templated":true}]}}